{"id":3979,"date":"2024-12-07T10:06:20","date_gmt":"2024-12-07T10:06:20","guid":{"rendered":"https:\/\/lomoro.nl\/?post_type=product&#038;p=3979"},"modified":"2025-01-06T07:53:43","modified_gmt":"2025-01-06T07:53:43","slug":"3-delig-pak-4","status":"publish","type":"product","link":"https:\/\/www.lomoro.nl\/fr\/products\/3-delig-pak-4\/","title":{"rendered":"Costume 3 pi\u00e8ces noir pour homme"},"content":{"rendered":"<section id=\"shopify-section-template--23762923880771__rich_text_kx9yLB\" class=\"shopify-section section\">\n<div class=\"isolate\">\n<div class=\"rich-text content-container color-scheme-1 gradient rich-text--full-width content-container--full-width section-template--23762923880771__rich_text_kx9yLB-padding\">\n<div class=\"rich-text__wrapper rich-text__wrapper--left page-width\">\n<div class=\"rich-text__blocks left\">\n<div class=\"rich-text__text rte scroll-trigger animate--slide-in\" data-cascade=\"\">\n<p>\u00c9levez votre garde-robe avec le costume 3 pi\u00e8ces noir pour homme, un costume indispensable pour toute occasion formelle. Cet ensemble trois pi\u00e8ces se compose d&rsquo;une veste, d&rsquo;un gilet et d&rsquo;un pantalon, tous con\u00e7us pour offrir un look soign\u00e9 et bien ajust\u00e9. Le costume noir offre un look \u00e9pur\u00e9 et intemporel, parfait pour les mariages, les galas ou les r\u00e9unions d&rsquo;affaires. Fabriqu\u00e9 avec une attention aux d\u00e9tails, ce costume offre \u00e0 la fois confort et style, afin que vous puissiez vous d\u00e9marquer en toute confiance. Fabriqu\u00e9 sur mesure, il allie style classique et sensibilit\u00e9s modernes.<\/p>\n<p>Le costume noir 3 pi\u00e8ces Lomoro pour homme est un ensemble raffin\u00e9, compos\u00e9 d&rsquo;une veste tailleur, d&rsquo;un gilet assorti et d&rsquo;un pantalon classique. Ce costume est con\u00e7u pour offrir \u00e0 la fois style et confort, id\u00e9al pour les occasions formelles telles que les mariages, les r\u00e9unions d&rsquo;affaires ou les \u00e9v\u00e9nements sp\u00e9ciaux. Fabriqu\u00e9 \u00e0 partir de mat\u00e9riaux de haute qualit\u00e9, il assure un ajustement confortable et une apparence \u00e9l\u00e9gante.<\/p>\n<table style=\"height: 376px;\" width=\"603\">\n<tbody>\n<tr>\n<td><b>Caract\u00e9ristique<\/b><\/td>\n<td><b>D\u00e9tails<\/b><\/td>\n<\/tr>\n<tr>\n<td><b>Mat\u00e9riau<\/b><\/td>\n<td><span style=\"font-weight: 400;\">M\u00e9lange de laine de haute qualit\u00e9<\/span><\/td>\n<\/tr>\n<tr>\n<td><b>Couleur<\/b><\/td>\n<td><span style=\"font-weight: 400;\">Noir classique<\/span><\/td>\n<\/tr>\n<tr>\n<td><b>Tailles disponibles<\/b><\/td>\n<td><span style=\"font-weight: 400;\">Petites tailles 46-62 \/ Grandes tailles 58-72<\/span><\/td>\n<\/tr>\n<tr>\n<td><b>Coupe<\/b><\/td>\n<td><span style=\"font-weight: 400;\">Coupe ajust\u00e9e pour une silhouette affin\u00e9e<\/span><\/td>\n<\/tr>\n<tr>\n<td><b>Style<\/b><\/td>\n<td><span style=\"font-weight: 400;\">Classique avec des accents modernes<\/span><\/td>\n<\/tr>\n<tr>\n<td><b>Instructions de lavage<\/b><\/td>\n<td><span style=\"font-weight: 400;\">Nettoyage \u00e0 sec uniquement<\/span><\/td>\n<\/tr>\n<\/tbody>\n<\/table>\n<\/div>\n<\/div>\n<\/div>\n<\/div>\n<\/div>\n<\/section>\n","protected":false},"excerpt":{"rendered":"<div class=\"product__tax caption rte\">\n<p>Le costume 3 pi\u00e8ces noir pour homme de Lomoro est le choix parfait pour l&rsquo;homme moderne qui appr\u00e9cie \u00e0 la fois le style et le confort. Ce costume classique est id\u00e9al pour les mariages, les r\u00e9unions d&rsquo;affaires et autres \u00e9v\u00e9nements formels. Le mod\u00e8le noir respire la sophistication, tandis que le mod\u00e8le trois pi\u00e8ces \u2013 compos\u00e9 d&rsquo;un blazer, d&rsquo;un gilet et d&rsquo;un pantalon \u2013 offre un look intemporel et \u00e9l\u00e9gant. Le costume est fait sur mesure pour un ajustement parfait et offre \u00e0 la fois style et confort.<\/p>\n<p>\u2702\ufe0f Ajustement parfait, fait sp\u00e9cialement pour vous.<br \/>\n\ud83d\udc54 Des conseils personnalis\u00e9s pour votre look unique.<br \/>\n\ud83e\uddf5 Des mat\u00e9riaux de haute qualit\u00e9 pour un confort ultime.<br \/>\n\ud83c\udfa8 \u00c9l\u00e9gant pour chaque occasion.<br \/>\n\ud83c\udf81 Profitez d&rsquo;un cadeau gratuit \u00e0 chaque visite en magasin !<\/p>\n<\/div>\n","protected":false},"featured_media":1731,"template":"","meta":{"_acf_changed":false},"product_brand":[],"product_cat":[113],"product_tag":[],"class_list":{"0":"post-3979","1":"product","2":"type-product","3":"status-publish","4":"has-post-thumbnail","6":"product_cat-3-delig-kostuums","8":"first","9":"instock","10":"sale","11":"shipping-taxable","12":"purchasable","13":"product-type-simple"},"acf":[],"_links":{"self":[{"href":"https:\/\/www.lomoro.nl\/fr\/wp-json\/wp\/v2\/product\/3979","targetHints":{"allow":["GET"]}}],"collection":[{"href":"https:\/\/www.lomoro.nl\/fr\/wp-json\/wp\/v2\/product"}],"about":[{"href":"https:\/\/www.lomoro.nl\/fr\/wp-json\/wp\/v2\/types\/product"}],"wp:featuredmedia":[{"embeddable":true,"href":"https:\/\/www.lomoro.nl\/fr\/wp-json\/wp\/v2\/media\/1731"}],"wp:attachment":[{"href":"https:\/\/www.lomoro.nl\/fr\/wp-json\/wp\/v2\/media?parent=3979"}],"wp:term":[{"taxonomy":"product_brand","embeddable":true,"href":"https:\/\/www.lomoro.nl\/fr\/wp-json\/wp\/v2\/product_brand?post=3979"},{"taxonomy":"product_cat","embeddable":true,"href":"https:\/\/www.lomoro.nl\/fr\/wp-json\/wp\/v2\/product_cat?post=3979"},{"taxonomy":"product_tag","embeddable":true,"href":"https:\/\/www.lomoro.nl\/fr\/wp-json\/wp\/v2\/product_tag?post=3979"}],"curies":[{"name":"wp","href":"https:\/\/api.w.org\/{rel}","templated":true}]}}