{"id":3989,"date":"2024-12-17T08:07:11","date_gmt":"2024-12-17T08:07:11","guid":{"rendered":"https:\/\/lomoro.nl\/?post_type=product&#038;p=3989"},"modified":"2025-01-14T10:02:21","modified_gmt":"2025-01-14T10:02:21","slug":"shirt-2","status":"publish","type":"product","link":"https:\/\/www.lomoro.nl\/fr\/products\/shirt-2\/","title":{"rendered":"Chemise bleue"},"content":{"rendered":"<p>La chemise bleue est une pi\u00e8ce essentielle de toute garde-robe. La chemise respire la sophistication et le professionnalisme gr\u00e2ce \u00e0 sa couleur bleu profond et son design m\u00e9ticuleusement fini. Le tissu respirant et doux le rend adapt\u00e9 \u00e0 une utilisation \u00e0 long terme, sans compromettre le confort ou le style.<\/p>\n<p>Parfaite \u00e0 associer avec un costume pour un look formel ou avec un jean pour un look d\u00e9contract\u00e9, cette chemise polyvalente offre des options de style infinies et constitue un excellent choix pour le travail, les occasions sp\u00e9ciales ou une tenue \u00e9l\u00e9gante au quotidien.<\/p>\n<table>\n<tbody>\n<tr>\n<td><b>Fonctionnalit\u00e9<\/b><\/td>\n<td><b>D\u00e9tails<\/b><\/td>\n<\/tr>\n<tr>\n<td><span style=\"font-weight: 400;\">Mat\u00e9riau<\/span><\/td>\n<td><span style=\"font-weight: 400;\">M\u00e9lange de coton de luxe<\/span><\/td>\n<\/tr>\n<tr>\n<td><span style=\"font-weight: 400;\">Couleur<\/span><\/td>\n<td><span style=\"font-weight: 400;\">Bleu<\/span><\/td>\n<\/tr>\n<tr>\n<td><span style=\"font-weight: 400;\">Tailles disponibles<\/span><\/td>\n<td><span style=\"font-weight: 400;\">S \u00e0 XXL<\/span><\/td>\n<\/tr>\n<tr>\n<td><span style=\"font-weight: 400;\">Ajustement<\/span><\/td>\n<td><span style=\"font-weight: 400;\">Coupe ajust\u00e9e<\/span><\/td>\n<\/tr>\n<tr>\n<td><span style=\"font-weight: 400;\">Instructions de lavage<\/span><\/td>\n<td><span style=\"font-weight: 400;\">Lavage en machine \u00e0 30 degr\u00e9s<\/span><\/td>\n<\/tr>\n<\/tbody>\n<\/table>\n","protected":false},"excerpt":{"rendered":"<div class=\"product__tax caption rte\">\n<p>La chemise bleue allie \u00e9l\u00e9gance classique et polyvalence moderne. Le teint est bleu profond et la coupe de cheveux fine fait de cette chemise un choix pour les formelles et d\u00e9contract\u00e9es occasionnelles. La production de haute qualit\u00e9, le confort et le style, et la partie du bureau pendant la journ\u00e9e de d\u00e9tente. Ajoutez une touche de sophistication \u00e0 votre garde-robe avec une pi\u00e8ce contemporaine.<\/p>\n<p>Ajustement parfait, fait sp\u00e9cialement pour vous.<\/p>\n<p>Les consid\u00e9rations personnelles pour un look unique.<\/p>\n<p>Les mat\u00e9riaux de haute qualit\u00e9 pour un confort ultime.<\/p>\n<p>\u00c9l\u00e9gant pour une charmante occasion.<\/p>\n<p>Profitez de votre cadeau gratuit pour votre visite et votre magazine !<\/p>\n<\/div>\n","protected":false},"featured_media":15538,"template":"","meta":{"_acf_changed":false},"product_brand":[],"product_cat":[140],"product_tag":[],"class_list":{"0":"post-3989","1":"product","2":"type-product","3":"status-publish","4":"has-post-thumbnail","6":"product_cat-overhemden-collectie","8":"first","9":"instock","10":"sale","11":"shipping-taxable","12":"purchasable","13":"product-type-simple"},"acf":[],"_links":{"self":[{"href":"https:\/\/www.lomoro.nl\/fr\/wp-json\/wp\/v2\/product\/3989","targetHints":{"allow":["GET"]}}],"collection":[{"href":"https:\/\/www.lomoro.nl\/fr\/wp-json\/wp\/v2\/product"}],"about":[{"href":"https:\/\/www.lomoro.nl\/fr\/wp-json\/wp\/v2\/types\/product"}],"wp:featuredmedia":[{"embeddable":true,"href":"https:\/\/www.lomoro.nl\/fr\/wp-json\/wp\/v2\/media\/15538"}],"wp:attachment":[{"href":"https:\/\/www.lomoro.nl\/fr\/wp-json\/wp\/v2\/media?parent=3989"}],"wp:term":[{"taxonomy":"product_brand","embeddable":true,"href":"https:\/\/www.lomoro.nl\/fr\/wp-json\/wp\/v2\/product_brand?post=3989"},{"taxonomy":"product_cat","embeddable":true,"href":"https:\/\/www.lomoro.nl\/fr\/wp-json\/wp\/v2\/product_cat?post=3989"},{"taxonomy":"product_tag","embeddable":true,"href":"https:\/\/www.lomoro.nl\/fr\/wp-json\/wp\/v2\/product_tag?post=3989"}],"curies":[{"name":"wp","href":"https:\/\/api.w.org\/{rel}","templated":true}]}}