{"id":3992,"date":"2024-12-11T12:19:53","date_gmt":"2024-12-11T12:19:53","guid":{"rendered":"https:\/\/lomoro.nl\/?post_type=product&#038;p=3992"},"modified":"2025-01-04T11:28:05","modified_gmt":"2025-01-04T11:28:05","slug":"smoking-77","status":"publish","type":"product","link":"https:\/\/www.lomoro.nl\/fr\/products\/smoking-77\/","title":{"rendered":"Costume smoking noir pour homme"},"content":{"rendered":"<p><span style=\"vertical-align: inherit;\"><span style=\"vertical-align: inherit;\">Le smoking noir pours homme with an elegance incomparable, perfect for the occasional formals and prestiges. The tuxedo costume is equipped with a blazer with a simple boutonnage, dotted lapels and satin for a classy and luxurious look. The slim assorted trousers ensure a refined cut, with the added color of your contemporary costume and the easy-to-use combination with various accessories and shirts. The costume smoking d\u00e9gage un sentiment de sophistication qui corresponde parfaitement \u00e0 l&rsquo;exclusivit\u00e9 d&rsquo;\u00e9v\u00e9nements que les mariages et les galas.<\/span><\/span><\/p>\n<p><span style=\"vertical-align: inherit;\"><span style=\"vertical-align: inherit;\">The suit of the tuxedo is made according to the mixture of the high quality and the quality of the garment, which ensures that it is always suitable for use during the day, including the use of the occasions and formals. The materials used are chosen according to the elegant font of the costume and the choice of fashion, but the investment is also comfortable, durable and elegant in time. For assistance with the wedding, the gala and the formal event, the costume for the smoking provides a certain strong impression.<\/span><\/span><\/p>\n<table>\n<tbody>\n<tr>\n<td><b><span style=\"vertical-align: inherit;\"><span style=\"vertical-align: inherit;\">Characteristic<\/span><\/span><\/b><\/td>\n<td><b><span style=\"vertical-align: inherit;\"><span style=\"vertical-align: inherit;\">Details<\/span><\/span><\/b><\/td>\n<\/tr>\n<tr>\n<td><b><span style=\"vertical-align: inherit;\"><span style=\"vertical-align: inherit;\">Material<\/span><\/span><\/b><\/td>\n<td><span style=\"font-weight: 400;\"><span style=\"vertical-align: inherit;\"><span style=\"vertical-align: inherit;\">Premium Linen Blend<\/span><\/span><\/span><\/td>\n<\/tr>\n<tr>\n<td><b><span style=\"vertical-align: inherit;\"><span style=\"vertical-align: inherit;\">Color<\/span><\/span><\/b><\/td>\n<td><span style=\"font-weight: 400;\"><span style=\"vertical-align: inherit;\"><span style=\"vertical-align: inherit;\">Black pointed<\/span><\/span><\/span><\/td>\n<\/tr>\n<tr>\n<td><b><span style=\"vertical-align: inherit;\"><span style=\"vertical-align: inherit;\">Available sizes<\/span><\/span><\/b><\/td>\n<td><span style=\"font-weight: 400;\"><span style=\"vertical-align: inherit;\"><span style=\"vertical-align: inherit;\">Petites waists 46-62 \/ Grandes waists 58-72<\/span><\/span><\/span><\/td>\n<\/tr>\n<tr>\n<td><b><span style=\"vertical-align: inherit;\"><span style=\"vertical-align: inherit;\">Coupe<\/span><\/span><\/b><\/td>\n<td><span style=\"font-weight: 400;\"><span style=\"vertical-align: inherit;\"><span style=\"vertical-align: inherit;\">Slim cut for a modern look<\/span><\/span><\/span><\/td>\n<\/tr>\n<tr>\n<td><b><span style=\"vertical-align: inherit;\"><span style=\"vertical-align: inherit;\">Instructions for washing<\/span><\/span><\/b><\/td>\n<td><span style=\"font-weight: 400;\"><span style=\"vertical-align: inherit;\"><span style=\"vertical-align: inherit;\">Nettoyage \u00e0 sec professionnel uniquement<\/span><\/span><\/span><\/td>\n<\/tr>\n<\/tbody>\n<\/table>\n","protected":false},"excerpt":{"rendered":"<p><span style=\"vertical-align: inherit;\"><span style=\"vertical-align: inherit;\">The smoking noir for men is the choice for the event formalities of the style and elegance of its essence. The classy design and the luxurious finish of a contemporary look, ideal for weddings, galas and special occasions. With an elegant black color and a finishing touch, the smoking is not a long-term choice, but also extremely comfortable for long-term portability. The combination of luxury, comfort and sophistication.<\/span><\/span><\/p>\n<p><span style=\"vertical-align: inherit;\"><span style=\"vertical-align: inherit;\">\u2702\ufe0f Ajustement parfait, fait sp\u00e9cialement pour vous.<\/span><\/span><\/p>\n<p><span style=\"vertical-align: inherit;\"><span style=\"vertical-align: inherit;\">\ud83d\udc54 The personal considerations for a unique look.<\/span><\/span><\/p>\n<p><span style=\"vertical-align: inherit;\"><span style=\"vertical-align: inherit;\">\ud83e\uddf5 The high quality materials for ultimate comfort.<\/span><\/span><\/p>\n<p><span style=\"vertical-align: inherit;\"><span style=\"vertical-align: inherit;\">\ud83c\udfa8 Elegant for a charming occasion.<\/span><\/span><\/p>\n<p>\ud83c\udf81<span style=\"vertical-align: inherit;\"><span style=\"vertical-align: inherit;\">Take advantage of your free gift for your visit and magazine!<\/span><\/span><\/p>\n","protected":false},"featured_media":6476,"template":"","meta":{"_acf_changed":false},"product_brand":[],"product_cat":[148],"product_tag":[],"class_list":{"0":"post-3992","1":"product","2":"type-product","3":"status-publish","4":"has-post-thumbnail","6":"product_cat-smoking-kostuums","8":"first","9":"instock","10":"sale","11":"shipping-taxable","12":"purchasable","13":"product-type-simple"},"acf":[],"_links":{"self":[{"href":"https:\/\/www.lomoro.nl\/fr\/wp-json\/wp\/v2\/product\/3992","targetHints":{"allow":["GET"]}}],"collection":[{"href":"https:\/\/www.lomoro.nl\/fr\/wp-json\/wp\/v2\/product"}],"about":[{"href":"https:\/\/www.lomoro.nl\/fr\/wp-json\/wp\/v2\/types\/product"}],"wp:featuredmedia":[{"embeddable":true,"href":"https:\/\/www.lomoro.nl\/fr\/wp-json\/wp\/v2\/media\/6476"}],"wp:attachment":[{"href":"https:\/\/www.lomoro.nl\/fr\/wp-json\/wp\/v2\/media?parent=3992"}],"wp:term":[{"taxonomy":"product_brand","embeddable":true,"href":"https:\/\/www.lomoro.nl\/fr\/wp-json\/wp\/v2\/product_brand?post=3992"},{"taxonomy":"product_cat","embeddable":true,"href":"https:\/\/www.lomoro.nl\/fr\/wp-json\/wp\/v2\/product_cat?post=3992"},{"taxonomy":"product_tag","embeddable":true,"href":"https:\/\/www.lomoro.nl\/fr\/wp-json\/wp\/v2\/product_tag?post=3992"}],"curies":[{"name":"wp","href":"https:\/\/api.w.org\/{rel}","templated":true}]}}