{"id":3993,"date":"2024-12-09T12:03:38","date_gmt":"2024-12-09T12:03:38","guid":{"rendered":"https:\/\/lomoro.nl\/?post_type=product&#038;p=3993"},"modified":"2025-02-05T08:26:22","modified_gmt":"2025-02-05T08:26:22","slug":"3-delig-pak-18","status":"publish","type":"product","link":"https:\/\/www.lomoro.nl\/fr\/products\/3-delig-pak-18\/","title":{"rendered":"Costume 3 pi\u00e8ces gris moyen"},"content":{"rendered":"<p>Pr\u00e9sentation de notre costume trois pi\u00e8ces haut de gamme, qui incarne la sophistication et le style. Fabriqu\u00e9 avec pr\u00e9cision et un souci du d\u00e9tail, cet ensemble respire l&rsquo;\u00e9l\u00e9gance et la classe pour toute occasion. Le costume est fait sur mesure et se compose d\u2019une veste \u00e9l\u00e9gante, d\u2019un gilet assorti et d\u2019un pantalon classique, chacun con\u00e7u pour se compl\u00e9ter parfaitement. Le design intemporel transcende les tendances et en fait un ajout polyvalent \u00e0 toute garde-robe.<\/p>\n<p>Fabriqu\u00e9e \u00e0 partir de mat\u00e9riaux de haute qualit\u00e9, notre combinaison promet \u00e0 la fois confort et durabilit\u00e9, afin que vous vous sentiez mieux du matin au soir. Rehaussez votre look avec confiance et gr\u00e2ce avec notre costume trois pi\u00e8ces impeccable, un essentiel intemporel pour le gentleman moderne.<\/p>\n<p>Cet \u00e9l\u00e9gant ensemble trois pi\u00e8ces se compose d&rsquo;une veste droite, d&rsquo;un gilet slim et d&rsquo;un pantalon assorti. La couleur gris moyen neutre le rend facile \u00e0 combiner avec divers accessoires et chemises, ce qui en fait un ajout polyvalent \u00e0 toute garde-robe. La combinaison est compos\u00e9e d&rsquo;un m\u00e9lange de tissus de haute qualit\u00e9 et offre un ajustement confortable, m\u00eame pendant les longues journ\u00e9es.<\/p>\n<table style=\"height: 354px;\" width=\"564\">\n<tbody>\n<tr>\n<td><b>Caract\u00e9ristique<\/b><\/td>\n<td><b>D\u00e9tails<\/b><\/td>\n<\/tr>\n<tr>\n<td><b>Mat\u00e9riau<\/b><\/td>\n<td><span style=\"font-weight: 400;\">M\u00e9lange de laine luxueux<\/span><\/td>\n<\/tr>\n<tr>\n<td><b>Couleur<\/b><\/td>\n<td><span style=\"font-weight: 400;\">Gris moyen<\/span><\/td>\n<\/tr>\n<tr>\n<td><b>Tailles disponibles<\/b><\/td>\n<td><span style=\"font-weight: 400;\">Petites tailles 46-62 \/ Grandes tailles 58-72<\/span><\/td>\n<\/tr>\n<tr>\n<td><b>Coupe<\/b><\/td>\n<td><span style=\"font-weight: 400;\">Coupe ajust\u00e9e pour un look \u00e9pur\u00e9<\/span><\/td>\n<\/tr>\n<tr>\n<td><b>Instructions de lavage<\/b><\/td>\n<td><span style=\"font-weight: 400;\">Nettoyage chimique professionnel<\/span><\/td>\n<\/tr>\n<\/tbody>\n<\/table>\n<p>&nbsp;<\/p>\n","protected":false},"excerpt":{"rendered":"<p>Le costume 3 pi\u00e8ces Gris Moyen allie \u00e9l\u00e9gance classique et style moderne. Avec sa teinte gris moyen polyvalente et sa coupe raffin\u00e9e, ce costume est id\u00e9al pour les occasions formelles et semi-formelles, telles que les mariages, les r\u00e9unions d&rsquo;affaires et autres \u00e9v\u00e9nements sp\u00e9ciaux. C&rsquo;est le choix parfait pour les hommes qui appr\u00e9cient le confort et un look intemporel.<\/p>\n<p>\u2702\ufe0f Ajustement parfait, fait sp\u00e9cialement pour vous.<br \/>\n\ud83d\udc54 Des conseils personnalis\u00e9s pour votre look unique.<br \/>\n\ud83e\uddf5 Des mat\u00e9riaux de haute qualit\u00e9 pour un confort ultime.<br \/>\n\ud83c\udfa8 \u00c9l\u00e9gant pour chaque occasion.<br \/>\n\ud83c\udf81 Profitez d&rsquo;un cadeau gratuit \u00e0 chaque visite en magasin !<\/p>\n","protected":false},"featured_media":1797,"template":"","meta":{"_acf_changed":false},"product_brand":[],"product_cat":[113],"product_tag":[],"class_list":{"0":"post-3993","1":"product","2":"type-product","3":"status-publish","4":"has-post-thumbnail","6":"product_cat-3-delig-kostuums","8":"first","9":"instock","10":"sale","11":"featured","12":"shipping-taxable","13":"purchasable","14":"product-type-simple"},"acf":[],"_links":{"self":[{"href":"https:\/\/www.lomoro.nl\/fr\/wp-json\/wp\/v2\/product\/3993","targetHints":{"allow":["GET"]}}],"collection":[{"href":"https:\/\/www.lomoro.nl\/fr\/wp-json\/wp\/v2\/product"}],"about":[{"href":"https:\/\/www.lomoro.nl\/fr\/wp-json\/wp\/v2\/types\/product"}],"wp:featuredmedia":[{"embeddable":true,"href":"https:\/\/www.lomoro.nl\/fr\/wp-json\/wp\/v2\/media\/1797"}],"wp:attachment":[{"href":"https:\/\/www.lomoro.nl\/fr\/wp-json\/wp\/v2\/media?parent=3993"}],"wp:term":[{"taxonomy":"product_brand","embeddable":true,"href":"https:\/\/www.lomoro.nl\/fr\/wp-json\/wp\/v2\/product_brand?post=3993"},{"taxonomy":"product_cat","embeddable":true,"href":"https:\/\/www.lomoro.nl\/fr\/wp-json\/wp\/v2\/product_cat?post=3993"},{"taxonomy":"product_tag","embeddable":true,"href":"https:\/\/www.lomoro.nl\/fr\/wp-json\/wp\/v2\/product_tag?post=3993"}],"curies":[{"name":"wp","href":"https:\/\/api.w.org\/{rel}","templated":true}]}}