{"id":4000,"date":"2024-12-11T11:57:51","date_gmt":"2024-12-11T11:57:51","guid":{"rendered":"https:\/\/lomoro.nl\/?post_type=product&#038;p=4000"},"modified":"2025-01-04T11:54:52","modified_gmt":"2025-01-04T11:54:52","slug":"smoking-0","status":"publish","type":"product","link":"https:\/\/www.lomoro.nl\/fr\/products\/smoking-0\/","title":{"rendered":"Smoking noir"},"content":{"rendered":"<p>D\u00e9marquez-vous avec notre smoking de gala pour hommes. Ce smoking de gala haut de gamme est con\u00e7u avec pr\u00e9cision et finesse, sp\u00e9cialement pour les hommes qui souhaitent allier style et qualit\u00e9. Fabriqu\u00e9 \u00e0 partir de mat\u00e9riaux de la plus haute qualit\u00e9, ce smoking de gala offre une coupe qui accentue votre corps tout en offrant un confort toute la journ\u00e9e. Parfait pour toutes les occasions, qu&rsquo;il s&rsquo;agisse d&rsquo;un mariage, d&rsquo;un smoking de gala ou d&rsquo;un \u00e9v\u00e9nement formel, le smoking de gala Lomoro pour homme promet de laisser une impression durable. Choisissez parmi une large collection pour rehausser l\u2019\u00e9l\u00e9gance de votre garde-robe formelle. Avec une attention port\u00e9e \u00e0 chaque d\u00e9tail et un design raffin\u00e9, ce smoking ou costume de gala est un incontournable pour tous ceux qui souhaitent rehausser leur style personnel.<\/p>\n<p>Le smoking noir allie style classique et finesse moderne, ce qui en fait le choix id\u00e9al pour les hommes qui souhaitent impressionner. Le blazer \u00e0 simple boutonnage pr\u00e9sente un \u00e9l\u00e9gant col ch\u00e2le en satin et est accompagn\u00e9 d&rsquo;un pantalon slim. Ce costume est parfaitement adapt\u00e9 aux environnements formels et ajoute une touche de luxe \u00e0 n&rsquo;importe quelle apparence.<\/p>\n<p>Fabriqu\u00e9 \u00e0 partir d&rsquo;un m\u00e9lange de laine de haute qualit\u00e9, ce smoking offre \u00e0 la fois confort et durabilit\u00e9. Les d\u00e9tails subtils, comme les boutons en satin et la finition raffin\u00e9e, soulignent le savoir-faire. Choisissez ce costume smoking pour un look impeccable alliant harmonieusement tradition et modernit\u00e9.<\/p>\n<table>\n<tbody>\n<tr>\n<td><b>Caract\u00e9ristique<\/b><\/td>\n<td><b>D\u00e9tails<\/b><\/td>\n<\/tr>\n<tr>\n<td><b>Mat\u00e9riau<\/b><\/td>\n<td><span style=\"font-weight: 400;\">M\u00e9lange de laine de luxe avec finition satin\u00e9e<\/span><\/td>\n<\/tr>\n<tr>\n<td><b>Couleur<\/b><\/td>\n<td><span style=\"font-weight: 400;\">Noir classique<\/span><\/td>\n<\/tr>\n<tr>\n<td><b>Tailles disponibles<\/b><\/td>\n<td><span style=\"font-weight: 400;\">Petites tailles 46-62 \/ Grandes tailles 58-72<\/span><\/td>\n<\/tr>\n<tr>\n<td><b>Coupe<\/b><\/td>\n<td><span style=\"font-weight: 400;\">Coupe slim pour un look contemporain<\/span><\/td>\n<\/tr>\n<tr>\n<td><b>Instructions de lavage<\/b><\/td>\n<td><span style=\"font-weight: 400;\">Nettoyage \u00e0 sec professionnel uniquement<\/span><\/td>\n<\/tr>\n<\/tbody>\n<\/table>\n","protected":false},"excerpt":{"rendered":"<p>Le smoking noir est l&rsquo;incarnation de l&rsquo;\u00e9l\u00e9gance et du raffinement intemporels. Parfait pour les \u00e9v\u00e9nements formels tels que les galas, les mariages et les occasions avec cravate noire. Avec sa couleur noire classique et ses d\u00e9tails en satin, ce costume smoking rayonne de classe. Cet ensemble polyvalent est con\u00e7u dans un souci de confort et de style. Fabriqu\u00e9 \u00e0 partir de tissus de haute qualit\u00e9, il offre un ajustement parfait et un look luxueux en toute occasion.<\/p>\n<p>\u2702\ufe0f Ajustement parfait, fait sp\u00e9cialement pour vous.<\/p>\n<p>\ud83d\udc54 Des conseils personnalis\u00e9s pour votre look unique.<\/p>\n<p>\ud83e\uddf5 Des mat\u00e9riaux de haute qualit\u00e9 pour un confort ultime.<\/p>\n<p>\ud83c\udfa8 \u00c9l\u00e9gant pour chaque occasion.<\/p>\n<p>\ud83c\udf81 Profitez d&rsquo;un cadeau gratuit \u00e0 chaque visite en magasin !<\/p>\n","protected":false},"featured_media":2091,"template":"","meta":{"_acf_changed":false},"product_brand":[],"product_cat":[148],"product_tag":[],"class_list":{"0":"post-4000","1":"product","2":"type-product","3":"status-publish","4":"has-post-thumbnail","6":"product_cat-smoking-kostuums","8":"first","9":"instock","10":"sale","11":"shipping-taxable","12":"purchasable","13":"product-type-simple"},"acf":[],"_links":{"self":[{"href":"https:\/\/www.lomoro.nl\/fr\/wp-json\/wp\/v2\/product\/4000","targetHints":{"allow":["GET"]}}],"collection":[{"href":"https:\/\/www.lomoro.nl\/fr\/wp-json\/wp\/v2\/product"}],"about":[{"href":"https:\/\/www.lomoro.nl\/fr\/wp-json\/wp\/v2\/types\/product"}],"wp:featuredmedia":[{"embeddable":true,"href":"https:\/\/www.lomoro.nl\/fr\/wp-json\/wp\/v2\/media\/2091"}],"wp:attachment":[{"href":"https:\/\/www.lomoro.nl\/fr\/wp-json\/wp\/v2\/media?parent=4000"}],"wp:term":[{"taxonomy":"product_brand","embeddable":true,"href":"https:\/\/www.lomoro.nl\/fr\/wp-json\/wp\/v2\/product_brand?post=4000"},{"taxonomy":"product_cat","embeddable":true,"href":"https:\/\/www.lomoro.nl\/fr\/wp-json\/wp\/v2\/product_cat?post=4000"},{"taxonomy":"product_tag","embeddable":true,"href":"https:\/\/www.lomoro.nl\/fr\/wp-json\/wp\/v2\/product_tag?post=4000"}],"curies":[{"name":"wp","href":"https:\/\/api.w.org\/{rel}","templated":true}]}}