{"id":4001,"date":"2024-12-09T12:13:52","date_gmt":"2024-12-09T12:13:52","guid":{"rendered":"https:\/\/lomoro.nl\/?post_type=product&#038;p=4001"},"modified":"2025-01-06T09:59:35","modified_gmt":"2025-01-06T09:59:35","slug":"3-delig-pak-20","status":"publish","type":"product","link":"https:\/\/www.lomoro.nl\/fr\/products\/3-delig-pak-20\/","title":{"rendered":"Costume 3 pi\u00e8ces vert"},"content":{"rendered":"<p>Le costume 3 pi\u00e8ces Lomoro est un ensemble sur mesure, compos\u00e9 d&rsquo;une veste \u00e9pur\u00e9e, d&rsquo;un gilet assorti et d&rsquo;un pantalon classique. Ce design intemporel est con\u00e7u pour se compl\u00e9ter parfaitement et convient \u00e0 diverses occasions formelles. Fabriqu\u00e9e \u00e0 partir de mat\u00e9riaux de haute qualit\u00e9, la combinaison offre \u00e0 la fois confort et durabilit\u00e9, pour que vous vous sentiez mieux du matin au soir.<\/p>\n<p>Ce costume trois pi\u00e8ces se compose d&rsquo;un blazer \u00e0 simple boutonnage, d&rsquo;un gilet assorti et d&rsquo;un pantalon classique. La couleur verte sophistiqu\u00e9e ajoute une touche de couleur \u00e0 votre garde-robe sans sacrifier l&rsquo;\u00e9l\u00e9gance. Fabriqu\u00e9 \u00e0 partir de mat\u00e9riaux de haute qualit\u00e9, ce costume offre \u00e0 la fois une coupe confortable et un look moderne, id\u00e9al pour les occasions formelles et semi-formelles.<\/p>\n<table style=\"height: 351px;\" width=\"527\">\n<tbody>\n<tr>\n<td><b>Caract\u00e9ristique<\/b><\/td>\n<td><b>D\u00e9tails<\/b><\/td>\n<\/tr>\n<tr>\n<td><b>Mat\u00e9riau<\/b><\/td>\n<td><span style=\"font-weight: 400;\">M\u00e9lange de laine premium<\/span><\/td>\n<\/tr>\n<tr>\n<td><b>Couleur<\/b><\/td>\n<td><span style=\"font-weight: 400;\">Vert profond<\/span><\/td>\n<\/tr>\n<tr>\n<td><b>Tailles disponibles<\/b><\/td>\n<td><span style=\"font-weight: 400;\">Petites tailles 46-62 \/ Grandes tailles 58-72<\/span><\/td>\n<\/tr>\n<tr>\n<td><b>Coupe<\/b><\/td>\n<td><span style=\"font-weight: 400;\">Coupe ajust\u00e9e pour un look \u00e9pur\u00e9<\/span><\/td>\n<\/tr>\n<tr>\n<td><b>Instructions de lavage<\/b><\/td>\n<td><span style=\"font-weight: 400;\">Nettoyage chimique professionnel<\/span><\/td>\n<\/tr>\n<\/tbody>\n<\/table>\n<p>&nbsp;<\/p>\n","protected":false},"excerpt":{"rendered":"<div class=\"product__tax caption rte\">\n<p>Le costume 3 pi\u00e8ces Vert est le choix parfait pour l&rsquo;homme moderne qui recherche du style, de la sophistication et un look frais. Avec une teinte verte audacieuse et une coupe parfaite, ce costume est id\u00e9al pour les mariages, les \u00e9v\u00e9nements d&rsquo;entreprise ou les occasions sp\u00e9ciales o\u00f9 vous souhaitez faire une d\u00e9claration. Cet ensemble \u00e9l\u00e9gant offre \u00e0 la fois confort et \u00e9l\u00e9gance, vous aidant \u00e0 \u00eatre \u00e0 votre meilleur \u00e0 tout moment de la journ\u00e9e.<\/p>\n<p>\u2702\ufe0f Ajustement parfait, fait sp\u00e9cialement pour vous.<br \/>\n\ud83d\udc54 Des conseils personnalis\u00e9s pour votre look unique.<br \/>\n\ud83e\uddf5 Des mat\u00e9riaux de haute qualit\u00e9 pour un confort ultime.<br \/>\n\ud83c\udfa8 \u00c9l\u00e9gant pour chaque occasion.<br \/>\n\ud83c\udf81 Profitez d&rsquo;un cadeau gratuit \u00e0 chaque visite en magasin !<\/p>\n<\/div>\n","protected":false},"featured_media":1803,"template":"","meta":{"_acf_changed":false},"product_brand":[],"product_cat":[113],"product_tag":[],"class_list":{"0":"post-4001","1":"product","2":"type-product","3":"status-publish","4":"has-post-thumbnail","6":"product_cat-3-delig-kostuums","8":"first","9":"instock","10":"sale","11":"shipping-taxable","12":"purchasable","13":"product-type-simple"},"acf":[],"_links":{"self":[{"href":"https:\/\/www.lomoro.nl\/fr\/wp-json\/wp\/v2\/product\/4001","targetHints":{"allow":["GET"]}}],"collection":[{"href":"https:\/\/www.lomoro.nl\/fr\/wp-json\/wp\/v2\/product"}],"about":[{"href":"https:\/\/www.lomoro.nl\/fr\/wp-json\/wp\/v2\/types\/product"}],"wp:featuredmedia":[{"embeddable":true,"href":"https:\/\/www.lomoro.nl\/fr\/wp-json\/wp\/v2\/media\/1803"}],"wp:attachment":[{"href":"https:\/\/www.lomoro.nl\/fr\/wp-json\/wp\/v2\/media?parent=4001"}],"wp:term":[{"taxonomy":"product_brand","embeddable":true,"href":"https:\/\/www.lomoro.nl\/fr\/wp-json\/wp\/v2\/product_brand?post=4001"},{"taxonomy":"product_cat","embeddable":true,"href":"https:\/\/www.lomoro.nl\/fr\/wp-json\/wp\/v2\/product_cat?post=4001"},{"taxonomy":"product_tag","embeddable":true,"href":"https:\/\/www.lomoro.nl\/fr\/wp-json\/wp\/v2\/product_tag?post=4001"}],"curies":[{"name":"wp","href":"https:\/\/api.w.org\/{rel}","templated":true}]}}