{"id":4006,"date":"2024-12-11T11:16:22","date_gmt":"2024-12-11T11:16:22","guid":{"rendered":"https:\/\/lomoro.nl\/?post_type=product&#038;p=4006"},"modified":"2025-01-04T12:09:32","modified_gmt":"2025-01-04T12:09:32","slug":"smoking-22","status":"publish","type":"product","link":"https:\/\/www.lomoro.nl\/fr\/products\/smoking-22\/","title":{"rendered":"Costume classique de smoking de gala noir pour homme"},"content":{"rendered":"<p>Le costume de smoking classique noir Gala combine l&rsquo;\u00e9l\u00e9gance traditionnelle d&rsquo;un smoking avec des d\u00e9tails modernes qui donnent un look contemporain. Le costume se compose d&rsquo;une veste droite avec revers en satin, d&rsquo;un pantalon assorti et d&rsquo;un gilet, ce qui en fait le choix parfait pour toute occasion formelle. La couleur noire profonde et les accents subtils font de ce costume un classique intemporel dans toute garde-robe.<\/p>\n<p>Fabriqu\u00e9 \u00e0 partir de mat\u00e9riaux de haute qualit\u00e9, ce costume de smoking offre une coupe confortable sans sacrifier le style. La coupe slim et l&rsquo;attention port\u00e9e aux d\u00e9tails, de la finition satin\u00e9e aux boutons de haute qualit\u00e9, vous permettront de vous d\u00e9marquer dans n&rsquo;importe quelle foule. Avec ce costume smoking, vous \u00eates assur\u00e9 d&rsquo;une apparence confiante et raffin\u00e9e, qu&rsquo;il s&rsquo;agisse d&rsquo;un gala, d&rsquo;un mariage ou d&rsquo;un \u00e9v\u00e9nement exclusif.<\/p>\n<table>\n<tbody>\n<tr>\n<td><b>Caract\u00e9ristique<\/b><\/td>\n<td><b>D\u00e9tails<\/b><\/td>\n<\/tr>\n<tr>\n<td><b>Mat\u00e9riau<\/b><\/td>\n<td><span style=\"font-weight: 400;\">M\u00e9lange de laine de luxe avec d\u00e9tails satin\u00e9s<\/span><\/td>\n<\/tr>\n<tr>\n<td><b>Couleur<\/b><\/td>\n<td><span style=\"font-weight: 400;\">Noir classique<\/span><\/td>\n<\/tr>\n<tr>\n<td><b>Tailles disponibles<\/b><\/td>\n<td><span style=\"font-weight: 400;\">Petites tailles 46-62 \/ Grandes tailles 58-72<\/span><\/td>\n<\/tr>\n<tr>\n<td><b>Coupe<\/b><\/td>\n<td><span style=\"font-weight: 400;\">Coupe slim pour un profil \u00e9pur\u00e9<\/span><\/td>\n<\/tr>\n<tr>\n<td><b>Instructions de lavage<\/b><\/td>\n<td><span style=\"font-weight: 400;\">Nettoyage \u00e0 sec professionnel uniquement<\/span><\/td>\n<\/tr>\n<\/tbody>\n<\/table>\n","protected":false},"excerpt":{"rendered":"<p>Le costume de smoking classique noir Gala est un symbole ultime d&rsquo;\u00e9l\u00e9gance et de sophistication. Parfait pour les occasions formelles telles que les galas, les mariages ou les remises de prix, ce costume smoking respire une classe intemporelle. Avec une coupe soigneusement con\u00e7ue et des d\u00e9tails luxueux, ce costume de smoking offre non seulement du style, mais aussi un confort maximal. La teinte noire classique permet de la combiner facilement avec divers accessoires pour un look complet et \u00e9l\u00e9gant.<\/p>\n<p>\u2702\ufe0f Ajustement parfait, fait sp\u00e9cialement pour vous.<\/p>\n<p>\ud83d\udc54 Des conseils personnalis\u00e9s pour votre look unique.<\/p>\n<p>\ud83e\uddf5 Des mat\u00e9riaux de haute qualit\u00e9 pour un confort ultime.<\/p>\n<p>\ud83c\udfa8 \u00c9l\u00e9gant pour chaque occasion.<\/p>\n<p>\ud83c\udf81 Profitez d&rsquo;un cadeau gratuit \u00e0 chaque visite en magasin !<\/p>\n","protected":false},"featured_media":6480,"template":"","meta":{"_acf_changed":false},"product_brand":[],"product_cat":[148],"product_tag":[],"class_list":{"0":"post-4006","1":"product","2":"type-product","3":"status-publish","4":"has-post-thumbnail","6":"product_cat-smoking-kostuums","8":"first","9":"instock","10":"sale","11":"shipping-taxable","12":"purchasable","13":"product-type-simple"},"acf":[],"_links":{"self":[{"href":"https:\/\/www.lomoro.nl\/fr\/wp-json\/wp\/v2\/product\/4006","targetHints":{"allow":["GET"]}}],"collection":[{"href":"https:\/\/www.lomoro.nl\/fr\/wp-json\/wp\/v2\/product"}],"about":[{"href":"https:\/\/www.lomoro.nl\/fr\/wp-json\/wp\/v2\/types\/product"}],"wp:featuredmedia":[{"embeddable":true,"href":"https:\/\/www.lomoro.nl\/fr\/wp-json\/wp\/v2\/media\/6480"}],"wp:attachment":[{"href":"https:\/\/www.lomoro.nl\/fr\/wp-json\/wp\/v2\/media?parent=4006"}],"wp:term":[{"taxonomy":"product_brand","embeddable":true,"href":"https:\/\/www.lomoro.nl\/fr\/wp-json\/wp\/v2\/product_brand?post=4006"},{"taxonomy":"product_cat","embeddable":true,"href":"https:\/\/www.lomoro.nl\/fr\/wp-json\/wp\/v2\/product_cat?post=4006"},{"taxonomy":"product_tag","embeddable":true,"href":"https:\/\/www.lomoro.nl\/fr\/wp-json\/wp\/v2\/product_tag?post=4006"}],"curies":[{"name":"wp","href":"https:\/\/api.w.org\/{rel}","templated":true}]}}