{"id":4016,"date":"2024-12-09T12:17:18","date_gmt":"2024-12-09T12:17:18","guid":{"rendered":"https:\/\/lomoro.nl\/?post_type=product&#038;p=4016"},"modified":"2025-01-06T10:11:56","modified_gmt":"2025-01-06T10:11:56","slug":"3-delig-pak-21","status":"publish","type":"product","link":"https:\/\/www.lomoro.nl\/fr\/products\/3-delig-pak-21\/","title":{"rendered":"Costume trois pi\u00e8ces gris"},"content":{"rendered":"<p>Notre costume trois pi\u00e8ces gris pour homme offre non seulement sophistication, mais aussi confort. C&rsquo;est le choix id\u00e9al pour toute occasion et fait de vous une source d&rsquo;inspiration. Ce costume 3 pi\u00e8ces coupe slim pour homme, fabriqu\u00e9 \u00e0 partir de mat\u00e9riaux haut de gamme de haute qualit\u00e9, est parfaitement con\u00e7u aussi bien pour une c\u00e9r\u00e9monie de mariage que pour une r\u00e9union d&rsquo;affaires. Portez des costumes 3 pi\u00e8ces avec des accessoires qui rendront votre look plus styl\u00e9 et vous donneront une apparence plus qu&rsquo;\u00e9l\u00e9gante. Dans la vaste collection de Lomoro en tailles et couleurs, vous pouvez choisir celle qui vous rend le plus attrayant physiquement et profiter de votre style personnel. Nous sommes toujours pr\u00eats \u00e0 vous aider. Achetez maintenant un costume trois pi\u00e8ces gris et d\u00e9couvrez votre choix \u00e9l\u00e9gant avec nous.<\/p>\n<p>Cet \u00e9l\u00e9gant costume trois pi\u00e8ces se compose d&rsquo;un blazer \u00e0 simple boutonnage, d&rsquo;un gilet assorti et d&rsquo;un pantalon classique. La couleur grise raffin\u00e9e offre un look polyvalent et \u00e9l\u00e9gant qui se combine bien avec divers accessoires et chemises. Il est con\u00e7u pour donner un look \u00e9pur\u00e9 et \u00e9pur\u00e9, parfait pour les occasions formelles et semi-formelles. Fabriqu\u00e9 \u00e0 partir de tissus de haute qualit\u00e9, ce costume offre un ajustement confortable sans compromettre le style.<\/p>\n<table style=\"height: 355px;\" width=\"593\">\n<tbody>\n<tr>\n<td><b>Caract\u00e9ristique<\/b><\/td>\n<td><b>D\u00e9tails<\/b><\/td>\n<\/tr>\n<tr>\n<td><b>Mat\u00e9riau<\/b><\/td>\n<td><span style=\"font-weight: 400;\">M\u00e9lange de laine premium<\/span><\/td>\n<\/tr>\n<tr>\n<td><b>Couleur<\/b><\/td>\n<td><span style=\"font-weight: 400;\">Gris \u00e9l\u00e9gant<\/span><\/td>\n<\/tr>\n<tr>\n<td><b>Tailles disponibles<\/b><\/td>\n<td><span style=\"font-weight: 400;\">Petites tailles 46-62 \/ Grandes tailles 58-72<\/span><\/td>\n<\/tr>\n<tr>\n<td><b>Coupe<\/b><\/td>\n<td><span style=\"font-weight: 400;\">Coupe slim pour un look moderne<\/span><\/td>\n<\/tr>\n<tr>\n<td><b>Instructions de lavage<\/b><\/td>\n<td><span style=\"font-weight: 400;\">Nettoyage \u00e0 sec professionnel<\/span><\/td>\n<\/tr>\n<\/tbody>\n<\/table>\n<p>&nbsp;<\/p>\n","protected":false},"excerpt":{"rendered":"<p>Le costume trois pi\u00e8ces gris est l&rsquo;incarnation de l&rsquo;\u00e9l\u00e9gance intemporelle et de la sophistication moderne. Cet ensemble gris classique offre un \u00e9quilibre parfait entre style et confort, ce qui en fait le choix id\u00e9al pour les mariages, les r\u00e9unions d&rsquo;affaires et autres \u00e9v\u00e9nements formels. Avec une coupe \u00e9l\u00e9gante et des mat\u00e9riaux de haute qualit\u00e9, ce costume respire le luxe tout en vous offrant un confort toute la journ\u00e9e.<\/p>\n<p>\u2702\ufe0f Ajustement parfait, fait sp\u00e9cialement pour vous.<\/p>\n<p>\ud83d\udc54 Des conseils personnalis\u00e9s pour votre look unique.<\/p>\n<p>\ud83e\uddf5 Des mat\u00e9riaux de haute qualit\u00e9 pour un confort ultime.<\/p>\n<p>\ud83c\udfa8 \u00c9l\u00e9gant pour chaque occasion.<\/p>\n<p>\ud83c\udf81 Profitez d&rsquo;un cadeau gratuit \u00e0 chaque visite en magasin !<\/p>\n","protected":false},"featured_media":1806,"template":"","meta":{"_acf_changed":false},"product_brand":[],"product_cat":[113],"product_tag":[],"class_list":{"0":"post-4016","1":"product","2":"type-product","3":"status-publish","4":"has-post-thumbnail","6":"product_cat-3-delig-kostuums","8":"first","9":"instock","10":"sale","11":"shipping-taxable","12":"purchasable","13":"product-type-simple"},"acf":[],"_links":{"self":[{"href":"https:\/\/www.lomoro.nl\/fr\/wp-json\/wp\/v2\/product\/4016","targetHints":{"allow":["GET"]}}],"collection":[{"href":"https:\/\/www.lomoro.nl\/fr\/wp-json\/wp\/v2\/product"}],"about":[{"href":"https:\/\/www.lomoro.nl\/fr\/wp-json\/wp\/v2\/types\/product"}],"wp:featuredmedia":[{"embeddable":true,"href":"https:\/\/www.lomoro.nl\/fr\/wp-json\/wp\/v2\/media\/1806"}],"wp:attachment":[{"href":"https:\/\/www.lomoro.nl\/fr\/wp-json\/wp\/v2\/media?parent=4016"}],"wp:term":[{"taxonomy":"product_brand","embeddable":true,"href":"https:\/\/www.lomoro.nl\/fr\/wp-json\/wp\/v2\/product_brand?post=4016"},{"taxonomy":"product_cat","embeddable":true,"href":"https:\/\/www.lomoro.nl\/fr\/wp-json\/wp\/v2\/product_cat?post=4016"},{"taxonomy":"product_tag","embeddable":true,"href":"https:\/\/www.lomoro.nl\/fr\/wp-json\/wp\/v2\/product_tag?post=4016"}],"curies":[{"name":"wp","href":"https:\/\/api.w.org\/{rel}","templated":true}]}}