{"id":4018,"date":"2024-12-20T09:04:23","date_gmt":"2024-12-20T09:04:23","guid":{"rendered":"https:\/\/lomoro.nl\/?post_type=product&#038;p=4018"},"modified":"2025-01-10T06:48:56","modified_gmt":"2025-01-10T06:48:56","slug":"stropdas-27","status":"publish","type":"product","link":"https:\/\/www.lomoro.nl\/fr\/products\/stropdas-27\/","title":{"rendered":"Cravate bordeaux \u00e0 motif cachemire"},"content":{"rendered":"<section id=\"shopify-section-template--23762923880771__rich_text_kx9yLB\" class=\"shopify-section section\">\n<div class=\"isolate\">\n<div class=\"rich-text content-container color-scheme-1 gradient rich-text--full-width content-container--full-width section-template--23762923880771__rich_text_kx9yLB-padding\">\n<div class=\"rich-text__wrapper rich-text__wrapper--left page-width\">\n<div class=\"rich-text__blocks left\">\n<div class=\"rich-text__text rte scroll-trigger animate--slide-in\" data-cascade=\"\">\n<p>La cravate bourguignonne Paisley respire la classe et l&rsquo;\u00e9l\u00e9gance gr\u00e2ce au luxueux motif cachemire et \u00e0 la couleur bordeaux chaude et profonde. Cet accessoire \u00e9l\u00e9gant est parfait pour les hommes qui souhaitent faire passer leur tenue au niveau sup\u00e9rieur. Que vous assistiez \u00e0 un mariage, un gala ou une r\u00e9union d&rsquo;affaires, cette cravate ajoutera une petite touche suppl\u00e9mentaire.<\/p>\n<p>Fabriqu\u00e9e \u00e0 partir de mat\u00e9riaux durables de haute qualit\u00e9, cette cravate offre non seulement un look \u00e9l\u00e9gant, mais \u00e9galement un ajustement confortable. Associez-le \u00e0 une chemise blanche classique ou \u00e0 un costume sombre pour un look intemporel et \u00e9l\u00e9gant.<\/p>\n<p>Avec ses d\u00e9tails soigneusement finis et son tissu de haute qualit\u00e9, la cravate offre non seulement un look raffin\u00e9, mais aussi une durabilit\u00e9 et un confort de port. La teinte bordeaux polyvalente le rend facile \u00e0 combiner avec une vari\u00e9t\u00e9 de costumes et de chemises, ce qui le rend adapt\u00e9 aux occasions formelles et semi-formelles.<\/p>\n<table>\n<tbody>\n<tr>\n<td><b>Caract\u00e9ristique<\/b><\/td>\n<td><b>D\u00e9tails<\/b><\/td>\n<\/tr>\n<tr>\n<td><b>Mat\u00e9riau<\/b><\/td>\n<td><span style=\"font-weight: 400;\">M\u00e9lange de soie de luxe<\/span><\/td>\n<\/tr>\n<tr>\n<td><b>Couleur<\/b><\/td>\n<td><span style=\"font-weight: 400;\">Rouge bourgogne avec motif paisley<\/span><\/td>\n<\/tr>\n<tr>\n<td><b>Dimensions<\/b><\/td>\n<td><span style=\"font-weight: 400;\">Longueur et largeur standard<\/span><\/td>\n<\/tr>\n<tr>\n<td><b>Instructions de lavage<\/b><\/td>\n<td><span style=\"font-weight: 400;\">Nettoyage uniquement professionnel<\/span><\/td>\n<\/tr>\n<\/tbody>\n<\/table>\n<\/div>\n<\/div>\n<\/div>\n<\/div>\n<\/div>\n<\/section>\n","protected":false},"excerpt":{"rendered":"<p>Ajoutez une touche de luxe \u00e0 votre tenue avec la cravate bordeaux \u00e0 motif cachemire. Cette cravate est con\u00e7ue avec un motif cachemire sophistiqu\u00e9 et une riche teinte bordeaux, parfaite pour les occasions formelles et les r\u00e9unions d&rsquo;affaires.<\/p>\n<p>\u2702\ufe0f Ajustement parfait, fait sp\u00e9cialement pour vous.<\/p>\n<p>\ud83d\udc54 Des conseils personnalis\u00e9s pour votre look unique.<\/p>\n<p>\ud83e\uddf5 Des mat\u00e9riaux de haute qualit\u00e9 pour un confort ultime.<\/p>\n<p>\ud83c\udfa8 \u00c9l\u00e9gant pour chaque occasion.<\/p>\n<p>\ud83c\udf81 Profitez d&rsquo;un cadeau gratuit \u00e0 chaque visite en magasin !<\/p>\n","protected":false},"featured_media":3015,"template":"","meta":{"_acf_changed":false},"product_brand":[],"product_cat":[151],"product_tag":[],"class_list":{"0":"post-4018","1":"product","2":"type-product","3":"status-publish","4":"has-post-thumbnail","6":"product_cat-stropdas","8":"first","9":"instock","10":"sale","11":"shipping-taxable","12":"purchasable","13":"product-type-simple"},"acf":[],"_links":{"self":[{"href":"https:\/\/www.lomoro.nl\/fr\/wp-json\/wp\/v2\/product\/4018","targetHints":{"allow":["GET"]}}],"collection":[{"href":"https:\/\/www.lomoro.nl\/fr\/wp-json\/wp\/v2\/product"}],"about":[{"href":"https:\/\/www.lomoro.nl\/fr\/wp-json\/wp\/v2\/types\/product"}],"wp:featuredmedia":[{"embeddable":true,"href":"https:\/\/www.lomoro.nl\/fr\/wp-json\/wp\/v2\/media\/3015"}],"wp:attachment":[{"href":"https:\/\/www.lomoro.nl\/fr\/wp-json\/wp\/v2\/media?parent=4018"}],"wp:term":[{"taxonomy":"product_brand","embeddable":true,"href":"https:\/\/www.lomoro.nl\/fr\/wp-json\/wp\/v2\/product_brand?post=4018"},{"taxonomy":"product_cat","embeddable":true,"href":"https:\/\/www.lomoro.nl\/fr\/wp-json\/wp\/v2\/product_cat?post=4018"},{"taxonomy":"product_tag","embeddable":true,"href":"https:\/\/www.lomoro.nl\/fr\/wp-json\/wp\/v2\/product_tag?post=4018"}],"curies":[{"name":"wp","href":"https:\/\/api.w.org\/{rel}","templated":true}]}}