{"id":4032,"date":"2024-12-09T12:18:58","date_gmt":"2024-12-09T12:18:58","guid":{"rendered":"https:\/\/lomoro.nl\/?post_type=product&#038;p=4032"},"modified":"2025-01-06T10:20:50","modified_gmt":"2025-01-06T10:20:50","slug":"3-delig-pak-22","status":"publish","type":"product","link":"https:\/\/www.lomoro.nl\/fr\/products\/3-delig-pak-22\/","title":{"rendered":"Costume 3 pi\u00e8ces bleu profond"},"content":{"rendered":"<p>Le costume 3 pi\u00e8ces Lomoro est un ensemble sur mesure, compos\u00e9 d&rsquo;une veste \u00e9pur\u00e9e, d&rsquo;un gilet assorti et d&rsquo;un pantalon classique. Ce design intemporel est con\u00e7u pour se compl\u00e9ter parfaitement et convient \u00e0 diverses occasions formelles. Fabriqu\u00e9e \u00e0 partir de mat\u00e9riaux de haute qualit\u00e9, la combinaison offre \u00e0 la fois confort et durabilit\u00e9, pour que vous vous sentiez mieux du matin au soir.<\/p>\n<p>Ce costume trois pi\u00e8ces se compose d&rsquo;un blazer \u00e0 simple boutonnage, d&rsquo;un gilet assorti et d&rsquo;un pantalon classique. La couleur bleu profond est un choix polyvalent qui respire l&rsquo;\u00e9l\u00e9gance et peut \u00eatre facilement combin\u00e9e avec divers accessoires et chemises. Le costume offre un look \u00e9l\u00e9gant et \u00e9pur\u00e9 et convient aussi bien aux occasions formelles que semi-formelles. Fabriqu\u00e9 \u00e0 partir de mat\u00e9riaux haut de gamme, ce costume offre \u00e0 la fois style et confort, parfait pour les longues journ\u00e9es et les \u00e9v\u00e9nements importants.<\/p>\n<table>\n<tbody>\n<tr>\n<td><b>Caract\u00e9ristique<\/b><\/td>\n<td><b>D\u00e9tails<\/b><\/td>\n<\/tr>\n<tr>\n<td><b>Mat\u00e9riau<\/b><\/td>\n<td><span style=\"font-weight: 400;\">M\u00e9lange de laine premium<\/span><\/td>\n<\/tr>\n<tr>\n<td><b>Couleur<\/b><\/td>\n<td><span style=\"font-weight: 400;\">Bleu profond<\/span><\/td>\n<\/tr>\n<tr>\n<td><b>Tailles disponibles<\/b><\/td>\n<td><span style=\"font-weight: 400;\">Petites tailles 46-62 \/ Grandes tailles 58-72<\/span><\/td>\n<\/tr>\n<tr>\n<td><b>Coupe<\/b><\/td>\n<td><span style=\"font-weight: 400;\">Coupe slim pour un look moderne<\/span><\/td>\n<\/tr>\n<tr>\n<td><b>Instructions de lavage<\/b><\/td>\n<td><span style=\"font-weight: 400;\">Nettoyage \u00e0 sec professionnel<\/span><\/td>\n<\/tr>\n<\/tbody>\n<\/table>\n","protected":false},"excerpt":{"rendered":"<p>Le costume 3 pi\u00e8ces Deep Blue est le choix id\u00e9al pour l&rsquo;homme qui recherche un look raffin\u00e9 avec une touche moderne. La teinte bleu profond et la coupe parfaite offrent un look classique et intemporel, id\u00e9al pour les mariages, les \u00e9v\u00e9nements professionnels et autres occasions formelles. Ce costume allie style et confort, pour que vous soyez toujours \u00e0 votre meilleur.<\/p>\n<p>\u2702\ufe0f Ajustement parfait, fait sp\u00e9cialement pour vous.<\/p>\n<p>\ud83d\udc54 Des conseils personnalis\u00e9s pour votre look unique.<\/p>\n<p>\ud83e\uddf5 Des mat\u00e9riaux de haute qualit\u00e9 pour un confort ultime.<\/p>\n<p>\ud83c\udfa8 \u00c9l\u00e9gant pour chaque occasion.<\/p>\n<p>\ud83c\udf81 Profitez d&rsquo;un cadeau gratuit \u00e0 chaque visite en magasin !<\/p>\n","protected":false},"featured_media":1809,"template":"","meta":{"_acf_changed":false},"product_brand":[],"product_cat":[113],"product_tag":[],"class_list":{"0":"post-4032","1":"product","2":"type-product","3":"status-publish","4":"has-post-thumbnail","6":"product_cat-3-delig-kostuums","8":"first","9":"instock","10":"sale","11":"shipping-taxable","12":"purchasable","13":"product-type-simple"},"acf":[],"_links":{"self":[{"href":"https:\/\/www.lomoro.nl\/fr\/wp-json\/wp\/v2\/product\/4032","targetHints":{"allow":["GET"]}}],"collection":[{"href":"https:\/\/www.lomoro.nl\/fr\/wp-json\/wp\/v2\/product"}],"about":[{"href":"https:\/\/www.lomoro.nl\/fr\/wp-json\/wp\/v2\/types\/product"}],"wp:featuredmedia":[{"embeddable":true,"href":"https:\/\/www.lomoro.nl\/fr\/wp-json\/wp\/v2\/media\/1809"}],"wp:attachment":[{"href":"https:\/\/www.lomoro.nl\/fr\/wp-json\/wp\/v2\/media?parent=4032"}],"wp:term":[{"taxonomy":"product_brand","embeddable":true,"href":"https:\/\/www.lomoro.nl\/fr\/wp-json\/wp\/v2\/product_brand?post=4032"},{"taxonomy":"product_cat","embeddable":true,"href":"https:\/\/www.lomoro.nl\/fr\/wp-json\/wp\/v2\/product_cat?post=4032"},{"taxonomy":"product_tag","embeddable":true,"href":"https:\/\/www.lomoro.nl\/fr\/wp-json\/wp\/v2\/product_tag?post=4032"}],"curies":[{"name":"wp","href":"https:\/\/api.w.org\/{rel}","templated":true}]}}