{"id":4033,"date":"2024-12-11T08:43:22","date_gmt":"2024-12-11T08:43:22","guid":{"rendered":"https:\/\/lomoro.nl\/?post_type=product&#038;p=4033"},"modified":"2025-01-03T10:48:57","modified_gmt":"2025-01-03T10:48:57","slug":"slim-fit-pak","status":"publish","type":"product","link":"https:\/\/www.lomoro.nl\/fr\/products\/slim-fit-pak\/","title":{"rendered":"costume bleu homme"},"content":{"rendered":"<p>Le costume slim bleu ardoise pour homme est parfait pour vous et con\u00e7u pour un look classique et \u00e9l\u00e9gant. Ces combinaisons sont faites de mat\u00e9riaux de haute qualit\u00e9. Choisissez parmi une vari\u00e9t\u00e9 de couleurs et de motifs, y compris notre costume slim bleu ardoise pour hommes, en fonction de votre style. Le meilleur choix pour les r\u00e9unions d&rsquo;affaires et les occasions formelles.<\/p>\n<p>Connu pour faire une impression durable partout o\u00f9 vous allez. Avec ces costumes, votre costume slim fit bleu ardoise pour homme sera plus beau et votre apparence g\u00e9n\u00e9rale sera sublime. Ces costumes pour hommes \u00e0 la coupe slim sont le premier choix pour tout \u00e9v\u00e9nement, qu&rsquo;il s&rsquo;agisse d&rsquo;une r\u00e9union d&rsquo;affaires ou d&rsquo;une occasion formelle. Nous comprenons que choisir le bon article peut \u00eatre personnel et parfois difficile. Faites-le-nous savoir et nous serons heureux d\u2019am\u00e9liorer votre exp\u00e9rience.<\/p>\n<p>Le costume bleu slim fit pour homme est un choix moderne pour l&rsquo;homme \u00e9l\u00e9gant. L&rsquo;\u00e9l\u00e9gante couleur bleue offre un look intemporel qui peut \u00eatre facilement combin\u00e9 avec diverses chemises et accessoires. La coupe ajust\u00e9e met en valeur le corps, tandis que le tissu de haute qualit\u00e9 assure confort et respirabilit\u00e9. Parfait pour les longues journ\u00e9es ou les occasions sp\u00e9ciales, sans sacrifier le style.<\/p>\n<p>Ce costume se compose d&rsquo;un blazer \u00e0 simple boutonnage avec des revers modernes, d&rsquo;un pantalon assorti et de d\u00e9tails subtils qui lui conf\u00e8rent un look raffin\u00e9. Avec sa coupe soigneusement con\u00e7ue et sa construction durable, il s&rsquo;agit d&rsquo;un investissement \u00e0 la fois confortable et tendance, id\u00e9al pour l&rsquo;homme qui fixe des normes \u00e9lev\u00e9es pour sa garde-robe.<\/p>\n<table>\n<tbody>\n<tr>\n<td><b>Caract\u00e9ristique<\/b><\/td>\n<td><b>D\u00e9tails<\/b><\/td>\n<\/tr>\n<tr>\n<td><b>Mat\u00e9riau<\/b><\/td>\n<td><span style=\"font-weight: 400;\">M\u00e9lange de laine de luxe avec stretch<\/span><\/td>\n<\/tr>\n<tr>\n<td><b>Couleur<\/b><\/td>\n<td><span style=\"font-weight: 400;\">Bleu profond<\/span><\/td>\n<\/tr>\n<tr>\n<td><b>Tailles disponibles<\/b><\/td>\n<td><span style=\"font-weight: 400;\">Petites tailles 46-62 \/ Grandes tailles 58-72<\/span><\/td>\n<\/tr>\n<tr>\n<td><b>Coupe<\/b><\/td>\n<td><span style=\"font-weight: 400;\">Coupe slim pour un look moderne<\/span><\/td>\n<\/tr>\n<tr>\n<td><b>Instructions de lavage<\/b><\/td>\n<td><span style=\"font-weight: 400;\">Nettoyage \u00e0 sec professionnel<\/span><\/td>\n<\/tr>\n<\/tbody>\n<\/table>\n","protected":false},"excerpt":{"rendered":"<div class=\"product__tax caption rte\">\n<p>Le Blue Slim Fit Suit Men offre une combinaison parfaite de style moderne et de confort. La teinte bleu profond respire la sophistication, id\u00e9ale pour les r\u00e9unions d&rsquo;affaires, les mariages et autres occasions formelles.<\/p>\n<p>Avec sa coupe ajust\u00e9e et ses finitions de haute qualit\u00e9, ce costume donne une apparence confiante. Le design polyvalent s&rsquo;adapte \u00e0 une vari\u00e9t\u00e9 d&rsquo;accessoires, vous donnant un look \u00e9l\u00e9gant en toute occasion.<\/p>\n<p>\u2702\ufe0f Ajustement parfait, fait sp\u00e9cialement pour vous.<\/p>\n<p>\ud83d\udc54 Des conseils personnalis\u00e9s pour votre look unique.<\/p>\n<p>\ud83e\uddf5 Des mat\u00e9riaux de haute qualit\u00e9 pour un confort ultime.<\/p>\n<p>\ud83c\udfa8 \u00c9l\u00e9gant pour chaque occasion.<\/p>\n<p>\ud83c\udf81 Profitez d&rsquo;un cadeau gratuit \u00e0 chaque visite en magasin !<\/p>\n<\/div>\n","protected":false},"featured_media":1995,"template":"","meta":{"_acf_changed":false},"product_brand":[],"product_cat":[145],"product_tag":[],"class_list":{"0":"post-4033","1":"product","2":"type-product","3":"status-publish","4":"has-post-thumbnail","6":"product_cat-slim-fit-kostuums","8":"first","9":"instock","10":"sale","11":"shipping-taxable","12":"purchasable","13":"product-type-simple"},"acf":[],"_links":{"self":[{"href":"https:\/\/www.lomoro.nl\/fr\/wp-json\/wp\/v2\/product\/4033","targetHints":{"allow":["GET"]}}],"collection":[{"href":"https:\/\/www.lomoro.nl\/fr\/wp-json\/wp\/v2\/product"}],"about":[{"href":"https:\/\/www.lomoro.nl\/fr\/wp-json\/wp\/v2\/types\/product"}],"wp:featuredmedia":[{"embeddable":true,"href":"https:\/\/www.lomoro.nl\/fr\/wp-json\/wp\/v2\/media\/1995"}],"wp:attachment":[{"href":"https:\/\/www.lomoro.nl\/fr\/wp-json\/wp\/v2\/media?parent=4033"}],"wp:term":[{"taxonomy":"product_brand","embeddable":true,"href":"https:\/\/www.lomoro.nl\/fr\/wp-json\/wp\/v2\/product_brand?post=4033"},{"taxonomy":"product_cat","embeddable":true,"href":"https:\/\/www.lomoro.nl\/fr\/wp-json\/wp\/v2\/product_cat?post=4033"},{"taxonomy":"product_tag","embeddable":true,"href":"https:\/\/www.lomoro.nl\/fr\/wp-json\/wp\/v2\/product_tag?post=4033"}],"curies":[{"name":"wp","href":"https:\/\/api.w.org\/{rel}","templated":true}]}}