{"id":4037,"date":"2024-12-20T09:11:20","date_gmt":"2024-12-20T09:11:20","guid":{"rendered":"https:\/\/lomoro.nl\/?post_type=product&#038;p=4037"},"modified":"2025-01-10T07:03:08","modified_gmt":"2025-01-10T07:03:08","slug":"stropdas-25","status":"publish","type":"product","link":"https:\/\/www.lomoro.nl\/fr\/products\/stropdas-25\/","title":{"rendered":"Cravate et pochette noires"},"content":{"rendered":"<section id=\"shopify-section-template--23762923880771__rich_text_kx9yLB\" class=\"shopify-section section\">\n<div class=\"isolate\">\n<div class=\"rich-text content-container color-scheme-1 gradient rich-text--full-width content-container--full-width section-template--23762923880771__rich_text_kx9yLB-padding\">\n<div class=\"rich-text__wrapper rich-text__wrapper--left page-width\">\n<div class=\"rich-text__blocks left\">\n<div class=\"rich-text__text rte scroll-trigger animate--slide-in\" data-cascade=\"\">\n<p>La cravate noire et la pochette de costume symbolisent la classe et l&rsquo;\u00e9l\u00e9gance intemporelles. La cravate est faite de mat\u00e9riaux de haute qualit\u00e9 qui offrent une texture douce et soyeuse et un aspect luxueux. La pochette de costume assortie ajoute une touche finale subtile mais raffin\u00e9e \u00e0 votre tenue. Id\u00e9al pour les occasions formelles et semi-formelles, cet ensemble fera passer votre look au niveau sup\u00e9rieur.<\/p>\n<p>Que vous ayez une pr\u00e9sentation professionnelle ou que vous assistiez \u00e0 une occasion festive, cet ensemble se combine sans effort avec n&rsquo;importe quel style. La teinte noire profonde respire la confiance et le style, tandis que le savoir-faire de haute qualit\u00e9 garantit confort et durabilit\u00e9. Choisissez cet ensemble pour donner \u00e0 votre tenue une touche de sophistication qui ne passera pas inaper\u00e7ue.<\/p>\n<table>\n<tbody>\n<tr>\n<td><b>Caract\u00e9ristique<\/b><\/td>\n<td><b>D\u00e9tails<\/b><\/td>\n<\/tr>\n<tr>\n<td><b>Mat\u00e9riau<\/b><\/td>\n<td><span style=\"font-weight: 400;\">Polyester de luxe avec une texture soyeuse<\/span><\/td>\n<\/tr>\n<tr>\n<td><b>Motif<\/b><\/td>\n<td><span style=\"font-weight: 400;\">Uni noir<\/span><\/td>\n<\/tr>\n<tr>\n<td><b>Couleur<\/b><\/td>\n<td><span style=\"font-weight: 400;\">Noir classique<\/span><\/td>\n<\/tr>\n<tr>\n<td><b>Ensemble contient<\/b><\/td>\n<td><span style=\"font-weight: 400;\">Cravate et pochette assortie<\/span><\/td>\n<\/tr>\n<tr>\n<td><b>Dimensions<\/b><\/td>\n<td><span style=\"font-weight: 400;\">Cravate : 150 cm x 8 cm ; Pochette : 25 cm x 25 cm<\/span><\/td>\n<\/tr>\n<tr>\n<td><b>Entretien<\/b><\/td>\n<td><span style=\"font-weight: 400;\">Lavage \u00e0 la main recommand\u00e9<\/span><\/td>\n<\/tr>\n<\/tbody>\n<\/table>\n<\/div>\n<\/div>\n<\/div>\n<\/div>\n<\/div>\n<\/section>\n","protected":false},"excerpt":{"rendered":"<p>Compl\u00e9tez votre look formel avec la cravate noire et la pochette de costume, une combinaison \u00e9l\u00e9gante de simplicit\u00e9 classique et de sophistication moderne. La couleur noire profonde et la finition de haute qualit\u00e9 offrent un look intemporel, parfait pour les mariages, les galas et les r\u00e9unions d&rsquo;affaires. Cet ensemble offre l&rsquo;\u00e9quilibre parfait entre \u00e9l\u00e9gance et polyvalence. La cravate et la pochette de costume sont con\u00e7ues pour s&rsquo;adapter parfaitement \u00e0 une vari\u00e9t\u00e9 de styles et de tenues, ce qui en fait un ajout essentiel \u00e0 toute garde-robe.<\/p>\n<p>\u2702\ufe0f Ajustement parfait, fait sp\u00e9cialement pour vous.<\/p>\n<p>\ud83d\udc54 Des conseils personnalis\u00e9s pour votre look unique.<\/p>\n<p>\ud83e\uddf5 Des mat\u00e9riaux de haute qualit\u00e9 pour un confort ultime.<\/p>\n<p>\ud83c\udfa8 \u00c9l\u00e9gant pour chaque occasion.<\/p>\n<p>\ud83c\udf81 Profitez d&rsquo;un cadeau gratuit \u00e0 chaque visite en magasin !<\/p>\n","protected":false},"featured_media":3021,"template":"","meta":{"_acf_changed":false},"product_brand":[],"product_cat":[151],"product_tag":[],"class_list":{"0":"post-4037","1":"product","2":"type-product","3":"status-publish","4":"has-post-thumbnail","6":"product_cat-stropdas","8":"first","9":"instock","10":"sale","11":"shipping-taxable","12":"purchasable","13":"product-type-simple"},"acf":[],"_links":{"self":[{"href":"https:\/\/www.lomoro.nl\/fr\/wp-json\/wp\/v2\/product\/4037","targetHints":{"allow":["GET"]}}],"collection":[{"href":"https:\/\/www.lomoro.nl\/fr\/wp-json\/wp\/v2\/product"}],"about":[{"href":"https:\/\/www.lomoro.nl\/fr\/wp-json\/wp\/v2\/types\/product"}],"wp:featuredmedia":[{"embeddable":true,"href":"https:\/\/www.lomoro.nl\/fr\/wp-json\/wp\/v2\/media\/3021"}],"wp:attachment":[{"href":"https:\/\/www.lomoro.nl\/fr\/wp-json\/wp\/v2\/media?parent=4037"}],"wp:term":[{"taxonomy":"product_brand","embeddable":true,"href":"https:\/\/www.lomoro.nl\/fr\/wp-json\/wp\/v2\/product_brand?post=4037"},{"taxonomy":"product_cat","embeddable":true,"href":"https:\/\/www.lomoro.nl\/fr\/wp-json\/wp\/v2\/product_cat?post=4037"},{"taxonomy":"product_tag","embeddable":true,"href":"https:\/\/www.lomoro.nl\/fr\/wp-json\/wp\/v2\/product_tag?post=4037"}],"curies":[{"name":"wp","href":"https:\/\/api.w.org\/{rel}","templated":true}]}}