{"id":4042,"date":"2024-12-17T09:16:11","date_gmt":"2024-12-17T09:16:11","guid":{"rendered":"https:\/\/lomoro.nl\/?post_type=product&#038;p=4042"},"modified":"2025-02-05T10:25:17","modified_gmt":"2025-02-05T10:25:17","slug":"riem-1","status":"publish","type":"product","link":"https:\/\/www.lomoro.nl\/fr\/products\/riem-1\/","title":{"rendered":"Ceinture en cuir blanc"},"content":{"rendered":"<p>La ceinture en cuir blanc est un accessoire \u00e9l\u00e9gant et intemporel qui fait passer votre tenue au niveau sup\u00e9rieur. Fabriqu\u00e9e \u00e0 partir d&rsquo;un mat\u00e9riau de qualit\u00e9 sup\u00e9rieure, cette ceinture offre \u00e0 la fois durabilit\u00e9 et look moderne. Le blanc \u00e9clatant en fait le choix id\u00e9al pour les looks estivaux et formels, tandis que la construction robuste assure un ajustement fiable.<\/p>\n<p>Avec une longueur r\u00e9glable, la Ceinture Blanche convient \u00e0 diff\u00e9rentes morphologies. Que vous souhaitiez compl\u00e9ter une tenue d\u00e9contract\u00e9e ou peaufiner un look formel, cette ceinture s&rsquo;adaptera parfaitement \u00e0 votre style. Ajoutez une touche d&rsquo;\u00e9l\u00e9gance \u00e0 votre garde-robe avec la ceinture blanche polyvalente et durable, qui s&rsquo;adapte sans effort \u00e0 toutes sortes de combinaisons vestimentaires.<\/p>\n<p>Here is the table translated into French:<\/p>\n<table>\n<thead>\n<tr>\n<th>Fonctionnalit\u00e9<\/th>\n<th>D\u00e9tails<\/th>\n<\/tr>\n<\/thead>\n<tbody>\n<tr>\n<td>Mat\u00e9riau<\/td>\n<td>Mat\u00e9riau synth\u00e9tique de haute qualit\u00e9<\/td>\n<\/tr>\n<tr>\n<td>Couleur<\/td>\n<td>Blanc propre et classique<\/td>\n<\/tr>\n<tr>\n<td>Longueur<\/td>\n<td>R\u00e9glable jusqu&rsquo;\u00e0 130 cm<\/td>\n<\/tr>\n<tr>\n<td>Fermeture<\/td>\n<td>Boucle en m\u00e9tal robuste<\/td>\n<\/tr>\n<tr>\n<td>Style<\/td>\n<td>Moderne et polyvalent<\/td>\n<\/tr>\n<\/tbody>\n<\/table>\n<p>&nbsp;<\/p>\n","protected":false},"excerpt":{"rendered":"<div class=\"product__tax caption rte\">La ceinture en cuir blanc est le choix parfait pour un look frais et moderne. La mati\u00e8re de haute qualit\u00e9 et la finition soign\u00e9e font de cette ceinture un accessoire id\u00e9al pour une tenue styl\u00e9e. Que vous souhaitiez compl\u00e9ter un look formel ou rafra\u00eechir une tenue d\u00e9contract\u00e9e, la ceinture blanche offre polyvalence et classe. Il offre \u00e0 la fois un confort et un style raffin\u00e9 qui en font un incontournable de toute garde-robe. Ajustement parfait, fait sp\u00e9cialement pour vous.<\/div>\n<div>\n<p>\u2702\ufe0f Ajustement parfait, fait sp\u00e9cialement pour vous.<\/p>\n<p>\ud83d\udc54 Des conseils personnalis\u00e9s pour votre look unique.<\/p>\n<p>\ud83e\uddf5 Des mat\u00e9riaux de haute qualit\u00e9 pour un confort ultime.<\/p>\n<p>\ud83c\udfa8 \u00c9l\u00e9gant pour chaque occasion.<\/p>\n<p>\ud83c\udf81 Profitez d&rsquo;un cadeau gratuit \u00e0 chaque visite en magasin !<\/p>\n<\/div>\n","protected":false},"featured_media":2781,"template":"","meta":{"_acf_changed":false},"product_brand":[],"product_cat":[143],"product_tag":[],"class_list":{"0":"post-4042","1":"product","2":"type-product","3":"status-publish","4":"has-post-thumbnail","6":"product_cat-riemen","8":"first","9":"instock","10":"sale","11":"shipping-taxable","12":"purchasable","13":"product-type-simple"},"acf":[],"_links":{"self":[{"href":"https:\/\/www.lomoro.nl\/fr\/wp-json\/wp\/v2\/product\/4042","targetHints":{"allow":["GET"]}}],"collection":[{"href":"https:\/\/www.lomoro.nl\/fr\/wp-json\/wp\/v2\/product"}],"about":[{"href":"https:\/\/www.lomoro.nl\/fr\/wp-json\/wp\/v2\/types\/product"}],"wp:featuredmedia":[{"embeddable":true,"href":"https:\/\/www.lomoro.nl\/fr\/wp-json\/wp\/v2\/media\/2781"}],"wp:attachment":[{"href":"https:\/\/www.lomoro.nl\/fr\/wp-json\/wp\/v2\/media?parent=4042"}],"wp:term":[{"taxonomy":"product_brand","embeddable":true,"href":"https:\/\/www.lomoro.nl\/fr\/wp-json\/wp\/v2\/product_brand?post=4042"},{"taxonomy":"product_cat","embeddable":true,"href":"https:\/\/www.lomoro.nl\/fr\/wp-json\/wp\/v2\/product_cat?post=4042"},{"taxonomy":"product_tag","embeddable":true,"href":"https:\/\/www.lomoro.nl\/fr\/wp-json\/wp\/v2\/product_tag?post=4042"}],"curies":[{"name":"wp","href":"https:\/\/api.w.org\/{rel}","templated":true}]}}