{"id":4044,"date":"2024-12-20T09:14:58","date_gmt":"2024-12-20T09:14:58","guid":{"rendered":"https:\/\/lomoro.nl\/?post_type=product&#038;p=4044"},"modified":"2025-02-06T07:57:48","modified_gmt":"2025-02-06T07:57:48","slug":"stropdas-24","status":"publish","type":"product","link":"https:\/\/www.lomoro.nl\/fr\/products\/stropdas-24\/","title":{"rendered":"Cravate motif cachemire bleu marine et dor\u00e9"},"content":{"rendered":"<p>La cravate Paisley bleu marine et or combine des couleurs classiques avec un motif sophistiqu\u00e9, ce qui en fait un accessoire tendance pour toute occasion formelle. Le mat\u00e9riau luxueux et la finition d\u00e9taill\u00e9e offrent une texture douce et soyeuse et une apparence \u00e9l\u00e9gante. Que vous assistiez \u00e0 un mariage, \u00e0 une r\u00e9union d&rsquo;affaires ou \u00e0 une occasion sp\u00e9ciale, cette cravate compl\u00e9tera votre tenue avec une touche de classe.<\/p>\n<p>Le fond bleu marine est parfaitement compl\u00e9t\u00e9 par les d\u00e9tails cachemire dor\u00e9s, cr\u00e9ant un \u00e9quilibre sophistiqu\u00e9 entre subtil et saisissant. Le savoir-faire de haute qualit\u00e9 offre non seulement un look \u00e9l\u00e9gant, mais \u00e9galement du confort et de la durabilit\u00e9, afin que vous puissiez le porter en toute confiance lors de longs \u00e9v\u00e9nements.<\/p>\n<table>\n<tbody>\n<tr>\n<td>Caract\u00e9ristique<\/td>\n<td>D\u00e9tails<\/td>\n<\/tr>\n<tr>\n<td>Mat\u00e9riau<\/td>\n<td><span style=\"font-weight: 400;\">Polyester de luxe avec texture soyeuse<\/span><\/td>\n<\/tr>\n<tr>\n<td>Motif<\/td>\n<td><span style=\"font-weight: 400;\">Motif paisley en or et bleu marine<\/span><\/td>\n<\/tr>\n<tr>\n<td>Couleur<\/td>\n<td><span style=\"font-weight: 400;\">Bleu marine avec accents dor\u00e9s<\/span><\/td>\n<\/tr>\n<tr>\n<td>Dimensions<\/td>\n<td><span style=\"font-weight: 400;\">150 cm x 8 cm<\/span><\/td>\n<\/tr>\n<tr>\n<td>Entretien<\/td>\n<td><span style=\"font-weight: 400;\">Lavage \u00e0 la main recommand\u00e9<\/span><\/td>\n<\/tr>\n<\/tbody>\n<\/table>\n","protected":false},"excerpt":{"rendered":"<p>Faites passer votre style formel au niveau sup\u00e9rieur avec la cravate Paisley bleu marine et or, une combinaison sophistiqu\u00e9e de couleurs classiques et un \u00e9l\u00e9gant motif cachemire. Parfaite pour les mariages, les galas et les \u00e9v\u00e9nements d&rsquo;entreprise, cette cravate respire le luxe et la sophistication. L&rsquo;imprim\u00e9 cachemire d\u00e9taill\u00e9 avec des accents dor\u00e9s sur un fond bleu marine donne un look intemporel qui compl\u00e8te n&rsquo;importe quelle tenue. Cette cravate est un incontournable pour les hommes qui veulent rayonner de style et de classe.<\/p>\n<p>\u2702\ufe0f Ajustement parfait, fait sp\u00e9cialement pour vous.<\/p>\n<p>\ud83d\udc54 Des conseils personnalis\u00e9s pour votre look unique.<\/p>\n<p>\ud83e\uddf5 Des mat\u00e9riaux de haute qualit\u00e9 pour un confort ultime.<\/p>\n<p>\ud83c\udfa8 \u00c9l\u00e9gant pour chaque occasion.<\/p>\n<p>\ud83c\udf81 Profitez d&rsquo;un cadeau gratuit \u00e0 chaque visite en magasin !<\/p>\n","protected":false},"featured_media":3024,"template":"","meta":{"_acf_changed":false},"product_brand":[],"product_cat":[151],"product_tag":[],"class_list":{"0":"post-4044","1":"product","2":"type-product","3":"status-publish","4":"has-post-thumbnail","6":"product_cat-stropdas","8":"first","9":"instock","10":"sale","11":"shipping-taxable","12":"purchasable","13":"product-type-simple"},"acf":[],"_links":{"self":[{"href":"https:\/\/www.lomoro.nl\/fr\/wp-json\/wp\/v2\/product\/4044","targetHints":{"allow":["GET"]}}],"collection":[{"href":"https:\/\/www.lomoro.nl\/fr\/wp-json\/wp\/v2\/product"}],"about":[{"href":"https:\/\/www.lomoro.nl\/fr\/wp-json\/wp\/v2\/types\/product"}],"wp:featuredmedia":[{"embeddable":true,"href":"https:\/\/www.lomoro.nl\/fr\/wp-json\/wp\/v2\/media\/3024"}],"wp:attachment":[{"href":"https:\/\/www.lomoro.nl\/fr\/wp-json\/wp\/v2\/media?parent=4044"}],"wp:term":[{"taxonomy":"product_brand","embeddable":true,"href":"https:\/\/www.lomoro.nl\/fr\/wp-json\/wp\/v2\/product_brand?post=4044"},{"taxonomy":"product_cat","embeddable":true,"href":"https:\/\/www.lomoro.nl\/fr\/wp-json\/wp\/v2\/product_cat?post=4044"},{"taxonomy":"product_tag","embeddable":true,"href":"https:\/\/www.lomoro.nl\/fr\/wp-json\/wp\/v2\/product_tag?post=4044"}],"curies":[{"name":"wp","href":"https:\/\/api.w.org\/{rel}","templated":true}]}}