{"id":4051,"date":"2024-12-20T09:19:31","date_gmt":"2024-12-20T09:19:31","guid":{"rendered":"https:\/\/lomoro.nl\/?post_type=product&#038;p=4051"},"modified":"2025-01-10T07:18:15","modified_gmt":"2025-01-10T07:18:15","slug":"stropdas-23","status":"publish","type":"product","link":"https:\/\/www.lomoro.nl\/fr\/products\/stropdas-23\/","title":{"rendered":"Cravate jacquard bordeaux et dor\u00e9"},"content":{"rendered":"<section id=\"shopify-section-template--23762923880771__rich_text_kx9yLB\" class=\"shopify-section section\">\n<div class=\"isolate\">\n<div class=\"rich-text content-container color-scheme-1 gradient rich-text--full-width content-container--full-width section-template--23762923880771__rich_text_kx9yLB-padding\">\n<div class=\"rich-text__wrapper rich-text__wrapper--left page-width\">\n<div class=\"rich-text__blocks left\">\n<div class=\"rich-text__text rte scroll-trigger animate--slide-in\" data-cascade=\"\">\n<p>La cravate jacquard rouge bordeaux et or est une d\u00e9claration d&rsquo;\u00e9l\u00e9gance et de luxe. La couleur bordeaux profond est d\u00e9licatement accentu\u00e9e par un subtil motif jacquard dor\u00e9, qui donne un look unique et raffin\u00e9. Cette cravate a \u00e9t\u00e9 con\u00e7ue avec pr\u00e9cision pour s&rsquo;adapter parfaitement aux tenues traditionnelles et modernes.<\/p>\n<p>Que vous ayez une r\u00e9union d&rsquo;affaires importante ou que vous assistiez \u00e0 une occasion formelle, cette cravate vous donnera une allure \u00e9l\u00e9gante et confiante. Le mat\u00e9riau de haute qualit\u00e9 garantit une texture douce et soyeuse et un n\u0153ud confortable, vous gardant \u00e9l\u00e9gant sans effort tout au long de la journ\u00e9e.<\/p>\n<table style=\"height: 167px;\" width=\"424\">\n<tbody>\n<tr>\n<td><b>Caract\u00e9ristique<\/b><\/td>\n<td><b>D\u00e9tails<\/b><\/td>\n<\/tr>\n<tr>\n<td><b>Mat\u00e9riau<\/b><\/td>\n<td><span style=\"font-weight: 400;\">Polyester jacquard de luxe tiss\u00e9<\/span><\/td>\n<\/tr>\n<tr>\n<td><b>Motif<\/b><\/td>\n<td><span style=\"font-weight: 400;\">Motif jacquard subtil en or<\/span><\/td>\n<\/tr>\n<tr>\n<td><b>Couleur<\/b><\/td>\n<td><span style=\"font-weight: 400;\">Bordeaux et or<\/span><\/td>\n<\/tr>\n<tr>\n<td><b>Dimensions<\/b><\/td>\n<td><span style=\"font-weight: 400;\">150 cm x 8 cm<\/span><\/td>\n<\/tr>\n<tr>\n<td><b>Entretien<\/b><\/td>\n<td><span style=\"font-weight: 400;\">Lavage \u00e0 la main recommand\u00e9<\/span><\/td>\n<\/tr>\n<\/tbody>\n<\/table>\n<p>&nbsp;<\/p>\n<\/div>\n<\/div>\n<\/div>\n<\/div>\n<\/div>\n<\/section>\n","protected":false},"excerpt":{"rendered":"<p>Faites passer votre style au niveau sup\u00e9rieur avec la cravate jacquard bordeaux et dor\u00e9e. Cette magnifique cravate combine une riche teinte bordeaux avec un subtil imprim\u00e9 jacquard dor\u00e9, qui donne un look luxueux. Parfait pour les mariages, les galas ou les r\u00e9unions d&rsquo;affaires formelles. Cette cravate respire la classe et le raffinement. Son mat\u00e9riau de haute qualit\u00e9 et son design d\u00e9taill\u00e9 en font un excellent choix pour tous ceux qui souhaitent donner une impression de style et d&rsquo;\u00e9l\u00e9gance.<\/p>\n<p>\u2702\ufe0f Ajustement parfait, fait sp\u00e9cialement pour vous.<\/p>\n<p>\ud83d\udc54 Des conseils personnalis\u00e9s pour votre look unique.<\/p>\n<p>\ud83e\uddf5 Des mat\u00e9riaux de haute qualit\u00e9 pour un confort ultime.<\/p>\n<p>\ud83c\udfa8 \u00c9l\u00e9gant pour chaque occasion.<\/p>\n<p>\ud83c\udf81 Profitez d&rsquo;un cadeau gratuit \u00e0 chaque visite en magasin !<\/p>\n","protected":false},"featured_media":3027,"template":"","meta":{"_acf_changed":false},"product_brand":[],"product_cat":[151],"product_tag":[],"class_list":{"0":"post-4051","1":"product","2":"type-product","3":"status-publish","4":"has-post-thumbnail","6":"product_cat-stropdas","8":"first","9":"instock","10":"sale","11":"shipping-taxable","12":"purchasable","13":"product-type-simple"},"acf":[],"_links":{"self":[{"href":"https:\/\/www.lomoro.nl\/fr\/wp-json\/wp\/v2\/product\/4051","targetHints":{"allow":["GET"]}}],"collection":[{"href":"https:\/\/www.lomoro.nl\/fr\/wp-json\/wp\/v2\/product"}],"about":[{"href":"https:\/\/www.lomoro.nl\/fr\/wp-json\/wp\/v2\/types\/product"}],"wp:featuredmedia":[{"embeddable":true,"href":"https:\/\/www.lomoro.nl\/fr\/wp-json\/wp\/v2\/media\/3027"}],"wp:attachment":[{"href":"https:\/\/www.lomoro.nl\/fr\/wp-json\/wp\/v2\/media?parent=4051"}],"wp:term":[{"taxonomy":"product_brand","embeddable":true,"href":"https:\/\/www.lomoro.nl\/fr\/wp-json\/wp\/v2\/product_brand?post=4051"},{"taxonomy":"product_cat","embeddable":true,"href":"https:\/\/www.lomoro.nl\/fr\/wp-json\/wp\/v2\/product_cat?post=4051"},{"taxonomy":"product_tag","embeddable":true,"href":"https:\/\/www.lomoro.nl\/fr\/wp-json\/wp\/v2\/product_tag?post=4051"}],"curies":[{"name":"wp","href":"https:\/\/api.w.org\/{rel}","templated":true}]}}