{"id":4059,"date":"2024-12-20T09:21:53","date_gmt":"2024-12-20T09:21:53","guid":{"rendered":"https:\/\/lomoro.nl\/?post_type=product&#038;p=4059"},"modified":"2025-01-10T07:28:30","modified_gmt":"2025-01-10T07:28:30","slug":"stropdas-22","status":"publish","type":"product","link":"https:\/\/www.lomoro.nl\/fr\/products\/stropdas-22\/","title":{"rendered":"Cravate cachemire grise et rose"},"content":{"rendered":"<section id=\"shopify-section-template--23762923880771__rich_text_kx9yLB\" class=\"shopify-section section\">\n<div class=\"isolate\">\n<div class=\"rich-text content-container color-scheme-1 gradient rich-text--full-width content-container--full-width section-template--23762923880771__rich_text_kx9yLB-padding\">\n<div class=\"rich-text__wrapper rich-text__wrapper--left page-width\">\n<div class=\"rich-text__blocks left\">\n<div class=\"rich-text__text rte scroll-trigger animate--slide-in\" data-cascade=\"\">\n<p>La cravate Paisley grise et rose est un accessoire \u00e9l\u00e9gant qui \u00e9tablit un \u00e9quilibre parfait entre sophistication classique et style moderne. Le motif cachemire complexe ajoute une touche de sophistication aux tons doux de gris et de rose, ce qui rend cette cravate id\u00e9ale pour une vari\u00e9t\u00e9 d&rsquo;occasions formelles. Le mat\u00e9riau de haute qualit\u00e9 est doux au toucher et offre un aspect luxueux qui fait forte impression.<\/p>\n<p>Cette cravate a \u00e9t\u00e9 con\u00e7ue avec le souci du d\u00e9tail, avec une finition parfaitement structur\u00e9e, facile \u00e0 nouer et qui reste soign\u00e9e toute la journ\u00e9e. Que vous assistiez \u00e0 un mariage ou que vous ayez une pr\u00e9sentation professionnelle, la cravate Paisley grise et rose garantit un look impeccable et confiant.<\/p>\n<table style=\"height: 178px;\" width=\"475\">\n<tbody>\n<tr>\n<td><b>Caract\u00e9ristique<\/b><\/td>\n<td><b>D\u00e9tails<\/b><\/td>\n<\/tr>\n<tr>\n<td><b>Mat\u00e9riau<\/b><\/td>\n<td>Polyester jacquard de luxe tiss\u00e9<\/td>\n<\/tr>\n<tr>\n<td><b>Motif<\/b><\/td>\n<td>Design paisley en gris et rose<\/td>\n<\/tr>\n<tr>\n<td><b>Couleur<\/b><\/td>\n<td>Gris et rose<\/td>\n<\/tr>\n<tr>\n<td><b>Dimensions<\/b><\/td>\n<td>150 cm x 8 cm<\/td>\n<\/tr>\n<tr>\n<td><b>Entretien<\/b><\/td>\n<td>Lavage \u00e0 la main recommand\u00e9<\/td>\n<\/tr>\n<\/tbody>\n<\/table>\n<\/div>\n<\/div>\n<\/div>\n<\/div>\n<\/div>\n<\/section>\n","protected":false},"excerpt":{"rendered":"<p>Donnez \u00e0 votre tenue une touche \u00e9l\u00e9gante avec la cravate Paisley grise et rose. Le subtil motif cachemire gris et rose cr\u00e9e un look sophistiqu\u00e9, parfait pour les mariages, les r\u00e9unions d&rsquo;affaires ou les \u00e9v\u00e9nements formels.<\/p>\n<p>Cette cravate combine un design moderne avec des d\u00e9tails classiques. Gr\u00e2ce \u00e0 ses mat\u00e9riaux de haute qualit\u00e9 et \u00e0 ses couleurs \u00e9l\u00e9gantes, c&rsquo;est un choix id\u00e9al pour tous ceux qui souhaitent s&rsquo;habiller de mani\u00e8re distinctive et \u00e9l\u00e9gante.<\/p>\n<p>\u2702\ufe0f Ajustement parfait, fait sp\u00e9cialement pour vous.<\/p>\n<p>\ud83d\udc54 Des conseils personnalis\u00e9s pour votre look unique.<\/p>\n<p>\ud83e\uddf5 Des mat\u00e9riaux de haute qualit\u00e9 pour un confort ultime.<\/p>\n<p>\ud83c\udfa8 \u00c9l\u00e9gant pour chaque occasion.<\/p>\n<p>\ud83c\udf81 Profitez d&rsquo;un cadeau gratuit \u00e0 chaque visite en magasin<\/p>\n","protected":false},"featured_media":3030,"template":"","meta":{"_acf_changed":false},"product_brand":[],"product_cat":[151],"product_tag":[],"class_list":{"0":"post-4059","1":"product","2":"type-product","3":"status-publish","4":"has-post-thumbnail","6":"product_cat-stropdas","8":"first","9":"instock","10":"sale","11":"shipping-taxable","12":"purchasable","13":"product-type-simple"},"acf":[],"_links":{"self":[{"href":"https:\/\/www.lomoro.nl\/fr\/wp-json\/wp\/v2\/product\/4059","targetHints":{"allow":["GET"]}}],"collection":[{"href":"https:\/\/www.lomoro.nl\/fr\/wp-json\/wp\/v2\/product"}],"about":[{"href":"https:\/\/www.lomoro.nl\/fr\/wp-json\/wp\/v2\/types\/product"}],"wp:featuredmedia":[{"embeddable":true,"href":"https:\/\/www.lomoro.nl\/fr\/wp-json\/wp\/v2\/media\/3030"}],"wp:attachment":[{"href":"https:\/\/www.lomoro.nl\/fr\/wp-json\/wp\/v2\/media?parent=4059"}],"wp:term":[{"taxonomy":"product_brand","embeddable":true,"href":"https:\/\/www.lomoro.nl\/fr\/wp-json\/wp\/v2\/product_brand?post=4059"},{"taxonomy":"product_cat","embeddable":true,"href":"https:\/\/www.lomoro.nl\/fr\/wp-json\/wp\/v2\/product_cat?post=4059"},{"taxonomy":"product_tag","embeddable":true,"href":"https:\/\/www.lomoro.nl\/fr\/wp-json\/wp\/v2\/product_tag?post=4059"}],"curies":[{"name":"wp","href":"https:\/\/api.w.org\/{rel}","templated":true}]}}