{"id":4062,"date":"2024-12-07T08:47:56","date_gmt":"2024-12-07T08:47:56","guid":{"rendered":"https:\/\/lomoro.nl\/?post_type=product&#038;p=4062"},"modified":"2025-01-03T11:26:11","modified_gmt":"2025-01-03T11:26:11","slug":"trouwpak-2","status":"publish","type":"product","link":"https:\/\/www.lomoro.nl\/fr\/products\/trouwpak-2\/","title":{"rendered":"Costume De Mariage Marron Caramel"},"content":{"rendered":"<p>Le costume de mariage marron caramel est le choix ultime pour les mari\u00e9s qui recherchent un look raffin\u00e9, \u00e9l\u00e9gant et confortable. Avec sa coupe \u00e9pur\u00e9e et son design intemporel, ce costume vous assurera de briller lors de votre journ\u00e9e sp\u00e9ciale.<\/p>\n<p>Chez Lomoro, nous sommes fiers de nos tissus et de notre savoir-faire de haute qualit\u00e9. Ce costume offre une polyvalence qui le rend adapt\u00e9 aux mariages classiques et modernes. D\u00e9couvrez la sophistication de Lomoro et d\u00e9couvrez un costume parfaitement adapt\u00e9 qui r\u00e9pond \u00e0 votre style et \u00e0 vos besoins uniques.<\/p>\n<div class=\"react-scroll-to-bottom--css-qxbuh-1n7m0yu\">\n<div class=\"flex flex-col text-sm md:pb-9\">\n<article class=\"w-full scroll-mb-[var(--thread-trailing-height,150px)] text-token-text-primary focus-visible:outline-2 focus-visible:outline-offset-[-4px] sm:AIPRM__conversation__response\" dir=\"auto\" data-testid=\"conversation-turn-113\" data-scroll-anchor=\"true\">\n<div class=\"m-auto text-base py-[18px] px-3 md:px-4 w-full md:px-5 lg:px-4 xl:px-5\">\n<div class=\"mx-auto flex flex-1 gap-4 text-base md:gap-5 lg:gap-6 md:max-w-3xl lg:max-w-[40rem] xl:max-w-[48rem]\">\n<div class=\"group\/conversation-turn relative flex w-full min-w-0 flex-col agent-turn\">\n<div class=\"flex-col gap-1 md:gap-3\">\n<div class=\"flex max-w-full flex-col flex-grow AIPRM__conversation__response\">\n<div class=\"min-h-8 text-message flex w-full flex-col items-end gap-2 whitespace-normal break-words text-start [.text-message+&amp;]:mt-5\" dir=\"auto\" data-message-author-role=\"assistant\" data-message-id=\"67107ea2-3d4e-41b6-adfd-45c7dde4e369\" data-message-model-slug=\"gpt-4o\">\n<div class=\"flex w-full flex-col gap-1 empty:hidden first:pt-[3px]\">\n<div class=\"markdown prose w-full break-words dark:prose-invert light\">\n<table>\n<thead>\n<tr>\n<th>Caract\u00e9ristique<\/th>\n<th>D\u00e9tails<\/th>\n<\/tr>\n<\/thead>\n<tbody>\n<tr>\n<td>Mat\u00e9riau<\/td>\n<td>Tissus de haute qualit\u00e9<\/td>\n<\/tr>\n<tr>\n<td>Couleur<\/td>\n<td>Brun caramel<\/td>\n<\/tr>\n<tr>\n<td>Tailles disponibles<\/td>\n<td>Jusqu&rsquo;\u00e0 la taille 72<\/td>\n<\/tr>\n<tr>\n<td>Coupe<\/td>\n<td>Sur mesure pour un ajustement parfait<\/td>\n<\/tr>\n<tr>\n<td>Style<\/td>\n<td>Classique avec des accents modernes<\/td>\n<\/tr>\n<tr>\n<td>Entretien<\/td>\n<td>Nettoyage professionnel recommand\u00e9<\/td>\n<\/tr>\n<\/tbody>\n<\/table>\n<\/div>\n<\/div>\n<\/div>\n<\/div>\n<\/div>\n<\/div>\n<\/div>\n<\/div>\n<\/article>\n<\/div>\n<\/div>\n","protected":false},"excerpt":{"rendered":"<p>Fabriqu\u00e9 \u00e0 partir de mat\u00e9riaux luxueux, le costume de mariage marron caramel respire la sophistication et le confort. Le costume se compose d&rsquo;une veste droite \u00e0 revers crant\u00e9s, d&rsquo;un gilet \u00e0 cinq boutons et d&rsquo;un pantalon de tailleur. La couleur marron caramel chaude, combin\u00e9e \u00e0 une chemise noire et une cravate cachemire, rend ce costume parfait pour les occasions \u00e9l\u00e9gantes et formelles. Ajustement parfait, fait sp\u00e9cialement pour vous.<\/p>\n<p>\u2702\ufe0f\u00a0 Coupe parfaite, fabriqu\u00e9e sp\u00e9cialement pour vous.<br \/>\n\ud83d\udc54\u00a0 Des conseils personnalis\u00e9s pour votre look unique.<br \/>\n\ud83e\uddf5\u00a0 Des mati\u00e8res haut de gamme pour un confort ultime.<br \/>\n\ud83c\udfa8\u00a0 \u00c9l\u00e9gant pour toutes les occasions.<br \/>\n\ud83c\udf81 Profitez d&rsquo;un cadeau gratuit \u00e0 chaque visite en magasin !<\/p>\n","protected":false},"featured_media":1653,"template":"","meta":{"_acf_changed":false},"product_brand":[],"product_cat":[153],"product_tag":[],"class_list":{"0":"post-4062","1":"product","2":"type-product","3":"status-publish","4":"has-post-thumbnail","6":"product_cat-trouwpak-voor-mannen","8":"first","9":"instock","10":"sale","11":"shipping-taxable","12":"purchasable","13":"product-type-simple"},"acf":[],"_links":{"self":[{"href":"https:\/\/www.lomoro.nl\/fr\/wp-json\/wp\/v2\/product\/4062","targetHints":{"allow":["GET"]}}],"collection":[{"href":"https:\/\/www.lomoro.nl\/fr\/wp-json\/wp\/v2\/product"}],"about":[{"href":"https:\/\/www.lomoro.nl\/fr\/wp-json\/wp\/v2\/types\/product"}],"wp:featuredmedia":[{"embeddable":true,"href":"https:\/\/www.lomoro.nl\/fr\/wp-json\/wp\/v2\/media\/1653"}],"wp:attachment":[{"href":"https:\/\/www.lomoro.nl\/fr\/wp-json\/wp\/v2\/media?parent=4062"}],"wp:term":[{"taxonomy":"product_brand","embeddable":true,"href":"https:\/\/www.lomoro.nl\/fr\/wp-json\/wp\/v2\/product_brand?post=4062"},{"taxonomy":"product_cat","embeddable":true,"href":"https:\/\/www.lomoro.nl\/fr\/wp-json\/wp\/v2\/product_cat?post=4062"},{"taxonomy":"product_tag","embeddable":true,"href":"https:\/\/www.lomoro.nl\/fr\/wp-json\/wp\/v2\/product_tag?post=4062"}],"curies":[{"name":"wp","href":"https:\/\/api.w.org\/{rel}","templated":true}]}}