{"id":4066,"date":"2024-12-20T09:24:36","date_gmt":"2024-12-20T09:24:36","guid":{"rendered":"https:\/\/lomoro.nl\/?post_type=product&#038;p=4066"},"modified":"2025-01-13T09:59:04","modified_gmt":"2025-01-13T09:59:04","slug":"stropdas-21","status":"publish","type":"product","link":"https:\/\/www.lomoro.nl\/fr\/products\/stropdas-21\/","title":{"rendered":"Ensemble de cravate et pochette de costume dor\u00e9es et noires"},"content":{"rendered":"<p><span>L&rsquo;\u00a0<\/span><b><span>ensemble cravate et pochette de costume dor\u00e9s et noirs\u00a0<\/span><\/b><span>est une d\u00e9claration d&rsquo;\u00e9l\u00e9gance intemporelle et de sophistication moderne. Le riche design jacquard dans des tons contrast\u00e9s dor\u00e9s et noirs cr\u00e9e un look luxueux qui compl\u00e8te n&rsquo;importe quelle tenue. Cet ensemble soigneusement con\u00e7u est le choix parfait pour ceux qui recherchent un accessoire alliant confort, style et qualit\u00e9.<\/span><\/p>\n<p><span>Cet ensemble est plus qu&rsquo;une simple cravate ; c&rsquo;est un symbole de confiance en soi et de classe. La pochette de costume assortie offre une polyvalence qui permet de cr\u00e9er facilement un look harmonieux et sophistiqu\u00e9. Que vous assistiez \u00e0 une occasion formelle ou \u00e0 une r\u00e9union d&rsquo;affaires, cet ensemble constitue une pr\u00e9sentation impressionnante et \u00e9l\u00e9gante.<\/span><\/p>\n<table>\n<tbody>\n<tr>\n<td><b><span>Fonctionnalit\u00e9<\/span><\/b><\/td>\n<td><b><span>D\u00e9tails<\/span><\/b><\/td>\n<\/tr>\n<tr>\n<td><b><span>Mat\u00e9riel<\/span><\/b><\/td>\n<td><span>Polyester jacquard de haute qualit\u00e9<\/span><\/td>\n<\/tr>\n<tr>\n<td><b><span>Cartouche<\/span><\/b><\/td>\n<td><span>Design de luxe en or et noir<\/span><\/td>\n<\/tr>\n<tr>\n<td><b><span>Couleur<\/span><\/b><\/td>\n<td><span>Or et noir<\/span><\/td>\n<\/tr>\n<tr>\n<td><b><span>Dimensions<\/span><\/b><\/td>\n<td><span>Cravate : 150 cm x 8 cm, Pochette : 25 x 25 cm<\/span><\/td>\n<\/tr>\n<tr>\n<td><b><span>Entretien<\/span><\/b><\/td>\n<td><span>Lavage \u00e0 la main recommand\u00e9<\/span><\/td>\n<\/tr>\n<\/tbody>\n<\/table>\n","protected":false},"excerpt":{"rendered":"<div class=\"product__tax caption rte\">\n<p><span>Faites passer votre style au niveau sup\u00e9rieur avec l&rsquo;\u00a0<\/span><b><span>ensemble cravate et pochette de costume dor\u00e9s et noirs\u00a0<\/span><\/b><span>. Cette combinaison de tons luxueux d&rsquo;or et de noir respire la sophistication et l&rsquo;\u00e9l\u00e9gance, id\u00e9ale pour les occasions formelles et les moments sp\u00e9ciaux. Le motif jacquard subtil ajoute une touche de classe \u00e0 votre tenue, tandis que le mat\u00e9riau de haute qualit\u00e9 offre confort et durabilit\u00e9. Parfait pour marquer les esprits lors de mariages, galas et \u00e9v\u00e9nements d\u2019entreprise.<\/span><\/p>\n<p>\u2702\ufe0f<span>Ajustement parfait, fait sp\u00e9cialement pour vous.<\/span><\/p>\n<p>\ud83d\udc54<span>Des conseils personnalis\u00e9s pour votre look unique.<\/span><\/p>\n<p>\ud83e\uddf5<span>Des mat\u00e9riaux de haute qualit\u00e9 pour un confort ultime.<\/span><\/p>\n<p>\ud83c\udfa8<span>\u00c9l\u00e9gant pour chaque occasion.<\/span><\/p>\n<p>\ud83c\udf81<span>Profitez d&rsquo;un cadeau gratuit \u00e0 chaque visite en magasin\u00a0!<\/span><\/p>\n<\/div>\n","protected":false},"featured_media":3033,"template":"","meta":{"_acf_changed":false},"product_brand":[],"product_cat":[151],"product_tag":[],"class_list":{"0":"post-4066","1":"product","2":"type-product","3":"status-publish","4":"has-post-thumbnail","6":"product_cat-stropdas","8":"first","9":"instock","10":"sale","11":"shipping-taxable","12":"purchasable","13":"product-type-simple"},"acf":[],"_links":{"self":[{"href":"https:\/\/www.lomoro.nl\/fr\/wp-json\/wp\/v2\/product\/4066","targetHints":{"allow":["GET"]}}],"collection":[{"href":"https:\/\/www.lomoro.nl\/fr\/wp-json\/wp\/v2\/product"}],"about":[{"href":"https:\/\/www.lomoro.nl\/fr\/wp-json\/wp\/v2\/types\/product"}],"wp:featuredmedia":[{"embeddable":true,"href":"https:\/\/www.lomoro.nl\/fr\/wp-json\/wp\/v2\/media\/3033"}],"wp:attachment":[{"href":"https:\/\/www.lomoro.nl\/fr\/wp-json\/wp\/v2\/media?parent=4066"}],"wp:term":[{"taxonomy":"product_brand","embeddable":true,"href":"https:\/\/www.lomoro.nl\/fr\/wp-json\/wp\/v2\/product_brand?post=4066"},{"taxonomy":"product_cat","embeddable":true,"href":"https:\/\/www.lomoro.nl\/fr\/wp-json\/wp\/v2\/product_cat?post=4066"},{"taxonomy":"product_tag","embeddable":true,"href":"https:\/\/www.lomoro.nl\/fr\/wp-json\/wp\/v2\/product_tag?post=4066"}],"curies":[{"name":"wp","href":"https:\/\/api.w.org\/{rel}","templated":true}]}}