{"id":4079,"date":"2024-12-09T12:31:51","date_gmt":"2024-12-09T12:31:51","guid":{"rendered":"https:\/\/lomoro.nl\/?post_type=product&#038;p=4079"},"modified":"2025-01-03T11:29:18","modified_gmt":"2025-01-03T11:29:18","slug":"3-delig-pak-25","status":"publish","type":"product","link":"https:\/\/www.lomoro.nl\/fr\/products\/3-delig-pak-25\/","title":{"rendered":"Costume 3 pi\u00e8ces noir homme"},"content":{"rendered":"<p>Le costume 3 pi\u00e8ces noir pour homme d\u00e9gage une \u00e9l\u00e9gance et un raffinement intemporels. Cet ensemble noir classique allie savoir-faire moderne et polyvalence, ce qui en fait le choix id\u00e9al pour les \u00e9v\u00e9nements formels, les mariages et les r\u00e9unions d&rsquo;affaires. Les lignes \u00e9pur\u00e9es et la coupe confortable font de ce costume un \u00e9l\u00e9ment indispensable dans toute garde-robe.<\/p>\n<p>Le costume noir 3 pi\u00e8ces pour homme comprend un blazer \u00e0 simple boutonnage, un gilet \u00e0 double boutonnage et un pantalon classique. Le noir profond constitue la base id\u00e9ale pour des combinaisons infinies, que vous choisissiez une chemise blanche formelle ou une cravate color\u00e9e tendance. Con\u00e7u avec une attention aux d\u00e9tails et fabriqu\u00e9 \u00e0 partir de mat\u00e9riaux de premi\u00e8re qualit\u00e9, ce costume vous gardera \u00e0 l&rsquo;aise et confiant tout au long de la journ\u00e9e.<\/p>\n<table style=\"height: 338px;\" width=\"620\">\n<tbody>\n<tr>\n<td><b>Caract\u00e9ristique<\/b><\/td>\n<td><b>D\u00e9tails<\/b><\/td>\n<\/tr>\n<tr>\n<td><b>Mat\u00e9riau<\/b><\/td>\n<td><span style=\"font-weight: 400;\">M\u00e9lange de laine de luxe<\/span><\/td>\n<\/tr>\n<tr>\n<td><b>Couleur<\/b><\/td>\n<td><span style=\"font-weight: 400;\">Noir classique<\/span><\/td>\n<\/tr>\n<tr>\n<td><b>Tailles disponibles<\/b><\/td>\n<td><span style=\"font-weight: 400;\">Petites tailles 46-62 \/ Grandes tailles 58-72<\/span><\/td>\n<\/tr>\n<tr>\n<td><b>Coupe<\/b><\/td>\n<td><span style=\"font-weight: 400;\">Coupe slim pour une allure moderne<\/span><\/td>\n<\/tr>\n<tr>\n<td><b>Instructions de lavage<\/b><\/td>\n<td><span style=\"font-weight: 400;\">Nettoyage \u00e0 sec professionnel<\/span><\/td>\n<\/tr>\n<\/tbody>\n<\/table>\n<p>&nbsp;<\/p>\n","protected":false},"excerpt":{"rendered":"<div class=\"product__tax caption rte\">\n<p>Le costume 3 pi\u00e8ces noir pour homme de Lomoro est un ensemble \u00e9l\u00e9gant, compos\u00e9 d&rsquo;un blazer ajust\u00e9, d&rsquo;un gilet assorti et d&rsquo;un pantalon classique. Ce costume est con\u00e7u pour offrir \u00e0 la fois confort et \u00e9l\u00e9gance, id\u00e9al pour les occasions formelles telles que les mariages, les r\u00e9unions d&rsquo;affaires ou les \u00e9v\u00e9nements sp\u00e9ciaux. Fabriqu\u00e9 \u00e0 partir de mat\u00e9riaux de haute qualit\u00e9, il assure un ajustement confortable et un look raffin\u00e9. La coupe slim accentue la forme du corps, tandis que la couleur noire donne un look intemporel et moderne. Disponible dans les tailles jusqu&rsquo;au 72 inclus, la combinaison convient donc \u00e0 diff\u00e9rentes morphologies.<\/p>\n<p>\u2702\ufe0f Ajustement parfait, fait sp\u00e9cialement pour vous.<\/p>\n<p>\ud83d\udc54 Des conseils personnalis\u00e9s pour votre look unique.<\/p>\n<p>\ud83e\uddf5 Des mat\u00e9riaux de haute qualit\u00e9 pour un confort ultime.<\/p>\n<p>\ud83c\udfa8 \u00c9l\u00e9gant pour chaque occasion.<\/p>\n<p>\ud83c\udf81 Profitez d&rsquo;un cadeau gratuit \u00e0 chaque visite en magasin !<\/p>\n<\/div>\n","protected":false},"featured_media":1818,"template":"","meta":{"_acf_changed":false},"product_brand":[],"product_cat":[113],"product_tag":[],"class_list":{"0":"post-4079","1":"product","2":"type-product","3":"status-publish","4":"has-post-thumbnail","6":"product_cat-3-delig-kostuums","8":"first","9":"instock","10":"sale","11":"shipping-taxable","12":"purchasable","13":"product-type-simple"},"acf":[],"_links":{"self":[{"href":"https:\/\/www.lomoro.nl\/fr\/wp-json\/wp\/v2\/product\/4079","targetHints":{"allow":["GET"]}}],"collection":[{"href":"https:\/\/www.lomoro.nl\/fr\/wp-json\/wp\/v2\/product"}],"about":[{"href":"https:\/\/www.lomoro.nl\/fr\/wp-json\/wp\/v2\/types\/product"}],"wp:featuredmedia":[{"embeddable":true,"href":"https:\/\/www.lomoro.nl\/fr\/wp-json\/wp\/v2\/media\/1818"}],"wp:attachment":[{"href":"https:\/\/www.lomoro.nl\/fr\/wp-json\/wp\/v2\/media?parent=4079"}],"wp:term":[{"taxonomy":"product_brand","embeddable":true,"href":"https:\/\/www.lomoro.nl\/fr\/wp-json\/wp\/v2\/product_brand?post=4079"},{"taxonomy":"product_cat","embeddable":true,"href":"https:\/\/www.lomoro.nl\/fr\/wp-json\/wp\/v2\/product_cat?post=4079"},{"taxonomy":"product_tag","embeddable":true,"href":"https:\/\/www.lomoro.nl\/fr\/wp-json\/wp\/v2\/product_tag?post=4079"}],"curies":[{"name":"wp","href":"https:\/\/api.w.org\/{rel}","templated":true}]}}