{"id":4099,"date":"2024-12-07T09:56:54","date_gmt":"2024-12-07T09:56:54","guid":{"rendered":"https:\/\/lomoro.nl\/?post_type=product&#038;p=4099"},"modified":"2025-01-03T12:27:38","modified_gmt":"2025-01-03T12:27:38","slug":"trouwpak-18","status":"publish","type":"product","link":"https:\/\/www.lomoro.nl\/fr\/products\/trouwpak-18\/","title":{"rendered":"Costume De Mariage Beige Doux Homme"},"content":{"rendered":"<p>Le costume de mariage beige doux pour homme offre une combinaison parfaite de confort et d&rsquo;\u00e9l\u00e9gance, id\u00e9ale pour les mari\u00e9s qui recherchent un look moderne et intemporel. Ce costume sur mesure est con\u00e7u pour offrir une coupe impeccable, en mettant l&rsquo;accent sur des finitions de haute qualit\u00e9 et des d\u00e9tails subtils.<\/p>\n<p>Chez Lomoro, nous visons la perfection dans chaque costume. Ce costume de mariage beige est non seulement un investissement en style, mais aussi en confort et en polyvalence. Laissez-vous inspirer par l&rsquo;apparence \u00e9l\u00e9gante et profitez d&rsquo;un costume enti\u00e8rement adapt\u00e9 \u00e0 vos souhaits.<\/p>\n<article class=\"w-full scroll-mb-[var(--thread-trailing-height,150px)] text-token-text-primary focus-visible:outline-2 focus-visible:outline-offset-[-4px] sm:AIPRM__conversation__response\" dir=\"auto\" data-testid=\"conversation-turn-113\" data-scroll-anchor=\"false\">\n<div class=\"m-auto text-base py-[18px] px-3 md:px-4 w-full md:px-5 lg:px-4 xl:px-5\">\n<div class=\"mx-auto flex flex-1 gap-4 text-base md:gap-5 lg:gap-6 md:max-w-3xl lg:max-w-[40rem] xl:max-w-[48rem]\">\n<div class=\"group\/conversation-turn relative flex w-full min-w-0 flex-col agent-turn\">\n<div class=\"flex-col gap-1 md:gap-3\">\n<div class=\"flex max-w-full flex-col flex-grow AIPRM__conversation__response\">\n<div class=\"min-h-8 text-message flex w-full flex-col items-end gap-2 whitespace-normal break-words text-start [.text-message+&amp;]:mt-5\" dir=\"auto\" data-message-author-role=\"assistant\" data-message-id=\"67107ea2-3d4e-41b6-adfd-45c7dde4e369\" data-message-model-slug=\"gpt-4o\">\n<div class=\"flex w-full flex-col gap-1 empty:hidden first:pt-[3px]\">\n<div class=\"markdown prose w-full break-words dark:prose-invert light\">\n<table>\n<thead>\n<tr>\n<th>Caract\u00e9ristique<\/th>\n<th>D\u00e9tails<\/th>\n<\/tr>\n<\/thead>\n<tbody>\n<tr>\n<td>Mat\u00e9riau<\/td>\n<td>Tissus de haute qualit\u00e9<\/td>\n<\/tr>\n<tr>\n<td>Couleur<\/td>\n<td>Brun caramel<\/td>\n<\/tr>\n<tr>\n<td>Tailles disponibles<\/td>\n<td>Jusqu&rsquo;\u00e0 la taille 72<\/td>\n<\/tr>\n<tr>\n<td>Coupe<\/td>\n<td>Sur mesure pour un ajustement parfait<\/td>\n<\/tr>\n<tr>\n<td>Style<\/td>\n<td>Classique avec des accents modernes<\/td>\n<\/tr>\n<tr>\n<td>Entretien<\/td>\n<td>Nettoyage professionnel recommand\u00e9<\/td>\n<\/tr>\n<\/tbody>\n<\/table>\n<\/div>\n<\/div>\n<\/div>\n<\/div>\n<\/div>\n<\/div>\n<\/div>\n<\/div>\n<\/article>\n","protected":false},"excerpt":{"rendered":"<div class=\"product__tax caption rte\">Associez style et sophistication le jour de votre mariage avec le costume de mariage beige doux pour homme. Con\u00e7u avec des mat\u00e9riaux de haute qualit\u00e9 et un souci du d\u00e9tail, ce costume allie \u00e9l\u00e9gance et confort. Le costume se compose d&rsquo;un blazer \u00e0 boutonnage simple \u00e0 deux boutons, d&rsquo;un gilet moderne \u00e0 cinq boutons et d&rsquo;un pantalon slim. Pour un look complet, on l&rsquo;associe \u00e0 une chemise ivoire et une cravate en satin qui accentuent parfaitement la douce teinte beige. Ajustement parfait, fait sp\u00e9cialement pour vous. Des conseils personnalis\u00e9s pour votre look unique. Des mat\u00e9riaux de haute qualit\u00e9 pour un confort ultime. \u00c9l\u00e9gant pour chaque occasion. Profitez d&rsquo;un cadeau gratuit \u00e0 chaque visite en magasin\u00a0!<\/div>\n<div>\n<p>\u2702\ufe0f Coupe parfaite, fabriqu\u00e9e sp\u00e9cialement pour vous.<\/p>\n<p>\ud83d\udc54 Des conseils personnalis\u00e9s pour votre look unique.<\/p>\n<p>\ud83e\uddf5 Des mat\u00e9riaux de haute qualit\u00e9 pour un confort ultime.<\/p>\n<p>\ud83c\udfa8 \u00c9l\u00e9gant pour toutes les occasions.<\/p>\n<p>\ud83c\udf81 Profitez d&rsquo;un cadeau gratuit \u00e0 chaque visite en magasin !<\/p>\n<\/div>\n","protected":false},"featured_media":1719,"template":"","meta":{"_acf_changed":false},"product_brand":[],"product_cat":[153],"product_tag":[],"class_list":{"0":"post-4099","1":"product","2":"type-product","3":"status-publish","4":"has-post-thumbnail","6":"product_cat-trouwpak-voor-mannen","8":"first","9":"instock","10":"sale","11":"shipping-taxable","12":"purchasable","13":"product-type-simple"},"acf":[],"_links":{"self":[{"href":"https:\/\/www.lomoro.nl\/fr\/wp-json\/wp\/v2\/product\/4099","targetHints":{"allow":["GET"]}}],"collection":[{"href":"https:\/\/www.lomoro.nl\/fr\/wp-json\/wp\/v2\/product"}],"about":[{"href":"https:\/\/www.lomoro.nl\/fr\/wp-json\/wp\/v2\/types\/product"}],"wp:featuredmedia":[{"embeddable":true,"href":"https:\/\/www.lomoro.nl\/fr\/wp-json\/wp\/v2\/media\/1719"}],"wp:attachment":[{"href":"https:\/\/www.lomoro.nl\/fr\/wp-json\/wp\/v2\/media?parent=4099"}],"wp:term":[{"taxonomy":"product_brand","embeddable":true,"href":"https:\/\/www.lomoro.nl\/fr\/wp-json\/wp\/v2\/product_brand?post=4099"},{"taxonomy":"product_cat","embeddable":true,"href":"https:\/\/www.lomoro.nl\/fr\/wp-json\/wp\/v2\/product_cat?post=4099"},{"taxonomy":"product_tag","embeddable":true,"href":"https:\/\/www.lomoro.nl\/fr\/wp-json\/wp\/v2\/product_tag?post=4099"}],"curies":[{"name":"wp","href":"https:\/\/api.w.org\/{rel}","templated":true}]}}