{"id":4100,"date":"2024-12-17T08:18:07","date_gmt":"2024-12-17T08:18:07","guid":{"rendered":"https:\/\/lomoro.nl\/?post_type=product&#038;p=4100"},"modified":"2025-01-14T11:00:53","modified_gmt":"2025-01-14T11:00:53","slug":"jasje","status":"publish","type":"product","link":"https:\/\/www.lomoro.nl\/fr\/products\/jasje\/","title":{"rendered":"Veste d&rsquo;hiver grise"},"content":{"rendered":"<p>La veste d&rsquo;hiver grise est le choix id\u00e9al pour l&rsquo;hiver, con\u00e7ue non seulement pour vous prot\u00e9ger du froid mais \u00e9galement pour vous donner un look \u00e0 la mode. La couleur grise rend la veste extr\u00eamement polyvalente et adapt\u00e9e \u00e0 diverses occasions, des sorties d\u00e9contract\u00e9es aux \u00e9v\u00e9nements formels. La veste est fabriqu\u00e9e dans un mat\u00e9riau respirant de haute qualit\u00e9 qui procure de la chaleur sans \u00eatre trop lourd. La doublure robuste et la coupe moderne garantissent que vous avez toujours l&rsquo;air \u00e9l\u00e9gant, quelles que soient les conditions m\u00e9t\u00e9orologiques.<\/p>\n<p>Cette veste est non seulement pratique, mais aussi tr\u00e8s confortable. La doublure vous garde bien au chaud, tandis que le tissu ext\u00e9rieur r\u00e9siste aux \u00e9l\u00e9ments hivernaux. Que vous soyez en promenade hivernale ou sur le chemin du travail, la veste d&rsquo;hiver grise offre l&rsquo;\u00e9quilibre parfait entre confort et style. La finition moderne, comprenant une fermeture \u00e9clair et des poches bien con\u00e7ues, rend cette veste non seulement pratique mais \u00e9galement un ajout \u00e9l\u00e9gant \u00e0 votre garde-robe d&rsquo;hiver.<\/p>\n<table>\n<tbody>\n<tr>\n<td><b>Caract\u00e9ristique<\/b><\/td>\n<td><b>D\u00e9tails<\/b><\/td>\n<\/tr>\n<tr>\n<td><b>Mat\u00e9riau<\/b><\/td>\n<td><span style=\"font-weight: 400;\">M\u00e9lange de laine de haute qualit\u00e9 et tissus respirants<\/span><\/td>\n<\/tr>\n<tr>\n<td><b>Couleur<\/b><\/td>\n<td><span style=\"font-weight: 400;\">Gris<\/span><\/td>\n<\/tr>\n<tr>\n<td><b>Tailles<\/b><\/td>\n<td><span style=\"font-weight: 400;\">Disponible en plusieurs tailles<\/span><\/td>\n<\/tr>\n<tr>\n<td><b>Coupe<\/b><\/td>\n<td><span style=\"font-weight: 400;\">Slim-fit pour une apparence moderne<\/span><\/td>\n<\/tr>\n<tr>\n<td><b>Instructions de lavage<\/b><\/td>\n<td><span style=\"font-weight: 400;\">Lavable en machine (max 30\u00b0C)<\/span><\/td>\n<\/tr>\n<\/tbody>\n<\/table>\n<p>&nbsp;<\/p>\n","protected":false},"excerpt":{"rendered":"<div class=\"product__tax caption rte\">\n<p>La veste d&rsquo;hiver grise offre \u00e0 la fois style et fonctionnalit\u00e9 pour les mois les plus froids. Avec son design moderne et sa doublure chaude, cette veste est parfaite pour l&rsquo;hiver, tout en conservant un look raffin\u00e9 et chic. Il est id\u00e9al aussi bien pour un usage quotidien que pour les sorties hivernales formelles.<\/p>\n<p>Cette veste d&rsquo;hiver polyvalente a une couleur grise intemporelle qui est facile \u00e0 combiner avec diff\u00e9rentes tenues. Les tissus de haute qualit\u00e9 garantissent que vous restez \u00e0 l&rsquo;aise et au chaud tout au long de la saison, sans compromettre le style.<\/p>\n<p>\u2702\ufe0f Coupe parfaite, fabriqu\u00e9e sp\u00e9cialement pour vous.<\/p>\n<p>\ud83d\udc54 Des conseils personnalis\u00e9s pour votre look unique.<\/p>\n<p>\ud83e\uddf5 Des mat\u00e9riaux de haute qualit\u00e9 pour un confort ultime.<\/p>\n<p>\ud83c\udfa8 \u00c9l\u00e9gant pour toutes les occasions.<\/p>\n<p>\ud83c\udf81 Profitez d&rsquo;un cadeau gratuit \u00e0 chaque visite en magasin !<\/p>\n<\/div>\n","protected":false},"featured_media":2742,"template":"","meta":{"_acf_changed":false},"product_brand":[],"product_cat":[134],"product_tag":[],"class_list":{"0":"post-4100","1":"product","2":"type-product","3":"status-publish","4":"has-post-thumbnail","6":"product_cat-jassen","8":"first","9":"instock","10":"sale","11":"shipping-taxable","12":"purchasable","13":"product-type-simple"},"acf":[],"_links":{"self":[{"href":"https:\/\/www.lomoro.nl\/fr\/wp-json\/wp\/v2\/product\/4100","targetHints":{"allow":["GET"]}}],"collection":[{"href":"https:\/\/www.lomoro.nl\/fr\/wp-json\/wp\/v2\/product"}],"about":[{"href":"https:\/\/www.lomoro.nl\/fr\/wp-json\/wp\/v2\/types\/product"}],"wp:featuredmedia":[{"embeddable":true,"href":"https:\/\/www.lomoro.nl\/fr\/wp-json\/wp\/v2\/media\/2742"}],"wp:attachment":[{"href":"https:\/\/www.lomoro.nl\/fr\/wp-json\/wp\/v2\/media?parent=4100"}],"wp:term":[{"taxonomy":"product_brand","embeddable":true,"href":"https:\/\/www.lomoro.nl\/fr\/wp-json\/wp\/v2\/product_brand?post=4100"},{"taxonomy":"product_cat","embeddable":true,"href":"https:\/\/www.lomoro.nl\/fr\/wp-json\/wp\/v2\/product_cat?post=4100"},{"taxonomy":"product_tag","embeddable":true,"href":"https:\/\/www.lomoro.nl\/fr\/wp-json\/wp\/v2\/product_tag?post=4100"}],"curies":[{"name":"wp","href":"https:\/\/api.w.org\/{rel}","templated":true}]}}