{"id":4112,"date":"2024-12-07T09:25:48","date_gmt":"2024-12-07T09:25:48","guid":{"rendered":"https:\/\/lomoro.nl\/?post_type=product&#038;p=4112"},"modified":"2025-01-03T13:12:16","modified_gmt":"2025-01-03T13:12:16","slug":"trouwpak-11","status":"publish","type":"product","link":"https:\/\/www.lomoro.nl\/fr\/products\/trouwpak-11\/","title":{"rendered":"Costume De Mariage Bleu"},"content":{"rendered":"<section id=\"shopify-section-template--23762923880771__rich_text_kx9yLB\" class=\"shopify-section section\">\n<div class=\"isolate\">\n<div class=\"rich-text content-container color-scheme-1 gradient rich-text--full-width content-container--full-width section-template--23762923880771__rich_text_kx9yLB-padding\">\n<div class=\"rich-text__wrapper rich-text__wrapper--left page-width\">\n<div class=\"rich-text__blocks left\">\n<div class=\"rich-text__text rte scroll-trigger animate--slide-in\" data-cascade=\"\">\n<p>Le costume de mariage bleu allie \u00e9l\u00e9gance intemporelle et savoir-faire moderne, ce qui le rend id\u00e9al pour les mari\u00e9s qui appr\u00e9cient un look \u00e9l\u00e9gant et sophistiqu\u00e9 le jour de leur mariage. Ce costume sur mesure offre une coupe parfaite et un confort in\u00e9gal\u00e9, pour que vous puissiez profiter de votre moment privil\u00e9gi\u00e9 du d\u00e9but \u00e0 la fin. Chez Lomoro, nous rendons chaque costume de mariage unique et personnel. Notre costume de mariage bleu est un incontournable pour les mari\u00e9s qui souhaitent faire bonne impression.<\/p>\n<p>Faites passer votre style de mariage au niveau sup\u00e9rieur avec notre costume de mariage bleu tendance, con\u00e7u pour l&rsquo;homme moderne qui appr\u00e9cie l&rsquo;\u00e9l\u00e9gance et la sophistication classiques. Ce costume chic allie parfaitement \u00e9l\u00e9gance et confort pour vous assurer de vous sentir mieux lors de votre grand jour. Chaque costume de mariage bleu pour homme est confectionn\u00e9 sur mesure, garantissant un ajustement impeccable \u00e0 votre morphologie et renfor\u00e7ant votre confiance.<\/p>\n<p>Que vous pr\u00e9f\u00e9riez un costume de mariage bleu clair ou bleu fonc\u00e9, vous disposez d&rsquo;une infinit\u00e9 d&rsquo;options pour personnaliser votre tenue. Associez-le \u00e0 une cravate styl\u00e9e ou \u00e0 des accessoires aux couleurs contrast\u00e9es pour un look irr\u00e9sistible. C\u00e9l\u00e9brez votre journ\u00e9e sp\u00e9ciale avec style avec notre parfait costume de mariage bleu pour hommes.<\/p>\n<article class=\"w-full scroll-mb-[var(--thread-trailing-height,150px)] text-token-text-primary focus-visible:outline-2 focus-visible:outline-offset-[-4px] sm:AIPRM__conversation__response\" dir=\"auto\" data-testid=\"conversation-turn-121\" data-scroll-anchor=\"true\">\n<div class=\"m-auto text-base py-[18px] px-3 md:px-4 w-full md:px-5 lg:px-4 xl:px-5\">\n<div class=\"mx-auto flex flex-1 gap-4 text-base md:gap-5 lg:gap-6 md:max-w-3xl lg:max-w-[40rem] xl:max-w-[48rem]\">\n<div class=\"group\/conversation-turn relative flex w-full min-w-0 flex-col agent-turn\">\n<div class=\"flex-col gap-1 md:gap-3\">\n<div class=\"flex max-w-full flex-col flex-grow AIPRM__conversation__response\">\n<div class=\"min-h-8 text-message flex w-full flex-col items-end gap-2 whitespace-normal break-words text-start [.text-message+&amp;]:mt-5\" dir=\"auto\" data-message-author-role=\"assistant\" data-message-id=\"b8d6217a-cea2-49b7-8c7b-c32bba1f164d\" data-message-model-slug=\"gpt-4o\">\n<div class=\"flex w-full flex-col gap-1 empty:hidden first:pt-[3px]\">\n<div class=\"markdown prose w-full break-words dark:prose-invert light\">\n<table>\n<thead>\n<tr>\n<th><strong>Caract\u00e9ristique<\/strong><\/th>\n<th><strong>D\u00e9tails<\/strong><\/th>\n<\/tr>\n<\/thead>\n<tbody>\n<tr>\n<td>Mat\u00e9riau<\/td>\n<td>Tissus de haute qualit\u00e9<\/td>\n<\/tr>\n<tr>\n<td>Couleur<\/td>\n<td>Bleu classique<\/td>\n<\/tr>\n<tr>\n<td>Tailles disponibles<\/td>\n<td>Jusqu&rsquo;\u00e0 la taille 72<\/td>\n<\/tr>\n<tr>\n<td>Coupe<\/td>\n<td>Coupe ajust\u00e9e, sur mesure<\/td>\n<\/tr>\n<tr>\n<td>Style<\/td>\n<td>Intemporel et \u00e9l\u00e9gant<\/td>\n<\/tr>\n<tr>\n<td>Entretien<\/td>\n<td>Nettoyage professionnel recommand\u00e9<\/td>\n<\/tr>\n<\/tbody>\n<\/table>\n<\/div>\n<\/div>\n<\/div>\n<\/div>\n<\/div>\n<\/div>\n<\/div>\n<\/div>\n<\/article>\n<\/div>\n<\/div>\n<\/div>\n<\/div>\n<\/div>\n<\/section>\n","protected":false},"excerpt":{"rendered":"<p>Faites une impression inoubliable le jour de votre mariage avec le costume de mariage bleu de Lomoro. Fabriqu\u00e9 \u00e0 partir de mat\u00e9riaux de haute qualit\u00e9, cet \u00e9l\u00e9gant costume offre l&rsquo;\u00e9quilibre parfait entre style classique et sophistication moderne. Il se compose d&rsquo;un blazer droit \u00e0 deux boutons, d&rsquo;un gilet \u00e0 col V intemporel et d&rsquo;un pantalon slim. Associez-le \u00e0 une chemise bleu clair et une cravate en soie pour un look \u00e0 la fois \u00e9l\u00e9gant et unique.<\/p>\n<p>\u2702\ufe0f Ajustement parfait, fait sp\u00e9cialement pour vous.<\/p>\n<p>\ud83d\udc54 Des conseils personnalis\u00e9s pour votre look unique.<\/p>\n<p>\ud83e\uddf5 Des mat\u00e9riaux de haute qualit\u00e9 pour un confort ultime.<\/p>\n<p>\ud83c\udfa8 \u00c9l\u00e9gant pour chaque occasion.<\/p>\n<p>\ud83c\udf81 Profitez d&rsquo;un cadeau gratuit \u00e0 chaque visite en magasin !<\/p>\n","protected":false},"featured_media":1680,"template":"","meta":{"_acf_changed":false},"product_brand":[],"product_cat":[153],"product_tag":[],"class_list":{"0":"post-4112","1":"product","2":"type-product","3":"status-publish","4":"has-post-thumbnail","6":"product_cat-trouwpak-voor-mannen","8":"first","9":"instock","10":"sale","11":"shipping-taxable","12":"purchasable","13":"product-type-simple"},"acf":[],"_links":{"self":[{"href":"https:\/\/www.lomoro.nl\/fr\/wp-json\/wp\/v2\/product\/4112","targetHints":{"allow":["GET"]}}],"collection":[{"href":"https:\/\/www.lomoro.nl\/fr\/wp-json\/wp\/v2\/product"}],"about":[{"href":"https:\/\/www.lomoro.nl\/fr\/wp-json\/wp\/v2\/types\/product"}],"wp:featuredmedia":[{"embeddable":true,"href":"https:\/\/www.lomoro.nl\/fr\/wp-json\/wp\/v2\/media\/1680"}],"wp:attachment":[{"href":"https:\/\/www.lomoro.nl\/fr\/wp-json\/wp\/v2\/media?parent=4112"}],"wp:term":[{"taxonomy":"product_brand","embeddable":true,"href":"https:\/\/www.lomoro.nl\/fr\/wp-json\/wp\/v2\/product_brand?post=4112"},{"taxonomy":"product_cat","embeddable":true,"href":"https:\/\/www.lomoro.nl\/fr\/wp-json\/wp\/v2\/product_cat?post=4112"},{"taxonomy":"product_tag","embeddable":true,"href":"https:\/\/www.lomoro.nl\/fr\/wp-json\/wp\/v2\/product_tag?post=4112"}],"curies":[{"name":"wp","href":"https:\/\/api.w.org\/{rel}","templated":true}]}}