{"id":4116,"date":"2024-12-07T09:21:05","date_gmt":"2024-12-07T09:21:05","guid":{"rendered":"https:\/\/lomoro.nl\/?post_type=product&#038;p=4116"},"modified":"2025-01-03T15:23:38","modified_gmt":"2025-01-03T15:23:38","slug":"trouwpak-10","status":"publish","type":"product","link":"https:\/\/www.lomoro.nl\/fr\/products\/trouwpak-10\/","title":{"rendered":"Costume De Mariage Marron"},"content":{"rendered":"<section id=\"shopify-section-template--23762923880771__rich_text_kx9yLB\" class=\"shopify-section section\">\n<div class=\"isolate\">\n<div class=\"rich-text content-container color-scheme-1 gradient rich-text--full-width content-container--full-width section-template--23762923880771__rich_text_kx9yLB-padding\">\n<div class=\"rich-text__wrapper rich-text__wrapper--left page-width\">\n<div class=\"rich-text__blocks left\">\n<div class=\"rich-text__text rte scroll-trigger animate--slide-in\" data-cascade=\"\">\n<p>Vous recherchez un costume de mariage marron styl\u00e9 et \u00e9l\u00e9gant ? La collection de costumes de mariage marron de Lomoro offre l&rsquo;\u00e9quilibre parfait entre \u00e9l\u00e9gance et confort. Chaque costume est confectionn\u00e9 sur mesure avec une attention m\u00e9ticuleuse aux d\u00e9tails et \u00e0 la pr\u00e9cision, afin que vous soyez \u00e0 votre meilleur lors de votre grand jour. Que vous choisissiez un costume de mariage marron fonc\u00e9 ou un ton chaud terre, vous brillerez dans un costume de mariage marron raffin\u00e9 qui refl\u00e8te votre style et votre sens unique de la mode.<\/p>\n<p>Le costume de mariage marron est con\u00e7u pour les mari\u00e9s qui recherchent une tenue sophistiqu\u00e9e et \u00e9l\u00e9gante pour leur journ\u00e9e sp\u00e9ciale. Ce costume sur mesure offre la combinaison parfaite entre confort et \u00e9l\u00e9gance. La riche palette de couleurs marron rayonne de chaleur et de luxe, ce qui en fait un choix appropri\u00e9 pour les mariages traditionnels et modernes.<\/p>\n<p>Avec le costume de mariage marron de Lomoro, vous \u00eates assur\u00e9 d&rsquo;un look intemporel et \u00e9l\u00e9gant qui r\u00e9sistera \u00e0 l&rsquo;\u00e9preuve du temps. Laissez-vous inspirer par le raffinement et le savoir-faire qui font la renomm\u00e9e de Lomoro.<\/p>\n<div class=\"react-scroll-to-bottom--css-kzsvc-1n7m0yu\">\n<div class=\"flex flex-col text-sm md:pb-9\">\n<article class=\"w-full scroll-mb-[var(--thread-trailing-height,150px)] text-token-text-primary focus-visible:outline-2 focus-visible:outline-offset-[-4px] sm:AIPRM__conversation__response\" dir=\"auto\" data-testid=\"conversation-turn-121\" data-scroll-anchor=\"true\">\n<div class=\"m-auto text-base py-[18px] px-3 md:px-4 w-full md:px-5 lg:px-4 xl:px-5\">\n<div class=\"mx-auto flex flex-1 gap-4 text-base md:gap-5 lg:gap-6 md:max-w-3xl lg:max-w-[40rem] xl:max-w-[48rem]\">\n<div class=\"group\/conversation-turn relative flex w-full min-w-0 flex-col agent-turn\">\n<div class=\"flex-col gap-1 md:gap-3\">\n<div class=\"flex max-w-full flex-col flex-grow AIPRM__conversation__response\">\n<div class=\"min-h-8 text-message flex w-full flex-col items-end gap-2 whitespace-normal break-words text-start [.text-message+&amp;]:mt-5\" dir=\"auto\" data-message-author-role=\"assistant\" data-message-id=\"31339880-373e-4974-ae31-11a175827166\" data-message-model-slug=\"gpt-4o\">\n<div class=\"flex w-full flex-col gap-1 empty:hidden first:pt-[3px]\">\n<div class=\"markdown prose w-full break-words dark:prose-invert light\">\n<table>\n<thead>\n<tr>\n<th>Caract\u00e9ristique<\/th>\n<th>D\u00e9tails<\/th>\n<\/tr>\n<\/thead>\n<tbody>\n<tr>\n<td>Mat\u00e9riau<\/td>\n<td>Tissus luxueux et durables<\/td>\n<\/tr>\n<tr>\n<td>Couleur<\/td>\n<td>Brun profond<\/td>\n<\/tr>\n<tr>\n<td>Tailles<\/td>\n<td>Jusqu&rsquo;\u00e0 la taille 72<\/td>\n<\/tr>\n<tr>\n<td>Coupe<\/td>\n<td>Coupe ajust\u00e9e et sur mesure<\/td>\n<\/tr>\n<tr>\n<td>Style<\/td>\n<td>Classique avec une touche moderne<\/td>\n<\/tr>\n<tr>\n<td>Entretien<\/td>\n<td>Nettoyage professionnel recommand\u00e9<\/td>\n<\/tr>\n<\/tbody>\n<\/table>\n<\/div>\n<\/div>\n<\/div>\n<\/div>\n<\/div>\n<\/div>\n<\/div>\n<\/div>\n<\/article>\n<\/div>\n<\/div>\n<\/div>\n<\/div>\n<\/div>\n<\/div>\n<\/div>\n<\/section>\n","protected":false},"excerpt":{"rendered":"<p>Le costume de mariage marron est le choix parfait pour les mari\u00e9s qui souhaitent combiner un look classique et chaleureux avec un savoir-faire moderne. Cet \u00e9l\u00e9gant costume se compose d&rsquo;une veste droite avec une fermeture \u00e0 trois boutons, une encoche sur le revers, des poches \u00e0 rabat avec une poche ticket et une poche passepoil\u00e9e pour une pochette de costume. Le cardigan assorti \u00e0 col en V pr\u00e9sente un devant \u00e0 cinq boutons, tandis que le pantalon slim pr\u00e9sente des c\u00f4t\u00e9s ajust\u00e9s, des poches lat\u00e9rales en biais et une poche arri\u00e8re unique avec fermeture boutonn\u00e9e. Ce costume est confectionn\u00e9 \u00e0 partir de tissus de haute qualit\u00e9 et offre un look raffin\u00e9 et intemporel, id\u00e9al pour les occasions formelles ou professionnelles.<\/p>\n<p>\u2702\ufe0f Coupe parfaite, fabriqu\u00e9e sp\u00e9cialement pour vous.<\/p>\n<p>\ud83d\udc54 Des conseils personnalis\u00e9s pour votre look unique.<\/p>\n<p>\ud83e\uddf5 Des mat\u00e9riaux de haute qualit\u00e9 pour un confort ultime.<\/p>\n<p>\ud83c\udfa8 \u00c9l\u00e9gant pour toutes les occasions.<\/p>\n<p>\ud83c\udf81 Profitez d&rsquo;un cadeau gratuit \u00e0 chaque visite en magasin !<\/p>\n","protected":false},"featured_media":1677,"template":"","meta":{"_acf_changed":false},"product_brand":[],"product_cat":[153],"product_tag":[],"class_list":{"0":"post-4116","1":"product","2":"type-product","3":"status-publish","4":"has-post-thumbnail","6":"product_cat-trouwpak-voor-mannen","8":"first","9":"instock","10":"sale","11":"shipping-taxable","12":"purchasable","13":"product-type-simple"},"acf":[],"_links":{"self":[{"href":"https:\/\/www.lomoro.nl\/fr\/wp-json\/wp\/v2\/product\/4116","targetHints":{"allow":["GET"]}}],"collection":[{"href":"https:\/\/www.lomoro.nl\/fr\/wp-json\/wp\/v2\/product"}],"about":[{"href":"https:\/\/www.lomoro.nl\/fr\/wp-json\/wp\/v2\/types\/product"}],"wp:featuredmedia":[{"embeddable":true,"href":"https:\/\/www.lomoro.nl\/fr\/wp-json\/wp\/v2\/media\/1677"}],"wp:attachment":[{"href":"https:\/\/www.lomoro.nl\/fr\/wp-json\/wp\/v2\/media?parent=4116"}],"wp:term":[{"taxonomy":"product_brand","embeddable":true,"href":"https:\/\/www.lomoro.nl\/fr\/wp-json\/wp\/v2\/product_brand?post=4116"},{"taxonomy":"product_cat","embeddable":true,"href":"https:\/\/www.lomoro.nl\/fr\/wp-json\/wp\/v2\/product_cat?post=4116"},{"taxonomy":"product_tag","embeddable":true,"href":"https:\/\/www.lomoro.nl\/fr\/wp-json\/wp\/v2\/product_tag?post=4116"}],"curies":[{"name":"wp","href":"https:\/\/api.w.org\/{rel}","templated":true}]}}