{"id":4119,"date":"2024-12-07T10:14:49","date_gmt":"2024-12-07T10:14:49","guid":{"rendered":"https:\/\/lomoro.nl\/?post_type=product&#038;p=4119"},"modified":"2025-01-03T17:55:51","modified_gmt":"2025-01-03T17:55:51","slug":"trouwpak-23","status":"publish","type":"product","link":"https:\/\/www.lomoro.nl\/fr\/products\/trouwpak-23\/","title":{"rendered":"Costumes de mariage gris fonc\u00e9"},"content":{"rendered":"<p>Le costume de mariage gris fonc\u00e9 de Lomoro est un chef-d&rsquo;\u0153uvre artisanal, con\u00e7u pour le mari\u00e9 moderne qui appr\u00e9cie l&rsquo;\u00e9l\u00e9gance et le confort. Cette tenue \u00e9l\u00e9gante s&rsquo;adapte parfaitement aux diff\u00e9rents th\u00e8mes de mariage et offre un look polyvalent \u00e0 la fois classique et contemporain.<\/p>\n<p>Le costume de mariage gris de Lomoro garantit une apparence raffin\u00e9e et garantit que vous serez le centre d&rsquo;attention le jour de votre mariage. Fabriqu\u00e9 \u00e0 partir de mat\u00e9riaux haut de gamme et avec un souci du d\u00e9tail, ce costume incarne la combinaison parfaite de qualit\u00e9 et de style.<\/p>\n<article class=\"w-full scroll-mb-[var(--thread-trailing-height,150px)] text-token-text-primary focus-visible:outline-2 focus-visible:outline-offset-[-4px] sm:AIPRM__conversation__response\" dir=\"auto\" data-testid=\"conversation-turn-121\" data-scroll-anchor=\"true\">\n<div class=\"m-auto text-base py-[18px] px-3 md:px-4 w-full md:px-5 lg:px-4 xl:px-5\">\n<div class=\"mx-auto flex flex-1 gap-4 text-base md:gap-5 lg:gap-6 md:max-w-3xl lg:max-w-[40rem] xl:max-w-[48rem]\">\n<div class=\"group\/conversation-turn relative flex w-full min-w-0 flex-col agent-turn\">\n<div class=\"flex-col gap-1 md:gap-3\">\n<div class=\"flex max-w-full flex-col flex-grow AIPRM__conversation__response\">\n<div class=\"min-h-8 text-message flex w-full flex-col items-end gap-2 whitespace-normal break-words text-start [.text-message+&amp;]:mt-5\" dir=\"auto\" data-message-author-role=\"assistant\" data-message-id=\"a731ad74-1f61-459d-8a57-ffbf77512e07\" data-message-model-slug=\"gpt-4o\">\n<div class=\"flex w-full flex-col gap-1 empty:hidden first:pt-[3px]\">\n<div class=\"markdown prose w-full break-words dark:prose-invert light\">\n<table>\n<thead>\n<tr>\n<th>Caract\u00e9ristique<\/th>\n<th>D\u00e9tails<\/th>\n<\/tr>\n<\/thead>\n<tbody>\n<tr>\n<td>Mat\u00e9riau<\/td>\n<td>Tissus de haute qualit\u00e9<\/td>\n<\/tr>\n<tr>\n<td>Couleur<\/td>\n<td>Gris classique<\/td>\n<\/tr>\n<tr>\n<td>Tailles Disponibles<\/td>\n<td>Jusqu&rsquo;\u00e0 la taille 72<\/td>\n<\/tr>\n<tr>\n<td>Coupe<\/td>\n<td>Slim-fit, sur mesure<\/td>\n<\/tr>\n<tr>\n<td>Style<\/td>\n<td>Intemporel avec une touche moderne<\/td>\n<\/tr>\n<tr>\n<td>Entretien<\/td>\n<td>Nettoyage professionnel recommand\u00e9<\/td>\n<\/tr>\n<\/tbody>\n<\/table>\n<\/div>\n<\/div>\n<\/div>\n<\/div>\n<\/div>\n<\/div>\n<\/div>\n<\/div>\n<\/article>\n<p>&nbsp;<\/p>\n","protected":false},"excerpt":{"rendered":"<p>D\u00e9couvrez l&rsquo;\u00e9l\u00e9gance intemporelle du Costume de Mariage Gris Fonc\u00e9 chez Lomoro, con\u00e7u pour les mari\u00e9s qui recherchent un look raffin\u00e9 avec un confort optimal. Ce costume sur mesure comprend un blazer \u00e0 boutonnage simple avec une fermeture \u00e0 deux boutons, un revers crant\u00e9, des poches \u00e0 rabat et un gilet pointu \u00e0 col en V avec un devant \u00e0 cinq boutons. Le pantalon slim, dot\u00e9 de poches lat\u00e9rales en biais et d&rsquo;une seule poche arri\u00e8re ferm\u00e9e par un bouton, compl\u00e8te l&rsquo;ensemble. La couleur grise classique offre une polyvalence, la rendant id\u00e9ale pour les mariages traditionnels et modernes, tandis que le tissu gris anthracite textur\u00e9, associ\u00e9 \u00e0 une cravate et une pochette de costume orange vif \u00e0 motif cachemire, ajoute une touche de couleur sophistiqu\u00e9e pour les occasions formelles ou semi-formelles.<\/p>\n<p>\u2702\ufe0f Ajustement parfait, fait sp\u00e9cialement pour vous.<\/p>\n<p>\ud83d\udc54 Des conseils personnalis\u00e9s pour votre look unique.<\/p>\n<p>\ud83e\uddf5 Des mat\u00e9riaux de haute qualit\u00e9 pour un confort ultime.<\/p>\n<p>\ud83c\udfa8 \u00c9l\u00e9gant pour chaque occasion.<\/p>\n<p>\ud83c\udf81 Profitez d&rsquo;un cadeau gratuit \u00e0 chaque visite en magasin !<\/p>\n<p>&nbsp;<\/p>\n","protected":false},"featured_media":1746,"template":"","meta":{"_acf_changed":false},"product_brand":[],"product_cat":[153],"product_tag":[],"class_list":{"0":"post-4119","1":"product","2":"type-product","3":"status-publish","4":"has-post-thumbnail","6":"product_cat-trouwpak-voor-mannen","8":"first","9":"instock","10":"sale","11":"shipping-taxable","12":"purchasable","13":"product-type-simple"},"acf":[],"_links":{"self":[{"href":"https:\/\/www.lomoro.nl\/fr\/wp-json\/wp\/v2\/product\/4119","targetHints":{"allow":["GET"]}}],"collection":[{"href":"https:\/\/www.lomoro.nl\/fr\/wp-json\/wp\/v2\/product"}],"about":[{"href":"https:\/\/www.lomoro.nl\/fr\/wp-json\/wp\/v2\/types\/product"}],"wp:featuredmedia":[{"embeddable":true,"href":"https:\/\/www.lomoro.nl\/fr\/wp-json\/wp\/v2\/media\/1746"}],"wp:attachment":[{"href":"https:\/\/www.lomoro.nl\/fr\/wp-json\/wp\/v2\/media?parent=4119"}],"wp:term":[{"taxonomy":"product_brand","embeddable":true,"href":"https:\/\/www.lomoro.nl\/fr\/wp-json\/wp\/v2\/product_brand?post=4119"},{"taxonomy":"product_cat","embeddable":true,"href":"https:\/\/www.lomoro.nl\/fr\/wp-json\/wp\/v2\/product_cat?post=4119"},{"taxonomy":"product_tag","embeddable":true,"href":"https:\/\/www.lomoro.nl\/fr\/wp-json\/wp\/v2\/product_tag?post=4119"}],"curies":[{"name":"wp","href":"https:\/\/api.w.org\/{rel}","templated":true}]}}