{"id":4123,"date":"2024-12-07T10:34:21","date_gmt":"2024-12-07T10:34:21","guid":{"rendered":"https:\/\/lomoro.nl\/?post_type=product&#038;p=4123"},"modified":"2025-01-13T06:19:09","modified_gmt":"2025-01-13T06:19:09","slug":"trouwpak-27","status":"publish","type":"product","link":"https:\/\/www.lomoro.nl\/fr\/products\/trouwpak-27\/","title":{"rendered":"Costume de mariage gris clair"},"content":{"rendered":"<p><span>Le\u00a0<\/span><b><span>costume de mariage gris clair\u00a0<\/span><\/b><span>de Lomoro est un chef-d&rsquo;\u0153uvre de style et de confort, sp\u00e9cialement con\u00e7u pour les mari\u00e9s qui souhaitent briller le jour de leur mariage. La l\u00e9g\u00e8re nuance de gris rayonne de subtilit\u00e9 et d&rsquo;\u00e9l\u00e9gance, tandis que la silhouette soigneusement con\u00e7ue assure un ajustement parfait.<\/span><\/p>\n<p><span>Ce costume sur mesure allie savoir-faire et tissus de haute qualit\u00e9, ce qui le rend \u00e0 la fois durable et \u00e9l\u00e9gant. Adapt\u00e9 aux th\u00e8mes de mariage classiques et modernes, le costume de mariage gris clair offre polyvalence et classe. Les ann\u00e9es d&rsquo;exp\u00e9rience de Lomoro \u00e0 Roosendaal garantissent un produit qui r\u00e9pond aux normes les plus \u00e9lev\u00e9es.<\/span><\/p>\n<table>\n<tbody>\n<tr>\n<td><b><span>Fonctionnalit\u00e9<\/span><\/b><\/td>\n<td><b><span>D\u00e9tails<\/span><\/b><\/td>\n<\/tr>\n<tr>\n<td><b><span>Mat\u00e9riel<\/span><\/b><\/td>\n<td><span>Tissus de haute qualit\u00e9<\/span><\/td>\n<\/tr>\n<tr>\n<td><b><span>Couleur<\/span><\/b><\/td>\n<td><span>Gris clair<\/span><\/td>\n<\/tr>\n<tr>\n<td><b><span>Tailles disponibles<\/span><\/b><\/td>\n<td><span>Jusqu&rsquo;\u00e0 la taille 72<\/span><\/td>\n<\/tr>\n<tr>\n<td><b><span>Ajuster<\/span><\/b><\/td>\n<td><span>Fabriqu\u00e9 sur mesure pour un ajustement parfait<\/span><\/td>\n<\/tr>\n<tr>\n<td><b><span>Style<\/span><\/b><\/td>\n<td><span>Classique et moderne<\/span><\/td>\n<\/tr>\n<tr>\n<td><b><span>Entretien<\/span><\/b><\/td>\n<td><span>Nettoyage professionnel recommand\u00e9<\/span><\/td>\n<\/tr>\n<\/tbody>\n<\/table>\n<div class=\"react-scroll-to-bottom--css-hiqsw-1n7m0yu\">\n<div class=\"flex flex-col text-sm md:pb-9\">\n<article class=\"w-full scroll-mb-[var(--thread-trailing-height,150px)] text-token-text-primary focus-visible:outline-2 focus-visible:outline-offset-[-4px] sm:AIPRM__conversation__response\" dir=\"auto\" data-testid=\"conversation-turn-121\" data-scroll-anchor=\"true\">\n<div class=\"m-auto text-base py-[18px] px-3 md:px-4 w-full md:px-5 lg:px-4 xl:px-5\">\n<div class=\"mx-auto flex flex-1 gap-4 text-base md:gap-5 lg:gap-6 md:max-w-3xl lg:max-w-[40rem] xl:max-w-[48rem]\">\n<div class=\"group\/conversation-turn relative flex w-full min-w-0 flex-col agent-turn\">\n<div class=\"flex-col gap-1 md:gap-3\">\n<div class=\"flex max-w-full flex-col flex-grow AIPRM__conversation__response\">\n<div class=\"min-h-8 text-message flex w-full flex-col items-end gap-2 whitespace-normal break-words text-start [.text-message+&amp;]:mt-5\" dir=\"auto\" data-message-author-role=\"assistant\" data-message-id=\"64433b5d-ea15-4f96-aa05-2484134a177f\" data-message-model-slug=\"gpt-4o\">\n<div class=\"flex w-full flex-col gap-1 empty:hidden first:pt-[3px]\"><\/div>\n<\/div>\n<\/div>\n<\/div>\n<\/div>\n<\/div>\n<\/div>\n<\/article>\n<\/div>\n<\/div>\n","protected":false},"excerpt":{"rendered":"<p><span>Le costume de mariage gris clair offre l&rsquo;\u00e9quilibre parfait entre sophistication moderne et \u00e9l\u00e9gance intemporelle. Ce costume \u00e9l\u00e9gant se compose d&rsquo;un blazer droit \u00e0 deux boutons, d&rsquo;un gilet crois\u00e9 \u00e0 six boutons et d&rsquo;un pantalon assorti. Le gilet pr\u00e9sente un \u00e9l\u00e9gant col en V et de subtiles poches \u00e0 rabat, tandis que le pantalon offre une coupe ajust\u00e9e pour un confort optimal. Port\u00e9 avec une chemise blanche et une cravate argent\u00e9e, ce costume respire la classe et la polyvalence, parfait pour tout mari\u00e9.<\/span><\/p>\n<p>\u2702\ufe0f<span>Ajustement parfait, fait sp\u00e9cialement pour vous.<\/span><\/p>\n<p>\ud83d\udc54<span>Des conseils personnalis\u00e9s pour votre look unique.<\/span><\/p>\n<p>\ud83e\uddf5<span>Des mat\u00e9riaux de haute qualit\u00e9 pour un confort ultime.<\/span><\/p>\n<p>\ud83c\udfa8<span>\u00c9l\u00e9gant pour chaque occasion.<\/span><\/p>\n<p>\ud83c\udf81<span>Profitez d&rsquo;un cadeau gratuit \u00e0 chaque visite en magasin\u00a0!<\/span><\/p>\n","protected":false},"featured_media":1770,"template":"","meta":{"_acf_changed":false},"product_brand":[],"product_cat":[153],"product_tag":[],"class_list":{"0":"post-4123","1":"product","2":"type-product","3":"status-publish","4":"has-post-thumbnail","6":"product_cat-trouwpak-voor-mannen","8":"first","9":"instock","10":"sale","11":"shipping-taxable","12":"purchasable","13":"product-type-simple"},"acf":[],"_links":{"self":[{"href":"https:\/\/www.lomoro.nl\/fr\/wp-json\/wp\/v2\/product\/4123","targetHints":{"allow":["GET"]}}],"collection":[{"href":"https:\/\/www.lomoro.nl\/fr\/wp-json\/wp\/v2\/product"}],"about":[{"href":"https:\/\/www.lomoro.nl\/fr\/wp-json\/wp\/v2\/types\/product"}],"wp:featuredmedia":[{"embeddable":true,"href":"https:\/\/www.lomoro.nl\/fr\/wp-json\/wp\/v2\/media\/1770"}],"wp:attachment":[{"href":"https:\/\/www.lomoro.nl\/fr\/wp-json\/wp\/v2\/media?parent=4123"}],"wp:term":[{"taxonomy":"product_brand","embeddable":true,"href":"https:\/\/www.lomoro.nl\/fr\/wp-json\/wp\/v2\/product_brand?post=4123"},{"taxonomy":"product_cat","embeddable":true,"href":"https:\/\/www.lomoro.nl\/fr\/wp-json\/wp\/v2\/product_cat?post=4123"},{"taxonomy":"product_tag","embeddable":true,"href":"https:\/\/www.lomoro.nl\/fr\/wp-json\/wp\/v2\/product_tag?post=4123"}],"curies":[{"name":"wp","href":"https:\/\/api.w.org\/{rel}","templated":true}]}}