{"id":4130,"date":"2024-12-20T09:30:15","date_gmt":"2024-12-20T09:30:15","guid":{"rendered":"https:\/\/lomoro.nl\/?post_type=product&#038;p=4130"},"modified":"2025-01-10T07:37:35","modified_gmt":"2025-01-10T07:37:35","slug":"stropdas-19","status":"publish","type":"product","link":"https:\/\/www.lomoro.nl\/fr\/products\/stropdas-19\/","title":{"rendered":"Cravate \u00e0 motif cachemire multicolore pour homme"},"content":{"rendered":"<section id=\"shopify-section-template--23762923880771__rich_text_kx9yLB\" class=\"shopify-section section\">\n<div class=\"isolate\">\n<div class=\"rich-text content-container color-scheme-1 gradient rich-text--full-width content-container--full-width section-template--23762923880771__rich_text_kx9yLB-padding\">\n<div class=\"rich-text__wrapper rich-text__wrapper--left page-width\">\n<div class=\"rich-text__blocks left\">\n<div class=\"rich-text__text rte scroll-trigger animate--slide-in\" data-cascade=\"\">\n<p>La cravate Paisley multicolore pour hommes combine le motif cachemire intemporel avec une palette de couleurs moderne pour cr\u00e9er un accessoire unique et saisissant. Les d\u00e9tails riches et multicolores rayonnent d&rsquo;\u00e9l\u00e9gance et donnent une touche ludique \u00e0 votre tenue formelle. Id\u00e9ale pour les mariages, galas et r\u00e9unions d&rsquo;affaires, cette cravate ajoutera une touche de cr\u00e9ativit\u00e9 \u00e0 votre garde-robe.<\/p>\n<p>Fabriqu\u00e9e \u00e0 partir de polyester jacquard de qualit\u00e9 sup\u00e9rieure, cette cravate offre une durabilit\u00e9 et une texture lisse et soyeuse. Le savoir-faire raffin\u00e9 et le design polyvalent le rendent facile \u00e0 combiner avec une vari\u00e9t\u00e9 de costumes et de chemises, vous permettant de cr\u00e9er sans effort un look saisissant et \u00e9l\u00e9gant.<\/p>\n<table style=\"height: 182px;\" width=\"453\">\n<tbody>\n<tr>\n<td><b>Caract\u00e9ristique<\/b><\/td>\n<td><b>D\u00e9tails<\/b><\/td>\n<\/tr>\n<tr>\n<td><b>Mat\u00e9riau<\/b><\/td>\n<td><span style=\"font-weight: 400;\">Polyester jacquard de haute qualit\u00e9<\/span><\/td>\n<\/tr>\n<tr>\n<td><b>Motif<\/b><\/td>\n<td><span style=\"font-weight: 400;\">Paisley<\/span><\/td>\n<\/tr>\n<tr>\n<td><b>Couleur<\/b><\/td>\n<td><span style=\"font-weight: 400;\">Multicolore<\/span><\/td>\n<\/tr>\n<tr>\n<td><b>Dimensions<\/b><\/td>\n<td><span style=\"font-weight: 400;\">150 cm x 8 cm<\/span><\/td>\n<\/tr>\n<tr>\n<td><b>Entretien<\/b><\/td>\n<td><span style=\"font-weight: 400;\">Lavage \u00e0 la main recommand\u00e9<\/span><\/td>\n<\/tr>\n<\/tbody>\n<\/table>\n<\/div>\n<\/div>\n<\/div>\n<\/div>\n<\/div>\n<\/section>\n","protected":false},"excerpt":{"rendered":"<p>Donnez vie \u00e0 votre tenue avec la cravate Paisley multicolore pour hommes, un choix sophistiqu\u00e9 avec un motif ludique et \u00e9l\u00e9gant. La combinaison de couleurs vives et le design cachemire classique en font un accessoire parfait pour les occasions formelles et semi-formelles. Fabriqu\u00e9e \u00e0 partir d&rsquo;un mat\u00e9riau jacquard de haute qualit\u00e9, cette cravate offre un look luxueux et une texture douce et soyeuse. Laissez briller votre personnalit\u00e9 et faites une impression inoubliable \u00e0 chaque occasion.<\/p>\n<p>\u2702\ufe0f Ajustement parfait, fait sp\u00e9cialement pour vous.<\/p>\n<p>\ud83d\udc54 Des conseils personnalis\u00e9s pour votre look unique.<\/p>\n<p>\ud83e\uddf5 Des mat\u00e9riaux de haute qualit\u00e9 pour un confort ultime.<\/p>\n<p>\ud83c\udfa8 \u00c9l\u00e9gant pour chaque occasion.<\/p>\n<p>\ud83c\udf81 Profitez d&rsquo;un cadeau gratuit \u00e0 chaque visite en magasin !<\/p>\n","protected":false},"featured_media":3039,"template":"","meta":{"_acf_changed":false},"product_brand":[],"product_cat":[151],"product_tag":[],"class_list":{"0":"post-4130","1":"product","2":"type-product","3":"status-publish","4":"has-post-thumbnail","6":"product_cat-stropdas","8":"first","9":"instock","10":"sale","11":"shipping-taxable","12":"purchasable","13":"product-type-simple"},"acf":[],"_links":{"self":[{"href":"https:\/\/www.lomoro.nl\/fr\/wp-json\/wp\/v2\/product\/4130","targetHints":{"allow":["GET"]}}],"collection":[{"href":"https:\/\/www.lomoro.nl\/fr\/wp-json\/wp\/v2\/product"}],"about":[{"href":"https:\/\/www.lomoro.nl\/fr\/wp-json\/wp\/v2\/types\/product"}],"wp:featuredmedia":[{"embeddable":true,"href":"https:\/\/www.lomoro.nl\/fr\/wp-json\/wp\/v2\/media\/3039"}],"wp:attachment":[{"href":"https:\/\/www.lomoro.nl\/fr\/wp-json\/wp\/v2\/media?parent=4130"}],"wp:term":[{"taxonomy":"product_brand","embeddable":true,"href":"https:\/\/www.lomoro.nl\/fr\/wp-json\/wp\/v2\/product_brand?post=4130"},{"taxonomy":"product_cat","embeddable":true,"href":"https:\/\/www.lomoro.nl\/fr\/wp-json\/wp\/v2\/product_cat?post=4130"},{"taxonomy":"product_tag","embeddable":true,"href":"https:\/\/www.lomoro.nl\/fr\/wp-json\/wp\/v2\/product_tag?post=4130"}],"curies":[{"name":"wp","href":"https:\/\/api.w.org\/{rel}","templated":true}]}}