{"id":4148,"date":"2024-12-09T12:52:30","date_gmt":"2024-12-09T12:52:30","guid":{"rendered":"https:\/\/lomoro.nl\/?post_type=product&#038;p=4148"},"modified":"2025-01-04T06:03:09","modified_gmt":"2025-01-04T06:03:09","slug":"3-delig-pak-27","status":"publish","type":"product","link":"https:\/\/www.lomoro.nl\/fr\/products\/3-delig-pak-27\/","title":{"rendered":"Costume 3 pi\u00e8ces noir"},"content":{"rendered":"<p>D\u00e9couvrez notre \u00e9l\u00e9gant costume 3 pi\u00e8ces noir pour homme, le choix id\u00e9al pour toutes les occasions. Ce costume trois pi\u00e8ces noir allie \u00e9l\u00e9gance et confort pour vous aider \u00e0 \u00eatre \u00e0 votre meilleur, que vous assistiez \u00e0 un mariage, une r\u00e9union d&rsquo;affaires ou un \u00e9v\u00e9nement formel. Costume 3 pi\u00e8ces sur mesure homme noir fabriqu\u00e9 \u00e0 partir de mat\u00e9riaux de haute qualit\u00e9 et con\u00e7u avec une coupe slim, ce costume offre non seulement un look moderne, mais aussi une silhouette fantastique. Vous pouvez choisir parmi diff\u00e9rentes tailles et am\u00e9liorer votre style personnel. Avec le costume noir 3 pi\u00e8ces de Lomoro, vous faites une impression durable. Achetez aujourd&rsquo;hui et d\u00e9couvrez le niveau de confiance avec nous.<\/p>\n<p>Le costume 3 pi\u00e8ces noir d\u00e9gage une \u00e9l\u00e9gance intemporelle et constitue le choix ultime pour les hommes qui souhaitent rayonner de classe et de raffinement. Con\u00e7u avec une coupe moderne et des mat\u00e9riaux de haute qualit\u00e9, cet ensemble polyvalent est id\u00e9al pour les \u00e9v\u00e9nements formels, les mariages et les environnements professionnels. Avec sa couleur noire classique, il offre un look impeccable qui ne se d\u00e9modera jamais.<\/p>\n<p>Le Costume 3 pi\u00e8ces Noir comprend un blazer \u00e0 simple boutonnage, un gilet \u00e0 double boutonnage et un pantalon parfaitement ajust\u00e9. Cette couleur noire classique constitue la base d&rsquo;une garde-robe polyvalente et peut facilement \u00eatre combin\u00e9e avec diverses chemises et accessoires. Ce costume allie charme traditionnel et d\u00e9tails modernes, ce qui en fait un incontournable de toute garde-robe.<\/p>\n<table width=\"572\">\n<tbody>\n<tr>\n<td><b>Caract\u00e9ristique<\/b><\/td>\n<td><b>D\u00e9tails<\/b><\/td>\n<\/tr>\n<tr>\n<td><b>Mat\u00e9riau<\/b><\/td>\n<td>M\u00e9lange de laine de luxe<\/td>\n<\/tr>\n<tr>\n<td><b>Couleur<\/b><\/td>\n<td>Noir classique<\/td>\n<\/tr>\n<tr>\n<td><b>Tailles disponibles<\/b><\/td>\n<td>Tailles petites 46-62 \/ Tailles grandes 58-72<\/td>\n<\/tr>\n<tr>\n<td><b>Coupe<\/b><\/td>\n<td>Coupe ajust\u00e9e pour une silhouette affin\u00e9e<\/td>\n<\/tr>\n<tr>\n<td><b>Instructions de lavage<\/b><\/td>\n<td>Nettoyage \u00e0 sec professionnel<\/td>\n<\/tr>\n<\/tbody>\n<\/table>\n<p>&nbsp;<\/p>\n","protected":false},"excerpt":{"rendered":"<p>Le costume 3 pi\u00e8ces noir pour homme de Lomoro est un ensemble \u00e9l\u00e9gant, compos\u00e9 d&rsquo;un blazer ajust\u00e9, d&rsquo;un gilet assorti et d&rsquo;un pantalon classique. Ce costume est con\u00e7u pour offrir \u00e0 la fois confort et \u00e9l\u00e9gance, id\u00e9al pour les occasions formelles telles que les mariages, les r\u00e9unions d&rsquo;affaires ou les \u00e9v\u00e9nements sp\u00e9ciaux. Fabriqu\u00e9 \u00e0 partir de mat\u00e9riaux de haute qualit\u00e9, il assure un ajustement confortable et un look raffin\u00e9. La coupe slim accentue la forme du corps, tandis que la couleur noire donne un look intemporel et moderne. Disponible dans les tailles jusqu&rsquo;au 72 inclus, la combinaison convient donc \u00e0 diff\u00e9rentes morphologies.<\/p>\n<p>\u2702\ufe0f Ajustement parfait, fait sp\u00e9cialement pour vous.<\/p>\n<p>\ud83d\udc54 Des conseils personnalis\u00e9s pour votre look unique.<\/p>\n<p>\ud83e\uddf5 Des mat\u00e9riaux de haute qualit\u00e9 pour un confort ultime.<\/p>\n<p>\ud83c\udfa8 \u00c9l\u00e9gant pour chaque occasion.<\/p>\n<p>Profitez d&rsquo;un cadeau gratuit \u00e0 chaque visite en magasin !<\/p>\n","protected":false},"featured_media":1824,"template":"","meta":{"_acf_changed":false},"product_brand":[],"product_cat":[113],"product_tag":[],"class_list":{"0":"post-4148","1":"product","2":"type-product","3":"status-publish","4":"has-post-thumbnail","6":"product_cat-3-delig-kostuums","8":"first","9":"instock","10":"sale","11":"shipping-taxable","12":"purchasable","13":"product-type-simple"},"acf":[],"_links":{"self":[{"href":"https:\/\/www.lomoro.nl\/fr\/wp-json\/wp\/v2\/product\/4148","targetHints":{"allow":["GET"]}}],"collection":[{"href":"https:\/\/www.lomoro.nl\/fr\/wp-json\/wp\/v2\/product"}],"about":[{"href":"https:\/\/www.lomoro.nl\/fr\/wp-json\/wp\/v2\/types\/product"}],"wp:featuredmedia":[{"embeddable":true,"href":"https:\/\/www.lomoro.nl\/fr\/wp-json\/wp\/v2\/media\/1824"}],"wp:attachment":[{"href":"https:\/\/www.lomoro.nl\/fr\/wp-json\/wp\/v2\/media?parent=4148"}],"wp:term":[{"taxonomy":"product_brand","embeddable":true,"href":"https:\/\/www.lomoro.nl\/fr\/wp-json\/wp\/v2\/product_brand?post=4148"},{"taxonomy":"product_cat","embeddable":true,"href":"https:\/\/www.lomoro.nl\/fr\/wp-json\/wp\/v2\/product_cat?post=4148"},{"taxonomy":"product_tag","embeddable":true,"href":"https:\/\/www.lomoro.nl\/fr\/wp-json\/wp\/v2\/product_tag?post=4148"}],"curies":[{"name":"wp","href":"https:\/\/api.w.org\/{rel}","templated":true}]}}