{"id":4157,"date":"2024-12-20T09:54:54","date_gmt":"2024-12-20T09:54:54","guid":{"rendered":"https:\/\/lomoro.nl\/?post_type=product&#038;p=4157"},"modified":"2025-01-10T11:19:35","modified_gmt":"2025-01-10T11:19:35","slug":"stropdas-17","status":"publish","type":"product","link":"https:\/\/www.lomoro.nl\/fr\/products\/stropdas-17\/","title":{"rendered":"Cravate rouge \u00e0 motif cachemire pour hommes"},"content":{"rendered":"<p><span>La\u00a0<\/span><b><span>cravate rouge \u00e0 motif cachemire pour homme\u00a0<\/span><\/b><span>est un accessoire intemporel qui fait passer le style et la sophistication \u00e0 un niveau sup\u00e9rieur. Le magnifique motif cachemire dans des tons rouges riches offre un look \u00e0 la fois classique et moderne. Que vous assistiez \u00e0 une occasion formelle ou que vous cherchiez \u00e0 impressionner lors d&rsquo;une r\u00e9union d&rsquo;affaires, cette cravate est le choix parfait.<\/span><\/p>\n<p><span>Fabriqu\u00e9e avec pr\u00e9cision \u00e0 partir d&rsquo;un mat\u00e9riau jacquard de qualit\u00e9 sup\u00e9rieure, cette cravate offre une texture douce et une qualit\u00e9 durable. Les riches d\u00e9tails du design sont un r\u00e9gal pour les yeux et permettent de combiner facilement cette cravate avec des couleurs claires et fonc\u00e9es, ce qui en fait un ajout essentiel \u00e0 toute garde-robe.<\/span><\/p>\n<table>\n<tbody>\n<tr>\n<td><b><span>Fonctionnalit\u00e9<\/span><\/b><\/td>\n<td><b><span>D\u00e9tails<\/span><\/b><\/td>\n<\/tr>\n<tr>\n<td><b><span>Mat\u00e9riel<\/span><\/b><\/td>\n<td><span>Polyester jacquard de haute qualit\u00e9<\/span><\/td>\n<\/tr>\n<tr>\n<td><b><span>Cartouche<\/span><\/b><\/td>\n<td><span>Cachemire<\/span><\/td>\n<\/tr>\n<tr>\n<td><b><span>Couleur<\/span><\/b><\/td>\n<td><span>Rouge profond<\/span><\/td>\n<\/tr>\n<tr>\n<td><b><span>Dimensions<\/span><\/b><\/td>\n<td><span>150 cm x 8 cm<\/span><\/td>\n<\/tr>\n<tr>\n<td><b><span>Entretien<\/span><\/b><\/td>\n<td><span>Lavage \u00e0 la main recommand\u00e9<\/span><\/td>\n<\/tr>\n<\/tbody>\n<\/table>\n<p>&nbsp;<\/p>\n","protected":false},"excerpt":{"rendered":"<p><span>Apportez une touche de sophistication \u00e0 votre tenue avec la\u00a0<\/span><b><span>Cravate Paisley Rouge pour Homme\u00a0<\/span><\/b><span>, symbole d&rsquo;\u00e9l\u00e9gance et de classe. Le luxueux motif cachemire ajoute une touche artistique subtile \u00e0 votre look formel, parfait pour les mariages, les r\u00e9unions d&rsquo;affaires et les occasions festives. Cette cravate est faite de tissu jacquard de haute qualit\u00e9 et respire la qualit\u00e9 et la durabilit\u00e9. Gr\u00e2ce \u00e0 sa couleur rouge profond et \u00e0 son motif raffin\u00e9, c&rsquo;est un choix polyvalent facile \u00e0 combiner avec diverses chemises et costumes.<\/span><\/p>\n<p>\u2702\ufe0f<span>Ajustement parfait, fait sp\u00e9cialement pour vous.<\/span><\/p>\n<p>\ud83d\udc54<span>Des conseils personnalis\u00e9s pour votre look unique.<\/span><\/p>\n<p>\ud83e\uddf5<span>Des mat\u00e9riaux de haute qualit\u00e9 pour un confort ultime.<\/span><\/p>\n<p>\ud83c\udfa8<span>\u00c9l\u00e9gant pour chaque occasion.<\/span><\/p>\n<p>\ud83c\udf81<span>Profitez d&rsquo;un cadeau gratuit \u00e0 chaque visite en magasin\u00a0!<\/span><\/p>\n","protected":false},"featured_media":3045,"template":"","meta":{"_acf_changed":false},"product_brand":[],"product_cat":[151],"product_tag":[],"class_list":{"0":"post-4157","1":"product","2":"type-product","3":"status-publish","4":"has-post-thumbnail","6":"product_cat-stropdas","8":"first","9":"instock","10":"sale","11":"shipping-taxable","12":"purchasable","13":"product-type-simple"},"acf":[],"_links":{"self":[{"href":"https:\/\/www.lomoro.nl\/fr\/wp-json\/wp\/v2\/product\/4157","targetHints":{"allow":["GET"]}}],"collection":[{"href":"https:\/\/www.lomoro.nl\/fr\/wp-json\/wp\/v2\/product"}],"about":[{"href":"https:\/\/www.lomoro.nl\/fr\/wp-json\/wp\/v2\/types\/product"}],"wp:featuredmedia":[{"embeddable":true,"href":"https:\/\/www.lomoro.nl\/fr\/wp-json\/wp\/v2\/media\/3045"}],"wp:attachment":[{"href":"https:\/\/www.lomoro.nl\/fr\/wp-json\/wp\/v2\/media?parent=4157"}],"wp:term":[{"taxonomy":"product_brand","embeddable":true,"href":"https:\/\/www.lomoro.nl\/fr\/wp-json\/wp\/v2\/product_brand?post=4157"},{"taxonomy":"product_cat","embeddable":true,"href":"https:\/\/www.lomoro.nl\/fr\/wp-json\/wp\/v2\/product_cat?post=4157"},{"taxonomy":"product_tag","embeddable":true,"href":"https:\/\/www.lomoro.nl\/fr\/wp-json\/wp\/v2\/product_tag?post=4157"}],"curies":[{"name":"wp","href":"https:\/\/api.w.org\/{rel}","templated":true}]}}