{"id":4161,"date":"2024-12-20T09:59:40","date_gmt":"2024-12-20T09:59:40","guid":{"rendered":"https:\/\/lomoro.nl\/?post_type=product&#038;p=4161"},"modified":"2025-01-04T06:28:16","modified_gmt":"2025-01-04T06:28:16","slug":"stropdas-16","status":"publish","type":"product","link":"https:\/\/www.lomoro.nl\/fr\/products\/stropdas-16\/","title":{"rendered":"Cravate ray\u00e9e rouge et noire"},"content":{"rendered":"<p>La cravate ray\u00e9e rouge et noire est une puissante d\u00e9claration de style et de sophistication. Le motif \u00e0 rayures moderne dans des tons riches de rouge et de noir rayonne de professionnalisme et de classe. Cet accessoire polyvalent est id\u00e9al pour les occasions formelles, telles que les r\u00e9unions d&rsquo;affaires et les soir\u00e9es, et se marie parfaitement avec une vari\u00e9t\u00e9 de chemises et de costumes. Fabriqu\u00e9e \u00e0 partir de tissu jacquard de haute qualit\u00e9, cette cravate offre une texture luxueuse et une finition durable. L&rsquo;\u00e9quilibre parfait entre rayures classiques et style moderne en fait un article indispensable pour tout homme \u00e9l\u00e9gant. Faites passer votre tenue au niveau sup\u00e9rieur avec cette cravate saisissante.<\/p>\n<table>\n<tbody>\n<tr>\n<td><b>Caract\u00e9ristique<\/b><\/td>\n<td><b>D\u00e9tails<\/b><\/td>\n<\/tr>\n<tr>\n<td><b>Mat\u00e9riau<\/b><\/td>\n<td><span style=\"font-weight: 400;\">Jacquard polyester de haute qualit\u00e9<\/span><\/td>\n<\/tr>\n<tr>\n<td><b>Motif<\/b><\/td>\n<td><span style=\"font-weight: 400;\">Ray\u00e9<\/span><\/td>\n<\/tr>\n<tr>\n<td><b>Couleur<\/b><\/td>\n<td><span style=\"font-weight: 400;\">Rouge et noir<\/span><\/td>\n<\/tr>\n<tr>\n<td><b>Dimensions<\/b><\/td>\n<td><span style=\"font-weight: 400;\">150 cm x 8 cm<\/span><\/td>\n<\/tr>\n<tr>\n<td><b>Entretien<\/b><\/td>\n<td><span style=\"font-weight: 400;\">Lavage \u00e0 la main recommand\u00e9<\/span><\/td>\n<\/tr>\n<\/tbody>\n<\/table>\n<p>&nbsp;<\/p>\n","protected":false},"excerpt":{"rendered":"<p>La cravate ray\u00e9e rouge et noire allie un look classique \u00e0 un design contemporain. Les couleurs vives et les rayures raffin\u00e9es en font un accessoire polyvalent qui s&rsquo;adapte parfaitement aux tenues professionnelles et festives. Avec son tissu jacquard luxueux, cette cravate offre non seulement un look haut de gamme, mais aussi une durabilit\u00e9 exceptionnelle. Ajoutez une touche d&rsquo;\u00e9l\u00e9gance \u00e0 votre garde-robe avec cet accessoire intemporel et styl\u00e9.<\/p>\n<p>\u2702\ufe0f Ajustement parfait, fait sp\u00e9cialement pour vous.<\/p>\n<p>\ud83d\udc54 Des conseils personnalis\u00e9s pour votre look unique.<\/p>\n<p>\ud83e\uddf5 Des mat\u00e9riaux de haute qualit\u00e9 pour un confort ultime.<\/p>\n<p>\ud83c\udfa8 \u00c9l\u00e9gant pour chaque occasion.<\/p>\n<p>\ud83c\udf81 Profitez d&rsquo;un cadeau gratuit \u00e0 chaque visite en magasin !<\/p>\n","protected":false},"featured_media":3048,"template":"","meta":{"_acf_changed":false},"product_brand":[],"product_cat":[151],"product_tag":[],"class_list":{"0":"post-4161","1":"product","2":"type-product","3":"status-publish","4":"has-post-thumbnail","6":"product_cat-stropdas","8":"first","9":"instock","10":"sale","11":"shipping-taxable","12":"purchasable","13":"product-type-simple"},"acf":[],"_links":{"self":[{"href":"https:\/\/www.lomoro.nl\/fr\/wp-json\/wp\/v2\/product\/4161","targetHints":{"allow":["GET"]}}],"collection":[{"href":"https:\/\/www.lomoro.nl\/fr\/wp-json\/wp\/v2\/product"}],"about":[{"href":"https:\/\/www.lomoro.nl\/fr\/wp-json\/wp\/v2\/types\/product"}],"wp:featuredmedia":[{"embeddable":true,"href":"https:\/\/www.lomoro.nl\/fr\/wp-json\/wp\/v2\/media\/3048"}],"wp:attachment":[{"href":"https:\/\/www.lomoro.nl\/fr\/wp-json\/wp\/v2\/media?parent=4161"}],"wp:term":[{"taxonomy":"product_brand","embeddable":true,"href":"https:\/\/www.lomoro.nl\/fr\/wp-json\/wp\/v2\/product_brand?post=4161"},{"taxonomy":"product_cat","embeddable":true,"href":"https:\/\/www.lomoro.nl\/fr\/wp-json\/wp\/v2\/product_cat?post=4161"},{"taxonomy":"product_tag","embeddable":true,"href":"https:\/\/www.lomoro.nl\/fr\/wp-json\/wp\/v2\/product_tag?post=4161"}],"curies":[{"name":"wp","href":"https:\/\/api.w.org\/{rel}","templated":true}]}}