{"id":4189,"date":"2024-12-09T13:02:01","date_gmt":"2024-12-09T13:02:01","guid":{"rendered":"https:\/\/lomoro.nl\/?post_type=product&#038;p=4189"},"modified":"2025-01-04T08:06:46","modified_gmt":"2025-01-04T08:06:46","slug":"3-delig-pak-30","status":"publish","type":"product","link":"https:\/\/www.lomoro.nl\/fr\/products\/3-delig-pak-30\/","title":{"rendered":"Costume trois pi\u00e8ces bleu fonc\u00e9"},"content":{"rendered":"<p>Le costume 3 pi\u00e8ces bleu fonc\u00e9 est un chef-d&rsquo;\u0153uvre d&rsquo;\u00e9l\u00e9gance et de polyvalence. La couleur bleu profond ajoute une touche de sophistication \u00e0 cet ensemble classique, ce qui en fait le choix id\u00e9al pour toute occasion formelle, comme les mariages, les r\u00e9unions d&rsquo;affaires ou les \u00e9v\u00e9nements \u00e9l\u00e9gants. Avec sa coupe contemporaine et ses finitions de qualit\u00e9, ce costume incarne confort et classe.<\/p>\n<p>Le costume 3 pi\u00e8ces bleu fonc\u00e9 se compose d&rsquo;un blazer \u00e0 simple boutonnage, d&rsquo;un gilet \u00e0 double boutonnage et d&rsquo;un pantalon slim. La riche teinte bleu fonc\u00e9 offre un look \u00e9l\u00e9gant, tandis que le design raffin\u00e9 contribue \u00e0 un look contemporain. Ce costume est con\u00e7u pour se combiner sans effort avec divers accessoires, ce qui le rend id\u00e9al pour les tenues classiques et modernes.<\/p>\n<table style=\"height: 344px;\" width=\"614\">\n<tbody>\n<tr>\n<td><b>Caract\u00e9ristique<\/b><\/td>\n<td><b>D\u00e9tails<\/b><\/td>\n<\/tr>\n<tr>\n<td><b>Mat\u00e9riau<\/b><\/td>\n<td><span style=\"font-weight: 400;\">M\u00e9lange de laine de luxe<\/span><\/td>\n<\/tr>\n<tr>\n<td><b>Couleur<\/b><\/td>\n<td><span style=\"font-weight: 400;\">Bleu fonc\u00e9<\/span><\/td>\n<\/tr>\n<tr>\n<td><b>Tailles disponibles<\/b><\/td>\n<td><span style=\"font-weight: 400;\">Tailles petites 46-62 \/ Tailles grandes 58-72<\/span><\/td>\n<\/tr>\n<tr>\n<td><b>Coupe<\/b><\/td>\n<td><span style=\"font-weight: 400;\">Coupe ajust\u00e9e pour une silhouette affin\u00e9e<\/span><\/td>\n<\/tr>\n<tr>\n<td><b>Instructions de lavage<\/b><\/td>\n<td><span style=\"font-weight: 400;\">Nettoyage \u00e0 sec professionnel<\/span><\/td>\n<\/tr>\n<\/tbody>\n<\/table>\n<p>&nbsp;<\/p>\n","protected":false},"excerpt":{"rendered":"<p>Le costume 3 pi\u00e8ces bleu fonc\u00e9 pour homme de Lomoro est un ensemble \u00e9l\u00e9gant, compos\u00e9 d&rsquo;un blazer ajust\u00e9, d&rsquo;un gilet assorti et d&rsquo;un pantalon classique. Ce costume est con\u00e7u pour offrir \u00e0 la fois style et confort, id\u00e9al pour les occasions formelles telles que les mariages, les r\u00e9unions d&rsquo;affaires ou les \u00e9v\u00e9nements sp\u00e9ciaux. Fabriqu\u00e9 \u00e0 partir de mat\u00e9riaux de haute qualit\u00e9, il assure un ajustement confortable et un look raffin\u00e9. La coupe slim accentue la forme du corps, tandis que la couleur bleu fonc\u00e9 donne un look intemporel et moderne. Disponible dans les tailles jusqu&rsquo;au 72 inclus, la combinaison convient donc \u00e0 diff\u00e9rentes morphologies.<\/p>\n<p>\u2702\ufe0f Ajustement parfait, fait sp\u00e9cialement pour vous.<\/p>\n<p>\ud83d\udc54 Des conseils personnalis\u00e9s pour votre look unique.<\/p>\n<p>\ud83e\uddf5 Des mat\u00e9riaux de haute qualit\u00e9 pour un confort ultime.<\/p>\n<p>\ud83c\udfa8 \u00c9l\u00e9gant pour chaque occasion.<\/p>\n<p>\ud83c\udf81 Profitez d&rsquo;un cadeau gratuit \u00e0 chaque visite en magasin !<\/p>\n","protected":false},"featured_media":1833,"template":"","meta":{"_acf_changed":false},"product_brand":[],"product_cat":[113],"product_tag":[],"class_list":{"0":"post-4189","1":"product","2":"type-product","3":"status-publish","4":"has-post-thumbnail","6":"product_cat-3-delig-kostuums","8":"first","9":"instock","10":"sale","11":"featured","12":"shipping-taxable","13":"purchasable","14":"product-type-simple"},"acf":[],"_links":{"self":[{"href":"https:\/\/www.lomoro.nl\/fr\/wp-json\/wp\/v2\/product\/4189","targetHints":{"allow":["GET"]}}],"collection":[{"href":"https:\/\/www.lomoro.nl\/fr\/wp-json\/wp\/v2\/product"}],"about":[{"href":"https:\/\/www.lomoro.nl\/fr\/wp-json\/wp\/v2\/types\/product"}],"wp:featuredmedia":[{"embeddable":true,"href":"https:\/\/www.lomoro.nl\/fr\/wp-json\/wp\/v2\/media\/1833"}],"wp:attachment":[{"href":"https:\/\/www.lomoro.nl\/fr\/wp-json\/wp\/v2\/media?parent=4189"}],"wp:term":[{"taxonomy":"product_brand","embeddable":true,"href":"https:\/\/www.lomoro.nl\/fr\/wp-json\/wp\/v2\/product_brand?post=4189"},{"taxonomy":"product_cat","embeddable":true,"href":"https:\/\/www.lomoro.nl\/fr\/wp-json\/wp\/v2\/product_cat?post=4189"},{"taxonomy":"product_tag","embeddable":true,"href":"https:\/\/www.lomoro.nl\/fr\/wp-json\/wp\/v2\/product_tag?post=4189"}],"curies":[{"name":"wp","href":"https:\/\/api.w.org\/{rel}","templated":true}]}}