{"id":4195,"date":"2024-12-20T10:43:28","date_gmt":"2024-12-20T10:43:28","guid":{"rendered":"https:\/\/lomoro.nl\/?post_type=product&#038;p=4195"},"modified":"2025-01-04T08:40:12","modified_gmt":"2025-01-04T08:40:12","slug":"stropdas-10","status":"publish","type":"product","link":"https:\/\/www.lomoro.nl\/fr\/products\/stropdas-10\/","title":{"rendered":"Cravate noire pour homme \u00e0 motif cachemire dor\u00e9"},"content":{"rendered":"<p>La cravate noire pour homme avec motif cachemire dor\u00e9 est con\u00e7ue pour les hommes qui recherchent un ajout \u00e9l\u00e9gant et saisissant \u00e0 leur garde-robe. Le motif cachemire dor\u00e9 forme un beau contraste avec le tissu noir, ce qui lui conf\u00e8re un aspect luxueux. Cette cravate n&rsquo;est pas seulement un choix de mode, mais aussi un moyen de rayonner d&rsquo;\u00e9l\u00e9gance et de sophistication aux moments importants. Les couleurs riches et audacieuses font de cette cravate une combinaison parfaite pour les occasions formelles et festives, telles que les mariages, les galas ou les d\u00eeners formels.<\/p>\n<p>Fabriqu\u00e9e \u00e0 partir de mat\u00e9riaux de haute qualit\u00e9, cette cravate offre non seulement un attrait visuel mais \u00e9galement confort et durabilit\u00e9. Le motif cachemire, \u00e0 la fois subtil et frappant, rend la cravate polyvalente et s&rsquo;adapte donc parfaitement aux costumes noirs et fonc\u00e9s. Ajoutez cette cravate \u00e9l\u00e9gante \u00e0 votre collection et faites une impression \u00e0 la fois audacieuse et sophistiqu\u00e9e partout o\u00f9 vous allez.<\/p>\n<table>\n<tbody>\n<tr>\n<td><b>Caract\u00e9ristique<\/b><\/td>\n<td><b>D\u00e9tails<\/b><\/td>\n<\/tr>\n<tr>\n<td><b>Mat\u00e9riau<\/b><\/td>\n<td><span style=\"font-weight: 400;\">Jacquard polyester<\/span><\/td>\n<\/tr>\n<tr>\n<td><b>Couleur<\/b><\/td>\n<td><span style=\"font-weight: 400;\">Noir avec motif paisley dor\u00e9<\/span><\/td>\n<\/tr>\n<tr>\n<td><b>Dimensions<\/b><\/td>\n<td><span style=\"font-weight: 400;\">150 cm x 8 cm<\/span><\/td>\n<\/tr>\n<tr>\n<td><b>Entretien<\/b><\/td>\n<td><span style=\"font-weight: 400;\">Lavage \u00e0 la main recommand\u00e9<\/span><\/td>\n<\/tr>\n<\/tbody>\n<\/table>\n","protected":false},"excerpt":{"rendered":"<p>La cravate noire pour homme avec motif cachemire dor\u00e9 est un accessoire saisissant qui respire \u00e0 la fois l&rsquo;\u00e9l\u00e9gance et la sophistication. Le motif cachemire dor\u00e9 sur fond noir profond fait de cette cravate un choix id\u00e9al pour les occasions festives ou formelles.<\/p>\n<p>Cette cravate offre un \u00e9quilibre parfait entre style classique et style moderne, ajoutant un look luxueux \u00e0 n&rsquo;importe quelle tenue. Que ce soit pour un mariage, un gala ou toute autre occasion sp\u00e9ciale, cette cravate fera de chaque look une d\u00e9claration.<\/p>\n<p>\u2702\ufe0f Ajustement parfait, fait sp\u00e9cialement pour vous.<\/p>\n<p>\ud83d\udc54 Des conseils personnalis\u00e9s pour votre look unique.<\/p>\n<p>\ud83e\uddf5 Des mat\u00e9riaux de haute qualit\u00e9 pour un confort ultime.<\/p>\n<p>\ud83c\udfa8 \u00c9l\u00e9gant pour chaque occasion.<\/p>\n<p>\ud83c\udf81 Profitez d&rsquo;un cadeau gratuit \u00e0 chaque visite en magasin !<\/p>\n","protected":false},"featured_media":3066,"template":"","meta":{"_acf_changed":false},"product_brand":[],"product_cat":[151],"product_tag":[],"class_list":{"0":"post-4195","1":"product","2":"type-product","3":"status-publish","4":"has-post-thumbnail","6":"product_cat-stropdas","8":"first","9":"instock","10":"sale","11":"shipping-taxable","12":"purchasable","13":"product-type-simple"},"acf":[],"_links":{"self":[{"href":"https:\/\/www.lomoro.nl\/fr\/wp-json\/wp\/v2\/product\/4195","targetHints":{"allow":["GET"]}}],"collection":[{"href":"https:\/\/www.lomoro.nl\/fr\/wp-json\/wp\/v2\/product"}],"about":[{"href":"https:\/\/www.lomoro.nl\/fr\/wp-json\/wp\/v2\/types\/product"}],"wp:featuredmedia":[{"embeddable":true,"href":"https:\/\/www.lomoro.nl\/fr\/wp-json\/wp\/v2\/media\/3066"}],"wp:attachment":[{"href":"https:\/\/www.lomoro.nl\/fr\/wp-json\/wp\/v2\/media?parent=4195"}],"wp:term":[{"taxonomy":"product_brand","embeddable":true,"href":"https:\/\/www.lomoro.nl\/fr\/wp-json\/wp\/v2\/product_brand?post=4195"},{"taxonomy":"product_cat","embeddable":true,"href":"https:\/\/www.lomoro.nl\/fr\/wp-json\/wp\/v2\/product_cat?post=4195"},{"taxonomy":"product_tag","embeddable":true,"href":"https:\/\/www.lomoro.nl\/fr\/wp-json\/wp\/v2\/product_tag?post=4195"}],"curies":[{"name":"wp","href":"https:\/\/api.w.org\/{rel}","templated":true}]}}