{"id":4206,"date":"2024-12-20T10:46:12","date_gmt":"2024-12-20T10:46:12","guid":{"rendered":"https:\/\/lomoro.nl\/?post_type=product&#038;p=4206"},"modified":"2025-01-04T09:01:02","modified_gmt":"2025-01-04T09:01:02","slug":"stropdas-9","status":"publish","type":"product","link":"https:\/\/www.lomoro.nl\/fr\/products\/stropdas-9\/","title":{"rendered":"Cravate noire \u00e0 motif cachemire orange et dor\u00e9"},"content":{"rendered":"<p>La cravate noire \u00e0 motif cachemire orange et dor\u00e9 est un accessoire moderne et raffin\u00e9 qui offre un look luxueux en toute occasion. Le motif cachemire saisissant en orange et or sur fond noir profond cr\u00e9e un style audacieux, parfait pour les hommes qui aiment se d\u00e9marquer avec un look chic et sophistiqu\u00e9. Qu&rsquo;il s&rsquo;agisse d&rsquo;un mariage, d&rsquo;une r\u00e9union formelle ou d&rsquo;une soir\u00e9e, cette cravate impressionnera \u00e0 coup s\u00fbr.<\/p>\n<p>Fabriqu\u00e9e \u00e0 partir de mat\u00e9riaux de haute qualit\u00e9, cette cravate offre non seulement un beau design, mais \u00e9galement confort et durabilit\u00e9. Le motif cachemire, \u00e0 la fois classique et \u00e9l\u00e9gant, le rend suffisamment polyvalent pour s&rsquo;associer avec des costumes et des chemises de diff\u00e9rentes couleurs. Cette cravate est un incontournable pour les hommes qui recherchent une fa\u00e7on \u00e9l\u00e9gante et audacieuse de rehausser leur tenue formelle. C&rsquo;est le choix parfait pour un look luxueux qui ne passera pas inaper\u00e7u.<\/p>\n<table>\n<tbody>\n<tr>\n<td><b>Caract\u00e9ristique<\/b><\/td>\n<td><b>D\u00e9tails<\/b><\/td>\n<\/tr>\n<tr>\n<td><b>Mat\u00e9riau<\/b><\/td>\n<td><span style=\"font-weight: 400;\">Jacquard polyester<\/span><\/td>\n<\/tr>\n<tr>\n<td><b>Couleur<\/b><\/td>\n<td><span style=\"font-weight: 400;\">Noir avec orange et motif paisley dor\u00e9<\/span><\/td>\n<\/tr>\n<tr>\n<td><b>Dimensions<\/b><\/td>\n<td><span style=\"font-weight: 400;\">150 cm x 8 cm<\/span><\/td>\n<\/tr>\n<tr>\n<td><b>Entretien<\/b><\/td>\n<td><span style=\"font-weight: 400;\">Lavage \u00e0 la main recommand\u00e9<\/span><\/td>\n<\/tr>\n<\/tbody>\n<\/table>\n","protected":false},"excerpt":{"rendered":"<p>La cravate noire \u00e0 motif cachemire orange et dor\u00e9 est un choix \u00e9l\u00e9gant et saisissant pour toute occasion. Le magnifique motif cachemire orange et dor\u00e9 conf\u00e8re \u00e0 cette cravate un look raffin\u00e9, id\u00e9al pour les \u00e9v\u00e9nements formels et festifs.<\/p>\n<p>La combinaison du noir avec le motif orange et dor\u00e9 cr\u00e9e un look \u00e9l\u00e9gant mais audacieux qui s&rsquo;agence parfaitement avec un costume noir ou d&rsquo;autres tenues formelles. Cette cravate est id\u00e9ale pour les mariages, les galas ou toute occasion sp\u00e9ciale o\u00f9 vous souhaitez un look luxueux.<\/p>\n<p>\u2702\ufe0f Ajustement parfait, fait sp\u00e9cialement pour vous.<\/p>\n<p>\ud83d\udc54 Des conseils personnalis\u00e9s pour votre look unique.<\/p>\n<p>\ud83e\uddf5 Des mat\u00e9riaux de haute qualit\u00e9 pour un confort ultime.<\/p>\n<p>\ud83c\udfa8 \u00c9l\u00e9gant pour chaque occasion.<\/p>\n<p>\ud83c\udf81 Profitez d&rsquo;un cadeau gratuit \u00e0 chaque visite en magasin<\/p>\n","protected":false},"featured_media":3069,"template":"","meta":{"_acf_changed":false},"product_brand":[],"product_cat":[151],"product_tag":[],"class_list":{"0":"post-4206","1":"product","2":"type-product","3":"status-publish","4":"has-post-thumbnail","6":"product_cat-stropdas","8":"first","9":"instock","10":"sale","11":"shipping-taxable","12":"purchasable","13":"product-type-simple"},"acf":[],"_links":{"self":[{"href":"https:\/\/www.lomoro.nl\/fr\/wp-json\/wp\/v2\/product\/4206","targetHints":{"allow":["GET"]}}],"collection":[{"href":"https:\/\/www.lomoro.nl\/fr\/wp-json\/wp\/v2\/product"}],"about":[{"href":"https:\/\/www.lomoro.nl\/fr\/wp-json\/wp\/v2\/types\/product"}],"wp:featuredmedia":[{"embeddable":true,"href":"https:\/\/www.lomoro.nl\/fr\/wp-json\/wp\/v2\/media\/3069"}],"wp:attachment":[{"href":"https:\/\/www.lomoro.nl\/fr\/wp-json\/wp\/v2\/media?parent=4206"}],"wp:term":[{"taxonomy":"product_brand","embeddable":true,"href":"https:\/\/www.lomoro.nl\/fr\/wp-json\/wp\/v2\/product_brand?post=4206"},{"taxonomy":"product_cat","embeddable":true,"href":"https:\/\/www.lomoro.nl\/fr\/wp-json\/wp\/v2\/product_cat?post=4206"},{"taxonomy":"product_tag","embeddable":true,"href":"https:\/\/www.lomoro.nl\/fr\/wp-json\/wp\/v2\/product_tag?post=4206"}],"curies":[{"name":"wp","href":"https:\/\/api.w.org\/{rel}","templated":true}]}}