{"id":4218,"date":"2024-12-10T07:25:15","date_gmt":"2024-12-10T07:25:15","guid":{"rendered":"https:\/\/lomoro.nl\/?post_type=product&#038;p=4218"},"modified":"2025-01-04T09:42:51","modified_gmt":"2025-01-04T09:42:51","slug":"3-delig-pak-35","status":"publish","type":"product","link":"https:\/\/www.lomoro.nl\/fr\/products\/3-delig-pak-35\/","title":{"rendered":"Costume 3 pi\u00e8ces bleu Tealish"},"content":{"rendered":"<p>Le costume bleu Tealish 3 pi\u00e8ces offre un look frais et sophistiqu\u00e9 qui convient parfaitement aux hommes modernes qui souhaitent cr\u00e9er un look saisissant mais \u00e9l\u00e9gant. Avec sa couleur bleu sarcelle unique et sa coupe slim, ce costume est id\u00e9al aussi bien pour les \u00e9v\u00e9nements formels que pour les r\u00e9unions d&rsquo;affaires. Un incontournable pour tous ceux qui souhaitent se distinguer avec une touche de couleur.<\/p>\n<p>Cet \u00e9l\u00e9gant ensemble trois pi\u00e8ces se compose d&rsquo;une veste \u00e0 boutonnage simple, d&rsquo;un gilet \u00e9l\u00e9gant et d&rsquo;un pantalon assorti. La superbe couleur bleu sarcelle offre un look frais et moderne, tandis que les mat\u00e9riaux et le savoir-faire haut de gamme garantissent un ajustement confortable. Id\u00e9al pour les mariages, les \u00e9v\u00e9nements sp\u00e9ciaux ou les r\u00e9unions d&rsquo;affaires, ce costume vous donnera toujours une allure sophistiqu\u00e9e et confiante.<\/p>\n<table>\n<tbody>\n<tr>\n<td><b>Caract\u00e9ristique<\/b><\/td>\n<td><b>D\u00e9tails<\/b><\/td>\n<\/tr>\n<tr>\n<td><b>Mat\u00e9riau<\/b><\/td>\n<td><span style=\"font-weight: 400;\">M\u00e9lange de laine de luxe<\/span><\/td>\n<\/tr>\n<tr>\n<td><b>Couleur<\/b><\/td>\n<td><span style=\"font-weight: 400;\">Bleu turquoise<\/span><\/td>\n<\/tr>\n<tr>\n<td><b>Tailles disponibles<\/b><\/td>\n<td><span style=\"font-weight: 400;\">Tailles petites 46-62 \/ Tailles grandes 58-72<\/span><\/td>\n<\/tr>\n<tr>\n<td><b>Coupe<\/b><\/td>\n<td><span style=\"font-weight: 400;\">Coupe ajust\u00e9e pour une silhouette affin\u00e9e<\/span><\/td>\n<\/tr>\n<tr>\n<td><b>Instructions de lavage<\/b><\/td>\n<td><span style=\"font-weight: 400;\">Nettoyage \u00e0 sec professionnel<\/span><\/td>\n<\/tr>\n<\/tbody>\n<\/table>\n<p>&nbsp;<\/p>\n","protected":false},"excerpt":{"rendered":"<div class=\"product__tax caption rte\">\n<p>Le costume 3 pi\u00e8ces bleu sarcelle pour homme de Lomoro est un ensemble raffin\u00e9, compos\u00e9 d&rsquo;un blazer ajust\u00e9, d&rsquo;un gilet assorti et d&rsquo;un pantalon classique. Ce costume est con\u00e7u pour offrir \u00e0 la fois style et confort, id\u00e9al pour les occasions formelles telles que les mariages, les r\u00e9unions d&rsquo;affaires ou les \u00e9v\u00e9nements sp\u00e9ciaux. Fabriqu\u00e9 \u00e0 partir de mat\u00e9riaux de haute qualit\u00e9, il assure un ajustement confortable et une apparence \u00e9l\u00e9gante. La coupe slim accentue la forme du corps, tandis que la couleur bleu canard donne un look moderne et raffin\u00e9. Disponible dans les tailles jusqu&rsquo;au 72 inclus, la combinaison convient donc \u00e0 diff\u00e9rentes morphologies.<\/p>\n<p>\u2702\ufe0f Ajustement parfait, fait sp\u00e9cialement pour vous.<\/p>\n<p>\ud83d\udc54 Des conseils personnalis\u00e9s pour votre look unique.<\/p>\n<p>\ud83e\uddf5 Des mat\u00e9riaux de haute qualit\u00e9 pour un confort ultime.<\/p>\n<p>\ud83c\udfa8 \u00c9l\u00e9gant pour chaque occasion.<\/p>\n<p>\ud83c\udf81 Profitez d&rsquo;un cadeau gratuit \u00e0 chaque visite en magasin !<\/p>\n<\/div>\n","protected":false},"featured_media":1848,"template":"","meta":{"_acf_changed":false},"product_brand":[],"product_cat":[113],"product_tag":[],"class_list":{"0":"post-4218","1":"product","2":"type-product","3":"status-publish","4":"has-post-thumbnail","6":"product_cat-3-delig-kostuums","8":"first","9":"instock","10":"sale","11":"shipping-taxable","12":"purchasable","13":"product-type-simple"},"acf":[],"_links":{"self":[{"href":"https:\/\/www.lomoro.nl\/fr\/wp-json\/wp\/v2\/product\/4218","targetHints":{"allow":["GET"]}}],"collection":[{"href":"https:\/\/www.lomoro.nl\/fr\/wp-json\/wp\/v2\/product"}],"about":[{"href":"https:\/\/www.lomoro.nl\/fr\/wp-json\/wp\/v2\/types\/product"}],"wp:featuredmedia":[{"embeddable":true,"href":"https:\/\/www.lomoro.nl\/fr\/wp-json\/wp\/v2\/media\/1848"}],"wp:attachment":[{"href":"https:\/\/www.lomoro.nl\/fr\/wp-json\/wp\/v2\/media?parent=4218"}],"wp:term":[{"taxonomy":"product_brand","embeddable":true,"href":"https:\/\/www.lomoro.nl\/fr\/wp-json\/wp\/v2\/product_brand?post=4218"},{"taxonomy":"product_cat","embeddable":true,"href":"https:\/\/www.lomoro.nl\/fr\/wp-json\/wp\/v2\/product_cat?post=4218"},{"taxonomy":"product_tag","embeddable":true,"href":"https:\/\/www.lomoro.nl\/fr\/wp-json\/wp\/v2\/product_tag?post=4218"}],"curies":[{"name":"wp","href":"https:\/\/api.w.org\/{rel}","templated":true}]}}