{"id":4226,"date":"2024-12-20T10:56:34","date_gmt":"2024-12-20T10:56:34","guid":{"rendered":"https:\/\/lomoro.nl\/?post_type=product&#038;p=4226"},"modified":"2025-01-04T10:19:54","modified_gmt":"2025-01-04T10:19:54","slug":"stropdas-6","status":"publish","type":"product","link":"https:\/\/www.lomoro.nl\/fr\/products\/stropdas-6\/","title":{"rendered":"Cravate homme bleu marine \u00e0 motif cachemire"},"content":{"rendered":"<p>La cravate Paisley bleu marine pour hommes est le choix parfait pour les hommes \u00e0 la recherche d&rsquo;un look \u00e9l\u00e9gant et sophistiqu\u00e9. Le bleu marine profond forme une toile \u00e9l\u00e9gante pour le motif cachemire classique, donnant \u00e0 la cravate un look intemporel. Que vous alliez \u00e0 un mariage, une r\u00e9union d&rsquo;affaires ou une soir\u00e9e, cette cravate ajoute toujours une touche luxueuse \u00e0 votre tenue. Le design cachemire offre un c\u00f4t\u00e9 ludique subtil, tandis que la couleur bleu marine offre un look sobre et \u00e9l\u00e9gant.<\/p>\n<p>Fabriqu\u00e9e \u00e0 partir de mat\u00e9riaux de haute qualit\u00e9, cette cravate offre non seulement un look visuellement attrayant, mais \u00e9galement confort et durabilit\u00e9. Le motif cachemire classique se marie bien avec diff\u00e9rents styles de chemises et de vestes, ce qui rend la cravate polyvalente et pratique. La cravate Paisley bleu marine est un accessoire essentiel pour tout homme cherchant \u00e0 compl\u00e9ter sa garde-robe avec un \u00e9l\u00e9ment de sophistication et de style, parfait pour toute occasion formelle ou semi-formelle.<\/p>\n<table>\n<tbody>\n<tr>\n<td><b>Caract\u00e9ristique<\/b><\/td>\n<td><b>D\u00e9tails<\/b><\/td>\n<\/tr>\n<tr>\n<td><b>Mat\u00e9riau<\/b><\/td>\n<td><span style=\"font-weight: 400;\">Jacquard polyester<\/span><\/td>\n<\/tr>\n<tr>\n<td><b>Couleur<\/b><\/td>\n<td><span style=\"font-weight: 400;\">Bleu marine avec motif paisley<\/span><\/td>\n<\/tr>\n<tr>\n<td><b>Dimensions<\/b><\/td>\n<td><span style=\"font-weight: 400;\">150 cm x 8 cm<\/span><\/td>\n<\/tr>\n<tr>\n<td><b>Entretien<\/b><\/td>\n<td><span style=\"font-weight: 400;\">Lavage \u00e0 la main recommand\u00e9<\/span><\/td>\n<\/tr>\n<\/tbody>\n<\/table>\n","protected":false},"excerpt":{"rendered":"<p>La cravate bleu marine \u00e0 motif cachemire pour homme est une combinaison parfaite de style et de classe. Le riche bleu marine constitue la base du motif cachemire classique, faisant de cette cravate un choix polyvalent pour une vari\u00e9t\u00e9 d&rsquo;occasions.<\/p>\n<p>Cette cravate offre un look luxueux et est id\u00e9ale pour les \u00e9v\u00e9nements formels et semi-formels. Le design \u00e9l\u00e9gant garantit que vous aurez toujours fi\u00e8re allure, quelle que soit l&rsquo;occasion.<\/p>\n<p>\u2702\ufe0f Ajustement parfait, fait sp\u00e9cialement pour vous.<\/p>\n<p>\ud83d\udc54 Des conseils personnalis\u00e9s pour votre look unique.<\/p>\n<p>\ud83e\uddf5 Des mat\u00e9riaux de haute qualit\u00e9 pour un confort ultime.<\/p>\n<p>\ud83c\udfa8 \u00c9l\u00e9gant pour chaque occasion.<\/p>\n<p>\ud83c\udf81 Profitez d&rsquo;un cadeau gratuit \u00e0 chaque visite en magasin !<\/p>\n","protected":false},"featured_media":3078,"template":"","meta":{"_acf_changed":false},"product_brand":[],"product_cat":[151],"product_tag":[],"class_list":{"0":"post-4226","1":"product","2":"type-product","3":"status-publish","4":"has-post-thumbnail","6":"product_cat-stropdas","8":"first","9":"instock","10":"sale","11":"shipping-taxable","12":"purchasable","13":"product-type-simple"},"acf":[],"_links":{"self":[{"href":"https:\/\/www.lomoro.nl\/fr\/wp-json\/wp\/v2\/product\/4226","targetHints":{"allow":["GET"]}}],"collection":[{"href":"https:\/\/www.lomoro.nl\/fr\/wp-json\/wp\/v2\/product"}],"about":[{"href":"https:\/\/www.lomoro.nl\/fr\/wp-json\/wp\/v2\/types\/product"}],"wp:featuredmedia":[{"embeddable":true,"href":"https:\/\/www.lomoro.nl\/fr\/wp-json\/wp\/v2\/media\/3078"}],"wp:attachment":[{"href":"https:\/\/www.lomoro.nl\/fr\/wp-json\/wp\/v2\/media?parent=4226"}],"wp:term":[{"taxonomy":"product_brand","embeddable":true,"href":"https:\/\/www.lomoro.nl\/fr\/wp-json\/wp\/v2\/product_brand?post=4226"},{"taxonomy":"product_cat","embeddable":true,"href":"https:\/\/www.lomoro.nl\/fr\/wp-json\/wp\/v2\/product_cat?post=4226"},{"taxonomy":"product_tag","embeddable":true,"href":"https:\/\/www.lomoro.nl\/fr\/wp-json\/wp\/v2\/product_tag?post=4226"}],"curies":[{"name":"wp","href":"https:\/\/api.w.org\/{rel}","templated":true}]}}