{"id":4232,"date":"2024-12-10T07:36:33","date_gmt":"2024-12-10T07:36:33","guid":{"rendered":"https:\/\/lomoro.nl\/?post_type=product&#038;p=4232"},"modified":"2025-01-04T10:29:13","modified_gmt":"2025-01-04T10:29:13","slug":"3-delig-pak-37","status":"publish","type":"product","link":"https:\/\/www.lomoro.nl\/fr\/products\/3-delig-pak-37\/","title":{"rendered":"Costume 3 pi\u00e8ces beige pour homme"},"content":{"rendered":"<p>Le costume 3 pi\u00e8ces Beige Homme est con\u00e7u pour les hommes qui recherchent une tenue polyvalente et \u00e9l\u00e9gante. Le costume est fabriqu\u00e9 \u00e0 partir d&rsquo;un m\u00e9lange de laine de haute qualit\u00e9 qui offre non seulement une durabilit\u00e9, mais pr\u00e9sente \u00e9galement un aspect luxueux. La couleur beige douce ajoute une touche moderne et fra\u00eeche, ce qui la rend adapt\u00e9e aux occasions formelles et semi-formelles.<\/p>\n<p>La coupe slim assure une coupe \u00e9pur\u00e9e et flatteuse, tandis que le blazer, le gilet et le pantalon s&#8217;embo\u00eetent parfaitement. Avec le souci du d\u00e9tail et du savoir-faire, ce costume est un excellent choix pour les hommes qui souhaitent faire une impression durable, quelle que soit l&rsquo;occasion.<\/p>\n<table style=\"height: 334px;\" width=\"658\">\n<tbody>\n<tr>\n<td><b>Caract\u00e9ristique<\/b><\/td>\n<td><b>D\u00e9tails<\/b><\/td>\n<\/tr>\n<tr>\n<td><b>Mat\u00e9riau<\/b><\/td>\n<td><span style=\"font-weight: 400;\">M\u00e9lange de laine de luxe<\/span><\/td>\n<\/tr>\n<tr>\n<td><b>Couleur<\/b><\/td>\n<td><span style=\"font-weight: 400;\">Beige \u00e9l\u00e9gant<\/span><\/td>\n<\/tr>\n<tr>\n<td><b>Tailles disponibles<\/b><\/td>\n<td><span style=\"font-weight: 400;\">Tailles petites 46-62 \/ Tailles grandes 58-72<\/span><\/td>\n<\/tr>\n<tr>\n<td><b>Coupe<\/b><\/td>\n<td><span style=\"font-weight: 400;\">Coupe ajust\u00e9e pour une silhouette affin\u00e9e<\/span><\/td>\n<\/tr>\n<tr>\n<td><b>Instructions de lavage<\/b><\/td>\n<td><span style=\"font-weight: 400;\">Nettoyage \u00e0 sec professionnel<\/span><\/td>\n<\/tr>\n<\/tbody>\n<\/table>\n<p>&nbsp;<\/p>\n","protected":false},"excerpt":{"rendered":"<div class=\"product__tax caption rte\">\n<p>Le costume 3 pi\u00e8ces beige pour homme est le choix parfait pour les hommes qui souhaitent rayonner de style et de sophistication. Avec sa teinte beige \u00e9l\u00e9gante et sa coupe \u00e9pur\u00e9e, il d\u00e9gage un charme intemporel, id\u00e9al pour les mariages, les \u00e9v\u00e9nements professionnels ou autres occasions formelles.<\/p>\n<p>Cet ensemble \u00e9l\u00e9gant, compos\u00e9 d&rsquo;un blazer, d&rsquo;un gilet et d&rsquo;un pantalon, offre un \u00e9quilibre parfait entre confort et classe. Le mat\u00e9riau de haute qualit\u00e9 et la finition raffin\u00e9e vous garantissent un look \u00e0 la fois tendance et confortable.<\/p>\n<p>\u2702\ufe0f Ajustement parfait, fait sp\u00e9cialement pour vous.<\/p>\n<p>\ud83d\udc54 Des conseils personnalis\u00e9s pour votre look unique.<\/p>\n<p>\ud83e\uddf5 Des mat\u00e9riaux de haute qualit\u00e9 pour un confort ultime.<\/p>\n<p>\ud83c\udfa8 \u00c9l\u00e9gant pour chaque occasion.<\/p>\n<p>\ud83c\udf81 Profitez d&rsquo;un cadeau gratuit \u00e0 chaque visite en magasin !<\/p>\n<\/div>\n","protected":false},"featured_media":1854,"template":"","meta":{"_acf_changed":false},"product_brand":[],"product_cat":[113],"product_tag":[],"class_list":{"0":"post-4232","1":"product","2":"type-product","3":"status-publish","4":"has-post-thumbnail","6":"product_cat-3-delig-kostuums","8":"first","9":"instock","10":"sale","11":"shipping-taxable","12":"purchasable","13":"product-type-simple"},"acf":[],"_links":{"self":[{"href":"https:\/\/www.lomoro.nl\/fr\/wp-json\/wp\/v2\/product\/4232","targetHints":{"allow":["GET"]}}],"collection":[{"href":"https:\/\/www.lomoro.nl\/fr\/wp-json\/wp\/v2\/product"}],"about":[{"href":"https:\/\/www.lomoro.nl\/fr\/wp-json\/wp\/v2\/types\/product"}],"wp:featuredmedia":[{"embeddable":true,"href":"https:\/\/www.lomoro.nl\/fr\/wp-json\/wp\/v2\/media\/1854"}],"wp:attachment":[{"href":"https:\/\/www.lomoro.nl\/fr\/wp-json\/wp\/v2\/media?parent=4232"}],"wp:term":[{"taxonomy":"product_brand","embeddable":true,"href":"https:\/\/www.lomoro.nl\/fr\/wp-json\/wp\/v2\/product_brand?post=4232"},{"taxonomy":"product_cat","embeddable":true,"href":"https:\/\/www.lomoro.nl\/fr\/wp-json\/wp\/v2\/product_cat?post=4232"},{"taxonomy":"product_tag","embeddable":true,"href":"https:\/\/www.lomoro.nl\/fr\/wp-json\/wp\/v2\/product_tag?post=4232"}],"curies":[{"name":"wp","href":"https:\/\/api.w.org\/{rel}","templated":true}]}}