{"id":4241,"date":"2024-12-10T07:39:21","date_gmt":"2024-12-10T07:39:21","guid":{"rendered":"https:\/\/lomoro.nl\/?post_type=product&#038;p=4241"},"modified":"2025-01-04T10:46:19","modified_gmt":"2025-01-04T10:46:19","slug":"3-delig-pak-38","status":"publish","type":"product","link":"https:\/\/www.lomoro.nl\/fr\/products\/3-delig-pak-38\/","title":{"rendered":"Costume 3 pi\u00e8ces beige chaud"},"content":{"rendered":"<p>Le costume 3 pi\u00e8ces Warm Beige est sp\u00e9cialement con\u00e7u pour l&rsquo;homme qui souhaite se distinguer par un style raffin\u00e9 et contemporain. La couleur beige douce et chaude offre un look polyvalent qui convient \u00e0 diverses occasions, tandis que le costume est fabriqu\u00e9 \u00e0 partir d&rsquo;un m\u00e9lange de laine durable pour plus de confort et de luxe. Le design est ajust\u00e9, il s&rsquo;adapte donc parfaitement au corps et offre un look mince et \u00e9l\u00e9gant.<\/p>\n<p>Ce costume se compose d&rsquo;un blazer \u00e0 simple boutonnage, d&rsquo;un gilet \u00e0 double boutonnage et d&rsquo;un pantalon assorti. Chaque \u00e9l\u00e9ment est fini avec un souci du d\u00e9tail et de la pr\u00e9cision, des revers \u00e9l\u00e9gants aux coutures de haute qualit\u00e9. Il constitue un choix \u00e9l\u00e9gant pour les hommes qui souhaitent faire une impression durable lors d&rsquo;\u00e9v\u00e9nements formels ou d&rsquo;occasions sp\u00e9ciales.<\/p>\n<table style=\"height: 353px;\" width=\"663\">\n<tbody>\n<tr>\n<td><b>Caract\u00e9ristique<\/b><\/td>\n<td><b>D\u00e9tails<\/b><\/td>\n<\/tr>\n<tr>\n<td><b>Mat\u00e9riau<\/b><\/td>\n<td><span style=\"font-weight: 400;\">M\u00e9lange de laine de luxe<\/span><\/td>\n<\/tr>\n<tr>\n<td><b>Couleur<\/b><\/td>\n<td><span style=\"font-weight: 400;\">Beige chaud<\/span><\/td>\n<\/tr>\n<tr>\n<td><b>Tailles disponibles<\/b><\/td>\n<td><span style=\"font-weight: 400;\">Tailles petites 46-62 \/ Tailles grandes 58-72<\/span><\/td>\n<\/tr>\n<tr>\n<td><b>Coupe<\/b><\/td>\n<td><span style=\"font-weight: 400;\">Coupe ajust\u00e9e pour une silhouette affin\u00e9e<\/span><\/td>\n<\/tr>\n<tr>\n<td><b>Instructions de lavage<\/b><\/td>\n<td><span style=\"font-weight: 400;\">Nettoyage \u00e0 sec professionnel<\/span><\/td>\n<\/tr>\n<\/tbody>\n<\/table>\n<p>&nbsp;<\/p>\n","protected":false},"excerpt":{"rendered":"<div class=\"product__tax caption rte\">\n<p>Le costume 3 pi\u00e8ces Warm Beige allie \u00e9l\u00e9gance intemporelle et look moderne. La teinte beige chaude et la coupe ajust\u00e9e font de ce costume un choix parfait pour les occasions formelles telles que les mariages, les r\u00e9unions d&rsquo;affaires ou les soir\u00e9es de gala.<\/p>\n<p>Compos\u00e9 d&rsquo;un blazer, d&rsquo;un gilet et d&rsquo;un pantalon dans un ensemble sophistiqu\u00e9, ce costume offre un \u00e9quilibre harmonieux entre style et confort. Fabriqu\u00e9 \u00e0 partir de mat\u00e9riaux de haute qualit\u00e9, vous rayonnez de confiance en vous et de classe dans n&rsquo;importe quel environnement.<\/p>\n<p>\u2702\ufe0f Ajustement parfait, fait sp\u00e9cialement pour vous.<\/p>\n<p>\ud83d\udc54 Des conseils personnalis\u00e9s pour votre look unique.<\/p>\n<p>\ud83e\uddf5 Des mat\u00e9riaux de haute qualit\u00e9 pour un confort ultime.<\/p>\n<p>\ud83c\udfa8 \u00c9l\u00e9gant pour chaque occasion.<\/p>\n<p>\ud83c\udf81 Profitez d&rsquo;un cadeau gratuit \u00e0 chaque visite en magasin !<\/p>\n<\/div>\n","protected":false},"featured_media":1857,"template":"","meta":{"_acf_changed":false},"product_brand":[],"product_cat":[113],"product_tag":[],"class_list":{"0":"post-4241","1":"product","2":"type-product","3":"status-publish","4":"has-post-thumbnail","6":"product_cat-3-delig-kostuums","8":"first","9":"instock","10":"sale","11":"shipping-taxable","12":"purchasable","13":"product-type-simple"},"acf":[],"_links":{"self":[{"href":"https:\/\/www.lomoro.nl\/fr\/wp-json\/wp\/v2\/product\/4241","targetHints":{"allow":["GET"]}}],"collection":[{"href":"https:\/\/www.lomoro.nl\/fr\/wp-json\/wp\/v2\/product"}],"about":[{"href":"https:\/\/www.lomoro.nl\/fr\/wp-json\/wp\/v2\/types\/product"}],"wp:featuredmedia":[{"embeddable":true,"href":"https:\/\/www.lomoro.nl\/fr\/wp-json\/wp\/v2\/media\/1857"}],"wp:attachment":[{"href":"https:\/\/www.lomoro.nl\/fr\/wp-json\/wp\/v2\/media?parent=4241"}],"wp:term":[{"taxonomy":"product_brand","embeddable":true,"href":"https:\/\/www.lomoro.nl\/fr\/wp-json\/wp\/v2\/product_brand?post=4241"},{"taxonomy":"product_cat","embeddable":true,"href":"https:\/\/www.lomoro.nl\/fr\/wp-json\/wp\/v2\/product_cat?post=4241"},{"taxonomy":"product_tag","embeddable":true,"href":"https:\/\/www.lomoro.nl\/fr\/wp-json\/wp\/v2\/product_tag?post=4241"}],"curies":[{"name":"wp","href":"https:\/\/api.w.org\/{rel}","templated":true}]}}