{"id":4246,"date":"2024-12-11T11:24:10","date_gmt":"2024-12-11T11:24:10","guid":{"rendered":"https:\/\/lomoro.nl\/?post_type=product&#038;p=4246"},"modified":"2025-01-04T11:00:45","modified_gmt":"2025-01-04T11:00:45","slug":"slim-fit-pak-9","status":"publish","type":"product","link":"https:\/\/www.lomoro.nl\/fr\/products\/slim-fit-pak-9\/","title":{"rendered":"Costume Slim Bleu Fonc\u00e9 Homme"},"content":{"rendered":"<p>Le costume slim bleu fonc\u00e9 pour homme est le costume parfait pour l&rsquo;homme moderne qui recherche une tenue polyvalente et \u00e9l\u00e9gante. Sa couleur riche et sombre en fait un excellent choix pour les occasions professionnelles et sociales, o\u00f9 vous \u00eates s\u00fbr d&rsquo;impressionner. Le design fin garantit que le costume suit et met en valeur votre silhouette, vous donnant une apparence \u00e9l\u00e9gante et raffin\u00e9e.<\/p>\n<p>Les tissus haut de gamme utilis\u00e9s garantissent que vous vous sentiez \u00e0 l&rsquo;aise toute la journ\u00e9e. Le costume offre une respirabilit\u00e9, de sorte que vous ayez non seulement l&rsquo;air bien habill\u00e9, mais aussi bien soign\u00e9. Que vous ayez une r\u00e9union formelle ou une soir\u00e9e, ce costume vous donnera toujours un look \u00e9l\u00e9gant et confiant. Le costume slim bleu fonc\u00e9 pour homme est un ajout intemporel \u00e0 votre garde-robe qui ne se d\u00e9modera jamais.<\/p>\n<table>\n<tbody>\n<tr>\n<td><b>Caract\u00e9ristique<\/b><\/td>\n<td><b>D\u00e9tails<\/b><\/td>\n<\/tr>\n<tr>\n<td><b>Mat\u00e9riau<\/b><\/td>\n<td><span style=\"font-weight: 400;\">M\u00e9lange de laine de haute qualit\u00e9 avec stretch<\/span><\/td>\n<\/tr>\n<tr>\n<td><b>Couleur<\/b><\/td>\n<td>Bleu fonc\u00e9<\/td>\n<\/tr>\n<tr>\n<td><b>Tailles disponibles<\/b><\/td>\n<td><span style=\"font-weight: 400;\">Petites tailles 46-62 \/ Grandes tailles 58-72<\/span><\/td>\n<\/tr>\n<tr>\n<td><b>Coupe<\/b><\/td>\n<td><span style=\"font-weight: 400;\">Coupe slim pour un look \u00e9pur\u00e9<\/span><\/td>\n<\/tr>\n<tr>\n<td><b>Instructions de lavage<\/b><\/td>\n<td><span style=\"font-weight: 400;\">Nettoyage \u00e0 sec professionnel<\/span><\/td>\n<\/tr>\n<\/tbody>\n<\/table>\n","protected":false},"excerpt":{"rendered":"<p>Le costume slim bleu fonc\u00e9 pour homme est un incontournable pour tout homme qui souhaite rehausser son apparence avec un look \u00e9l\u00e9gant et moderne. La couleur bleu fonc\u00e9 offre un look intemporel et raffin\u00e9 qui convient aussi bien aux occasions professionnelles que formelles.<\/p>\n<p>Ce costume est con\u00e7u avec une coupe slim, qui accentue votre silhouette et offre un look \u00e9l\u00e9gant et confiant. Les tissus de haute qualit\u00e9 garantissent non seulement une sensation luxueuse, mais offrent \u00e9galement un confort durable, ce qui le rend id\u00e9al pour un usage quotidien.<\/p>\n<p>\u2702\ufe0f Ajustement parfait, fait sp\u00e9cialement pour vous.<\/p>\n<p>\ud83d\udc54 Des conseils personnalis\u00e9s pour votre look unique.<\/p>\n<p>\ud83e\uddf5 Des mat\u00e9riaux de haute qualit\u00e9 pour un confort ultime.<\/p>\n<p>\ud83c\udfa8 \u00c9l\u00e9gant pour chaque occasion.<\/p>\n<p>\ud83c\udf81 Profitez d&rsquo;un cadeau gratuit \u00e0 chaque visite en magasin !<\/p>\n","protected":false},"featured_media":2076,"template":"","meta":{"_acf_changed":false},"product_brand":[],"product_cat":[145],"product_tag":[],"class_list":{"0":"post-4246","1":"product","2":"type-product","3":"status-publish","4":"has-post-thumbnail","6":"product_cat-slim-fit-kostuums","8":"first","9":"instock","10":"sale","11":"featured","12":"shipping-taxable","13":"purchasable","14":"product-type-simple"},"acf":[],"_links":{"self":[{"href":"https:\/\/www.lomoro.nl\/fr\/wp-json\/wp\/v2\/product\/4246","targetHints":{"allow":["GET"]}}],"collection":[{"href":"https:\/\/www.lomoro.nl\/fr\/wp-json\/wp\/v2\/product"}],"about":[{"href":"https:\/\/www.lomoro.nl\/fr\/wp-json\/wp\/v2\/types\/product"}],"wp:featuredmedia":[{"embeddable":true,"href":"https:\/\/www.lomoro.nl\/fr\/wp-json\/wp\/v2\/media\/2076"}],"wp:attachment":[{"href":"https:\/\/www.lomoro.nl\/fr\/wp-json\/wp\/v2\/media?parent=4246"}],"wp:term":[{"taxonomy":"product_brand","embeddable":true,"href":"https:\/\/www.lomoro.nl\/fr\/wp-json\/wp\/v2\/product_brand?post=4246"},{"taxonomy":"product_cat","embeddable":true,"href":"https:\/\/www.lomoro.nl\/fr\/wp-json\/wp\/v2\/product_cat?post=4246"},{"taxonomy":"product_tag","embeddable":true,"href":"https:\/\/www.lomoro.nl\/fr\/wp-json\/wp\/v2\/product_tag?post=4246"}],"curies":[{"name":"wp","href":"https:\/\/api.w.org\/{rel}","templated":true}]}}