{"id":4251,"date":"2024-12-11T11:28:23","date_gmt":"2024-12-11T11:28:23","guid":{"rendered":"https:\/\/lomoro.nl\/?post_type=product&#038;p=4251"},"modified":"2025-01-04T11:14:20","modified_gmt":"2025-01-04T11:14:20","slug":"slim-fit-pak-12","status":"publish","type":"product","link":"https:\/\/www.lomoro.nl\/fr\/products\/slim-fit-pak-12\/","title":{"rendered":"Costume slim beige clair"},"content":{"rendered":"<p>Le costume slim beige clair pour homme est le choix parfait pour les hommes qui recherchent un look moderne et frais sans sacrifier le style. La couleur beige clair est polyvalente et intemporelle, ce qui rend ce costume id\u00e9al pour les \u00e9v\u00e9nements professionnels et sociaux. La coupe slim souligne les \u00e9paules et la taille, pour un look \u00e9pur\u00e9 et \u00e9l\u00e9gant qui flatte votre silhouette.<\/p>\n<p>En plus de son design \u00e9l\u00e9gant, le costume slim beige clair offre \u00e9galement un confort exceptionnel. Il est compos\u00e9 de tissus respirants qui garantissent un port agr\u00e9able, m\u00eame pendant de longues p\u00e9riodes. Que vous ayez une r\u00e9union importante ou que vous assistiez \u00e0 une occasion sp\u00e9ciale, ce costume vous assurera de toujours avoir fi\u00e8re allure avec un look moderne et sophistiqu\u00e9.<\/p>\n<table>\n<tbody>\n<tr>\n<td><b>Caract\u00e9ristique<\/b><\/td>\n<td><b>D\u00e9tails<\/b><\/td>\n<\/tr>\n<tr>\n<td><b>Mat\u00e9riau<\/b><\/td>\n<td><span style=\"font-weight: 400;\">M\u00e9lange de laine de haute qualit\u00e9 avec stretch<\/span><\/td>\n<\/tr>\n<tr>\n<td><b>Couleur<\/b><\/td>\n<td>Beige clair<\/td>\n<\/tr>\n<tr>\n<td><b>Tailles disponibles<\/b><\/td>\n<td><span style=\"font-weight: 400;\">Petites tailles 46-62 \/ Grandes tailles 58-72<\/span><\/td>\n<\/tr>\n<tr>\n<td><b>Coupe<\/b><\/td>\n<td><span style=\"font-weight: 400;\">Coupe slim pour un look \u00e9pur\u00e9<\/span><\/td>\n<\/tr>\n<tr>\n<td><b>Instructions de lavage<\/b><\/td>\n<td><span style=\"font-weight: 400;\">Nettoyage \u00e0 sec professionnel<\/span><\/td>\n<\/tr>\n<\/tbody>\n<\/table>\n","protected":false},"excerpt":{"rendered":"<p>Le costume slim beige clair pour homme offre un look raffin\u00e9 et moderne, id\u00e9al aussi bien pour les occasions formelles que professionnelles. La couleur beige clair donne au costume un look frais et \u00e9l\u00e9gant qui renforce votre confiance en vous.<\/p>\n<p>Avec sa coupe slim et ses mat\u00e9riaux haut de gamme, cette combinaison offre non seulement une coupe ajust\u00e9e, mais \u00e9galement le confort dont vous avez besoin pour les longues journ\u00e9es. Parfait pour un look \u00e9l\u00e9gant et soign\u00e9 en toute occasion.<\/p>\n<p>\u2702\ufe0f Ajustement parfait, fait sp\u00e9cialement pour vous.<\/p>\n<p>\ud83d\udc54 Des conseils personnalis\u00e9s pour votre look unique.<\/p>\n<p>\ud83e\uddf5 Des mat\u00e9riaux de haute qualit\u00e9 pour un confort ultime.<\/p>\n<p>\ud83c\udfa8 \u00c9l\u00e9gant pour chaque occasion.<\/p>\n<p>\ud83c\udf81 Profitez d&rsquo;un cadeau gratuit \u00e0 chaque visite en magasin !<\/p>\n","protected":false},"featured_media":2079,"template":"","meta":{"_acf_changed":false},"product_brand":[],"product_cat":[145],"product_tag":[],"class_list":{"0":"post-4251","1":"product","2":"type-product","3":"status-publish","4":"has-post-thumbnail","6":"product_cat-slim-fit-kostuums","8":"first","9":"instock","10":"sale","11":"featured","12":"shipping-taxable","13":"purchasable","14":"product-type-simple"},"acf":[],"_links":{"self":[{"href":"https:\/\/www.lomoro.nl\/fr\/wp-json\/wp\/v2\/product\/4251","targetHints":{"allow":["GET"]}}],"collection":[{"href":"https:\/\/www.lomoro.nl\/fr\/wp-json\/wp\/v2\/product"}],"about":[{"href":"https:\/\/www.lomoro.nl\/fr\/wp-json\/wp\/v2\/types\/product"}],"wp:featuredmedia":[{"embeddable":true,"href":"https:\/\/www.lomoro.nl\/fr\/wp-json\/wp\/v2\/media\/2079"}],"wp:attachment":[{"href":"https:\/\/www.lomoro.nl\/fr\/wp-json\/wp\/v2\/media?parent=4251"}],"wp:term":[{"taxonomy":"product_brand","embeddable":true,"href":"https:\/\/www.lomoro.nl\/fr\/wp-json\/wp\/v2\/product_brand?post=4251"},{"taxonomy":"product_cat","embeddable":true,"href":"https:\/\/www.lomoro.nl\/fr\/wp-json\/wp\/v2\/product_cat?post=4251"},{"taxonomy":"product_tag","embeddable":true,"href":"https:\/\/www.lomoro.nl\/fr\/wp-json\/wp\/v2\/product_tag?post=4251"}],"curies":[{"name":"wp","href":"https:\/\/api.w.org\/{rel}","templated":true}]}}