{"id":4286,"date":"2024-12-20T11:02:07","date_gmt":"2024-12-20T11:02:07","guid":{"rendered":"https:\/\/lomoro.nl\/?post_type=product&#038;p=4286"},"modified":"2025-01-04T12:32:40","modified_gmt":"2025-01-04T12:32:40","slug":"stropdas-4","status":"publish","type":"product","link":"https:\/\/www.lomoro.nl\/fr\/products\/stropdas-4\/","title":{"rendered":"Cravate noire pour homme \u00e0 motif cachemire bleu vert"},"content":{"rendered":"<p>La cravate noire pour homme \u00e0 motif cachemire bleu sarcelle allie \u00e9l\u00e9gance et sophistication ludique. Le noir profond de la cravate constitue une toile de fond parfaite pour le motif cachemire bleu-vert unique, qui ajoute un luxe subtil \u00e0 votre look. Ce design rend la cravate adapt\u00e9e \u00e0 un large \u00e9ventail d&rsquo;occasions, des rendez-vous professionnels aux \u00e9v\u00e9nements festifs. Le motif est d\u00e9taill\u00e9 et apporte une touche visuellement int\u00e9ressante sans trop se d\u00e9marquer.<\/p>\n<p>Le tissu de haute qualit\u00e9 et le design classique de cette cravate en font un incontournable pour tout homme soucieux de la mode. La cravate noire pour homme \u00e0 motif cachemire bleu sarcelle offre \u00e0 la fois style et confort, avec une longueur et une largeur parfaites pour un n\u0153ud soign\u00e9. Cette cravate s&rsquo;agence \u00e0 une vari\u00e9t\u00e9 de styles et de couleurs de chemises, ce qui en fait un accessoire polyvalent pour votre garde-robe.<\/p>\n<table>\n<tbody>\n<tr>\n<td><b>Caract\u00e9ristique<\/b><\/td>\n<td><b>D\u00e9tails<\/b><\/td>\n<\/tr>\n<tr>\n<td><b>Mat\u00e9riau<\/b><\/td>\n<td><span style=\"font-weight: 400;\">Jacquard polyester<\/span><\/td>\n<\/tr>\n<tr>\n<td><b>Couleur<\/b><\/td>\n<td><span style=\"font-weight: 400;\">Noir avec motif paisley bleu-vert<\/span><\/td>\n<\/tr>\n<tr>\n<td><b>Dimensions cravate<\/b><\/td>\n<td><span style=\"font-weight: 400;\">150 cm x 8 cm<\/span><\/td>\n<\/tr>\n<tr>\n<td><b>Entretien<\/b><\/td>\n<td><span style=\"font-weight: 400;\">Lavage \u00e0 la main recommand\u00e9<\/span><\/td>\n<\/tr>\n<\/tbody>\n<\/table>\n","protected":false},"excerpt":{"rendered":"<p>La cravate noire pour homme \u00e0 motif cachemire bleu sarcelle est un accessoire raffin\u00e9 qui respire l&rsquo;\u00e9l\u00e9gance et le style. Le noir classique associ\u00e9 au motif cachemire bleu-vert unique donne \u00e0 cette cravate un look intemporel qui convient \u00e0 diverses occasions. Cette cravate est parfaite pour les \u00e9v\u00e9nements formels, les r\u00e9unions d&rsquo;affaires ou une soir\u00e9e. Le motif cachemire offre une touche subtile mais \u00e9l\u00e9gante qui rehaussera n&rsquo;importe quelle tenue.<\/p>\n<p>\u2702\ufe0f Ajustement parfait, fait sp\u00e9cialement pour vous.<\/p>\n<p>\ud83d\udc54 Des conseils personnalis\u00e9s pour votre look unique.<\/p>\n<p>\ud83e\uddf5 Des mat\u00e9riaux de haute qualit\u00e9 pour un confort ultime.<\/p>\n<p>\ud83c\udfa8 \u00c9l\u00e9gant pour chaque occasion.<\/p>\n<p>\ud83c\udf81 Profitez d&rsquo;un cadeau gratuit \u00e0 chaque visite en magasin !<\/p>\n","protected":false},"featured_media":3084,"template":"","meta":{"_acf_changed":false},"product_brand":[],"product_cat":[151],"product_tag":[],"class_list":{"0":"post-4286","1":"product","2":"type-product","3":"status-publish","4":"has-post-thumbnail","6":"product_cat-stropdas","8":"first","9":"instock","10":"sale","11":"shipping-taxable","12":"purchasable","13":"product-type-simple"},"acf":[],"_links":{"self":[{"href":"https:\/\/www.lomoro.nl\/fr\/wp-json\/wp\/v2\/product\/4286","targetHints":{"allow":["GET"]}}],"collection":[{"href":"https:\/\/www.lomoro.nl\/fr\/wp-json\/wp\/v2\/product"}],"about":[{"href":"https:\/\/www.lomoro.nl\/fr\/wp-json\/wp\/v2\/types\/product"}],"wp:featuredmedia":[{"embeddable":true,"href":"https:\/\/www.lomoro.nl\/fr\/wp-json\/wp\/v2\/media\/3084"}],"wp:attachment":[{"href":"https:\/\/www.lomoro.nl\/fr\/wp-json\/wp\/v2\/media?parent=4286"}],"wp:term":[{"taxonomy":"product_brand","embeddable":true,"href":"https:\/\/www.lomoro.nl\/fr\/wp-json\/wp\/v2\/product_brand?post=4286"},{"taxonomy":"product_cat","embeddable":true,"href":"https:\/\/www.lomoro.nl\/fr\/wp-json\/wp\/v2\/product_cat?post=4286"},{"taxonomy":"product_tag","embeddable":true,"href":"https:\/\/www.lomoro.nl\/fr\/wp-json\/wp\/v2\/product_tag?post=4286"}],"curies":[{"name":"wp","href":"https:\/\/api.w.org\/{rel}","templated":true}]}}