{"id":4287,"date":"2024-12-07T09:34:08","date_gmt":"2024-12-07T09:34:08","guid":{"rendered":"https:\/\/lomoro.nl\/?post_type=product&#038;p=4287"},"modified":"2025-02-05T10:21:10","modified_gmt":"2025-02-05T10:21:10","slug":"trouwpak-13","status":"publish","type":"product","link":"https:\/\/www.lomoro.nl\/fr\/products\/trouwpak-13\/","title":{"rendered":"Costume de mariage d\u00e9contract\u00e9"},"content":{"rendered":"<section id=\"shopify-section-template--23762923880771__rich_text_kx9yLB\" class=\"shopify-section section\">\n<div class=\"isolate\">\n<div class=\"rich-text content-container color-scheme-1 gradient rich-text--full-width content-container--full-width section-template--23762923880771__rich_text_kx9yLB-padding\">\n<div class=\"rich-text__wrapper rich-text__wrapper--left page-width\">\n<div class=\"rich-text__blocks left\">\n<div class=\"rich-text__text rte scroll-trigger animate--slide-in\" data-cascade=\"\">\n<p>Le costume de mariage d\u00e9contract\u00e9 Lomoro en marron offre l&rsquo;\u00e9quilibre parfait entre \u00e9l\u00e9gance et confort. Con\u00e7u avec une coupe d\u00e9contract\u00e9e, ce costume est id\u00e9al pour les mari\u00e9s qui souhaitent un look d\u00e9contract\u00e9 sans sacrifier le style. Les tons marron chauds rendent le costume polyvalent et facile \u00e0 combiner avec une large gamme d&rsquo;accessoires et de th\u00e8mes.<\/p>\n<p>Avec Lomoro, vous choisissez une mode de mariage de haute qualit\u00e9 et sur mesure. Notre concentration sur l&rsquo;artisanat garantit que vous aurez non seulement fi\u00e8re allure, mais que vous vous sentirez \u00e9galement \u00e0 l&rsquo;aise tout au long de votre journ\u00e9e sp\u00e9ciale.<\/p>\n<table>\n<thead>\n<tr>\n<th>Caract\u00e9ristique<\/th>\n<th>D\u00e9tails<\/th>\n<\/tr>\n<\/thead>\n<tbody>\n<tr>\n<td>Mat\u00e9riau<\/td>\n<td>M\u00e9lange de coton premium pour le confort<\/td>\n<\/tr>\n<tr>\n<td>Couleur<\/td>\n<td>Marron<\/td>\n<\/tr>\n<tr>\n<td>Tailles Disponibles<\/td>\n<td>De la taille 46 \u00e0 la taille 72<\/td>\n<\/tr>\n<tr>\n<td>Coupe<\/td>\n<td>Ajust\u00e9e pour une tenue d\u00e9contract\u00e9e<\/td>\n<\/tr>\n<tr>\n<td>Style<\/td>\n<td>Chic d\u00e9contract\u00e9 avec une touche raffin\u00e9e<\/td>\n<\/tr>\n<tr>\n<td>Entretien<\/td>\n<td>Nettoyage professionnel recommand\u00e9<\/td>\n<\/tr>\n<\/tbody>\n<\/table>\n<\/div>\n<\/div>\n<\/div>\n<\/div>\n<\/div>\n<\/section>\n","protected":false},"excerpt":{"rendered":"<div class=\"product__tax caption rte\"><span style=\"font-weight: 400;\">Pour les mari\u00e9s \u00e0 la recherche d&rsquo;un look \u00e0 la fois d\u00e9contract\u00e9 et sophistiqu\u00e9, le costume de mariage d\u00e9contract\u00e9 dans des tons marron chauds est le choix parfait. Ce costume allie sans effort confort et style, id\u00e9al pour les mariages informels et les lieux ext\u00e9rieurs. Fabriqu\u00e9 \u00e0 partir de tissus de haute qualit\u00e9 et con\u00e7u avec une attention aux d\u00e9tails, ce costume offre une touche moderne \u00e0 la mode de mariage traditionnelle. Ce costume comprend une veste \u00e0 boutonnage simple avec une fermeture \u00e0 deux boutons, compl\u00e9t\u00e9e par un revers crant\u00e9 et des poches \u00e0 rabat, cr\u00e9ant un look \u00e9l\u00e9gant et sophistiqu\u00e9. Le pantalon est ajust\u00e9 selon une coupe ajust\u00e9e, avec des poches lat\u00e9rales inclin\u00e9es et une poche arri\u00e8re unique avec fermeture boutonn\u00e9e, offrant un look \u00e9l\u00e9gant et raffin\u00e9.<\/span><\/div>\n<div>\n<p><span style=\"font-weight: 400;\">\u2702\ufe0f Ajustement parfait, fait sp\u00e9cialement pour vous.<\/span><\/p>\n<p><span style=\"font-weight: 400;\">\ud83d\udc54 Des conseils personnalis\u00e9s pour votre look unique.<\/span><\/p>\n<p><span style=\"font-weight: 400;\">\ud83e\uddf5 Des mat\u00e9riaux de haute qualit\u00e9 pour un confort ultime.<\/span><\/p>\n<p><span style=\"font-weight: 400;\">\ud83c\udfa8 \u00c9l\u00e9gant pour chaque occasion.<\/span><\/p>\n<p><span style=\"font-weight: 400;\">\ud83c\udf81 Profitez d&rsquo;un cadeau gratuit \u00e0 chaque visite en magasin !<\/span><\/p>\n<\/div>\n","protected":false},"featured_media":1686,"template":"","meta":{"_acf_changed":false},"product_brand":[],"product_cat":[153],"product_tag":[],"class_list":{"0":"post-4287","1":"product","2":"type-product","3":"status-publish","4":"has-post-thumbnail","6":"product_cat-trouwpak-voor-mannen","8":"first","9":"instock","10":"sale","11":"shipping-taxable","12":"purchasable","13":"product-type-simple"},"acf":[],"_links":{"self":[{"href":"https:\/\/www.lomoro.nl\/fr\/wp-json\/wp\/v2\/product\/4287","targetHints":{"allow":["GET"]}}],"collection":[{"href":"https:\/\/www.lomoro.nl\/fr\/wp-json\/wp\/v2\/product"}],"about":[{"href":"https:\/\/www.lomoro.nl\/fr\/wp-json\/wp\/v2\/types\/product"}],"wp:featuredmedia":[{"embeddable":true,"href":"https:\/\/www.lomoro.nl\/fr\/wp-json\/wp\/v2\/media\/1686"}],"wp:attachment":[{"href":"https:\/\/www.lomoro.nl\/fr\/wp-json\/wp\/v2\/media?parent=4287"}],"wp:term":[{"taxonomy":"product_brand","embeddable":true,"href":"https:\/\/www.lomoro.nl\/fr\/wp-json\/wp\/v2\/product_brand?post=4287"},{"taxonomy":"product_cat","embeddable":true,"href":"https:\/\/www.lomoro.nl\/fr\/wp-json\/wp\/v2\/product_cat?post=4287"},{"taxonomy":"product_tag","embeddable":true,"href":"https:\/\/www.lomoro.nl\/fr\/wp-json\/wp\/v2\/product_tag?post=4287"}],"curies":[{"name":"wp","href":"https:\/\/api.w.org\/{rel}","templated":true}]}}