{"id":4290,"date":"2024-12-07T08:35:43","date_gmt":"2024-12-07T08:35:43","guid":{"rendered":"https:\/\/lomoro.nl\/?post_type=product&#038;p=4290"},"modified":"2025-01-04T13:08:35","modified_gmt":"2025-01-04T13:08:35","slug":"trouwpak-1","status":"publish","type":"product","link":"https:\/\/www.lomoro.nl\/fr\/products\/trouwpak-1\/","title":{"rendered":"Costume de mariage vert fonc\u00e9"},"content":{"rendered":"<section id=\"shopify-section-template--23762923880771__rich_text_kx9yLB\" class=\"shopify-section section\">\n<div class=\"isolate\">\n<div class=\"rich-text content-container color-scheme-1 gradient rich-text--full-width content-container--full-width section-template--23762923880771__rich_text_kx9yLB-padding\">\n<div class=\"rich-text__wrapper rich-text__wrapper--left page-width\">\n<div class=\"rich-text__blocks left\">\n<div class=\"rich-text__text rte scroll-trigger animate--slide-in\" data-cascade=\"\">\n<p>Le costume de mariage vert fonc\u00e9 Lomoro est l&rsquo;\u00e9quilibre parfait entre \u00e9l\u00e9gance classique et style moderne. Con\u00e7ue pour les mari\u00e9s qui souhaitent se d\u00e9marquer sans sacrifier le confort ou le style, la teinte vert fonc\u00e9 est sophistiqu\u00e9e et polyvalente, ce qui la rend id\u00e9ale pour une vari\u00e9t\u00e9 de th\u00e8mes de mariage, du traditionnel au moderne.<\/p>\n<p>Fabriqu\u00e9 \u00e0 partir des laines et des soies les plus fines, ce costume offre un confort et une respirabilit\u00e9 luxueux, vous permettant de vous sentir \u00e0 l&rsquo;aise tout au long de votre journ\u00e9e sp\u00e9ciale. La coupe ajust\u00e9e garantit non seulement un look exceptionnel, mais aussi une sensation fantastique.<\/p>\n<p>Exprimez votre individualit\u00e9 avec ce costume de mariage vert fonc\u00e9, parfait pour le mari\u00e9 moderne. Avec une attention m\u00e9ticuleuse aux d\u00e9tails, ce costume a \u00e9t\u00e9 con\u00e7u pour laisser une impression durable. D\u00e9couvrez la beaut\u00e9 intemporelle de notre collection de costumes de mariage pour hommes et cr\u00e9ez des souvenirs inoubliables lors de votre grand jour.<\/p>\n<table>\n<thead>\n<tr>\n<th>Caract\u00e9ristique<\/th>\n<th>D\u00e9tails<\/th>\n<\/tr>\n<\/thead>\n<tbody>\n<tr>\n<td>Mat\u00e9riau<\/td>\n<td>M\u00e9lange de laine et soie de haute qualit\u00e9<\/td>\n<\/tr>\n<tr>\n<td>Couleur<\/td>\n<td>Vert Fonc\u00e9<\/td>\n<\/tr>\n<tr>\n<td>Tailles Disponibles<\/td>\n<td>De la taille 46 \u00e0 la taille 72<\/td>\n<\/tr>\n<tr>\n<td>Coupe<\/td>\n<td>Ajust\u00e9e pour un ajustement parfait<\/td>\n<\/tr>\n<tr>\n<td>Style<\/td>\n<td>Classique avec des accents modernes<\/td>\n<\/tr>\n<tr>\n<td>Entretien<\/td>\n<td>Nettoyage professionnel recommand\u00e9<\/td>\n<\/tr>\n<\/tbody>\n<\/table>\n<\/div>\n<\/div>\n<\/div>\n<\/div>\n<\/div>\n<\/section>\n","protected":false},"excerpt":{"rendered":"<p>Pour le mari\u00e9 qui recherche un look audacieux et \u00e9l\u00e9gant, le costume de mariage vert fonc\u00e9 est le choix parfait. Ce costume sur mesure dans une nuance de vert profond allie sophistication et style moderne, id\u00e9al pour un mariage luxueux ou une occasion sp\u00e9ciale. Le costume est fait de mat\u00e9riaux de haute qualit\u00e9 qui offrent confort et style, pour que vous brilliez lors de votre plus beau jour.<\/p>\n<p><span style=\"font-weight: 400;\">\u2702\ufe0f Ajustement parfait, fait sp\u00e9cialement pour vous.<\/span><\/p>\n<p><span style=\"font-weight: 400;\">\ud83d\udc54 Des conseils personnalis\u00e9s pour votre look unique.<\/span><\/p>\n<p><span style=\"font-weight: 400;\">\ud83e\uddf5 Des mat\u00e9riaux de haute qualit\u00e9 pour un confort ultime.<\/span><\/p>\n<p><span style=\"font-weight: 400;\">\ud83c\udfa8 El\u00e9gant pour chaque occasion.<\/span><\/p>\n<p><span style=\"font-weight: 400;\">\ud83c\udf81 Profitez d&rsquo;un cadeau gratuit \u00e0 chaque visite en magasin !<\/span><\/p>\n","protected":false},"featured_media":1647,"template":"","meta":{"_acf_changed":false},"product_brand":[],"product_cat":[153],"product_tag":[],"class_list":{"0":"post-4290","1":"product","2":"type-product","3":"status-publish","4":"has-post-thumbnail","6":"product_cat-trouwpak-voor-mannen","8":"first","9":"instock","10":"sale","11":"shipping-taxable","12":"purchasable","13":"product-type-simple"},"acf":[],"_links":{"self":[{"href":"https:\/\/www.lomoro.nl\/fr\/wp-json\/wp\/v2\/product\/4290","targetHints":{"allow":["GET"]}}],"collection":[{"href":"https:\/\/www.lomoro.nl\/fr\/wp-json\/wp\/v2\/product"}],"about":[{"href":"https:\/\/www.lomoro.nl\/fr\/wp-json\/wp\/v2\/types\/product"}],"wp:featuredmedia":[{"embeddable":true,"href":"https:\/\/www.lomoro.nl\/fr\/wp-json\/wp\/v2\/media\/1647"}],"wp:attachment":[{"href":"https:\/\/www.lomoro.nl\/fr\/wp-json\/wp\/v2\/media?parent=4290"}],"wp:term":[{"taxonomy":"product_brand","embeddable":true,"href":"https:\/\/www.lomoro.nl\/fr\/wp-json\/wp\/v2\/product_brand?post=4290"},{"taxonomy":"product_cat","embeddable":true,"href":"https:\/\/www.lomoro.nl\/fr\/wp-json\/wp\/v2\/product_cat?post=4290"},{"taxonomy":"product_tag","embeddable":true,"href":"https:\/\/www.lomoro.nl\/fr\/wp-json\/wp\/v2\/product_tag?post=4290"}],"curies":[{"name":"wp","href":"https:\/\/api.w.org\/{rel}","templated":true}]}}