{"id":4298,"date":"2024-12-07T09:14:39","date_gmt":"2024-12-07T09:14:39","guid":{"rendered":"https:\/\/lomoro.nl\/?post_type=product&#038;p=4298"},"modified":"2025-01-04T14:41:47","modified_gmt":"2025-01-04T14:41:47","slug":"trouwpak-9","status":"publish","type":"product","link":"https:\/\/www.lomoro.nl\/fr\/products\/trouwpak-9\/","title":{"rendered":"Grijs Trouwpak"},"content":{"rendered":"<section id=\"shopify-section-template--23762923880771__rich_text_kx9yLB\" class=\"shopify-section section\">\n<div class=\"isolate\">\n<div class=\"rich-text content-container color-scheme-1 gradient rich-text--full-width content-container--full-width section-template--23762923880771__rich_text_kx9yLB-padding\">\n<div class=\"rich-text__wrapper rich-text__wrapper--left page-width\">\n<div class=\"rich-text__blocks left\">\n<div class=\"rich-text__text rte scroll-trigger animate--slide-in\" data-cascade=\"\">\n<p>Le costume de mariage gris de Lomoro est con\u00e7u pour le mari\u00e9 qui recherche un costume \u00e9l\u00e9gant, sophistiqu\u00e9 et abordable. La couleur grise classique en fait un choix polyvalent qui s&rsquo;adapte bien \u00e0 diff\u00e9rents th\u00e8mes de mariage et palettes de couleurs. Le design \u00e9l\u00e9gant met l&rsquo;accent sur la qualit\u00e9 de l&rsquo;artisanat et l&rsquo;attention port\u00e9e aux d\u00e9tails, tandis que le mat\u00e9riau confortable et respirant vous permet de vous sentir bien toute la journ\u00e9e. Que vous choisissiez un mariage formel ou une occasion plus informelle, ce costume offre l&rsquo;\u00e9quilibre parfait entre formel et d\u00e9contract\u00e9.<\/p>\n<p>Le costume a \u00e9t\u00e9 soigneusement con\u00e7u pour donner un look \u00e9l\u00e9gant qui combine le meilleur de la mode classique et moderne. Gr\u00e2ce \u00e0 la coupe sur mesure, vous obtenez un costume qui \u00e9pouse parfaitement les formes de votre corps, afin que vous soyez \u00e0 votre meilleur lors de votre journ\u00e9e sp\u00e9ciale.<\/p>\n<p>En portant un luxueux costume de mariage gris, vous \u00eates assur\u00e9 d\u2019avoir une apparence \u00e9l\u00e9gante lors de votre grand jour. Le gris a du charme, ce qui rend un homme attirant ! Notre costume gris pour homme est id\u00e9al en toute occasion, que vous optiez pour un look traditionnel ou moderne. Ce costume de mariage gris est parfait pour tout mari\u00e9 car il allie sophistication et confort. Il existe une large gamme de costumes gris pour hommes dans diff\u00e9rentes couleurs, qualit\u00e9s et designs parmi lesquels choisir. D\u00e9couvrez \u00e0 quel point les costumes de mariage gris clair pour hommes peuvent \u00eatre polyvalents en choisissant parmi notre collection. Demandez conseil \u00e0 Lomoro et choisissez le costume gris id\u00e9al qui met en valeur votre style personnel.<\/p>\n<table>\n<thead>\n<tr>\n<th>Caract\u00e9ristique<\/th>\n<th>D\u00e9tails<\/th>\n<\/tr>\n<\/thead>\n<tbody>\n<tr>\n<td>Mat\u00e9riau<\/td>\n<td>M\u00e9lange de laine de haute qualit\u00e9<\/td>\n<\/tr>\n<tr>\n<td>Couleur<\/td>\n<td>Gris<\/td>\n<\/tr>\n<tr>\n<td>Tailles Disponibles<\/td>\n<td>Jusqu&rsquo;\u00e0 la taille 72<\/td>\n<\/tr>\n<tr>\n<td>Coupe<\/td>\n<td>Ajust\u00e9 pour une tenue parfaite<\/td>\n<\/tr>\n<tr>\n<td>Style<\/td>\n<td>Classique avec des touches modernes<\/td>\n<\/tr>\n<tr>\n<td>Entretien<\/td>\n<td>Nettoyage professionnel recommand\u00e9<\/td>\n<\/tr>\n<\/tbody>\n<\/table>\n<\/div>\n<\/div>\n<\/div>\n<\/div>\n<\/div>\n<\/section>\n","protected":false},"excerpt":{"rendered":"<p>Le costume de mariage gris de Lomoro offre l&rsquo;\u00e9quilibre parfait entre sophistication et style pour le mari\u00e9 moderne. Fabriqu\u00e9 \u00e0 partir de mat\u00e9riaux de haute qualit\u00e9, ce costume offre un look \u00e9l\u00e9gant et intemporel facile \u00e0 adapter aux diff\u00e9rents th\u00e8mes de mariage. La polyvalence de la couleur grise en fait le choix id\u00e9al pour un mariage en toute saison. Cette combinaison est con\u00e7ue pour offrir \u00e0 la fois confort et classe, afin que vous puissiez briller toute la journ\u00e9e.<\/p>\n<p><span style=\"font-weight: 400;\">\u2702\ufe0f Ajustement parfait, fait sp\u00e9cialement pour vous.<\/span><\/p>\n<p><span style=\"font-weight: 400;\">\ud83d\udc54 Des conseils personnalis\u00e9s pour votre look unique.<\/span><\/p>\n<p><span style=\"font-weight: 400;\">\ud83e\uddf5 Des mat\u00e9riaux de haute qualit\u00e9 pour un confort ultime.<\/span><\/p>\n<p><span style=\"font-weight: 400;\">\ud83c\udfa8 \u00c9l\u00e9gant pour chaque occasion.<\/span><\/p>\n<p><span style=\"font-weight: 400;\">\ud83c\udf81 Profitez d&rsquo;un cadeau gratuit \u00e0 chaque visite en magasin !<\/span><\/p>\n","protected":false},"featured_media":1671,"template":"","meta":{"_acf_changed":false},"product_brand":[],"product_cat":[153],"product_tag":[],"class_list":{"0":"post-4298","1":"product","2":"type-product","3":"status-publish","4":"has-post-thumbnail","6":"product_cat-trouwpak-voor-mannen","8":"first","9":"instock","10":"sale","11":"shipping-taxable","12":"purchasable","13":"product-type-simple"},"acf":[],"_links":{"self":[{"href":"https:\/\/www.lomoro.nl\/fr\/wp-json\/wp\/v2\/product\/4298","targetHints":{"allow":["GET"]}}],"collection":[{"href":"https:\/\/www.lomoro.nl\/fr\/wp-json\/wp\/v2\/product"}],"about":[{"href":"https:\/\/www.lomoro.nl\/fr\/wp-json\/wp\/v2\/types\/product"}],"wp:featuredmedia":[{"embeddable":true,"href":"https:\/\/www.lomoro.nl\/fr\/wp-json\/wp\/v2\/media\/1671"}],"wp:attachment":[{"href":"https:\/\/www.lomoro.nl\/fr\/wp-json\/wp\/v2\/media?parent=4298"}],"wp:term":[{"taxonomy":"product_brand","embeddable":true,"href":"https:\/\/www.lomoro.nl\/fr\/wp-json\/wp\/v2\/product_brand?post=4298"},{"taxonomy":"product_cat","embeddable":true,"href":"https:\/\/www.lomoro.nl\/fr\/wp-json\/wp\/v2\/product_cat?post=4298"},{"taxonomy":"product_tag","embeddable":true,"href":"https:\/\/www.lomoro.nl\/fr\/wp-json\/wp\/v2\/product_tag?post=4298"}],"curies":[{"name":"wp","href":"https:\/\/api.w.org\/{rel}","templated":true}]}}