{"id":4300,"date":"2024-12-20T11:04:48","date_gmt":"2024-12-20T11:04:48","guid":{"rendered":"https:\/\/lomoro.nl\/?post_type=product&#038;p=4300"},"modified":"2025-01-04T15:22:53","modified_gmt":"2025-01-04T15:22:53","slug":"stropdas-3","status":"publish","type":"product","link":"https:\/\/www.lomoro.nl\/fr\/products\/stropdas-3\/","title":{"rendered":"Cravate homme marron \u00e0 motif cachemire"},"content":{"rendered":"<p>La Cravate Paisley Marron pour Homme est l&rsquo;accessoire parfait pour l&rsquo;homme qui souhaite rehausser son style. Le motif cachemire \u00e0 base de marron offre un look riche et classique, id\u00e9al pour un large \u00e9ventail d&rsquo;occasions, des r\u00e9unions d&rsquo;affaires importantes aux soir\u00e9es \u00e9l\u00e9gantes. Les motifs subtils du design ajoutent de la profondeur et du caract\u00e8re \u00e0 la cravate sans \u00eatre trop visibles, ce qui en fait un choix id\u00e9al pour les \u00e9v\u00e9nements formels et semi-formels.<\/p>\n<p>Cette cravate est fabriqu\u00e9e \u00e0 partir de tissus haut de gamme qui non seulement rayonnent de luxe, mais offrent \u00e9galement un confort exceptionnel. La cravate Paisley marron pour hommes est con\u00e7ue pour un n\u0153ud parfait et reste en pleine forme toute la journ\u00e9e. Gr\u00e2ce \u00e0 la polyvalence des nuances marron, il s&rsquo;accorde parfaitement avec une large gamme de chemises et de costumes, ce qui en fait un incontournable pour tout homme qui valorise le style et la qualit\u00e9.<\/p>\n<table>\n<tbody>\n<tr>\n<td><b>Caract\u00e9ristique<\/b><\/td>\n<td><b>D\u00e9tails<\/b><\/td>\n<\/tr>\n<tr>\n<td><b>Mat\u00e9riau<\/b><\/td>\n<td><span style=\"font-weight: 400;\">Jacquard polyester<\/span><\/td>\n<\/tr>\n<tr>\n<td><b>Couleur<\/b><\/td>\n<td><span style=\"font-weight: 400;\">Marron avec motif paisley<\/span><\/td>\n<\/tr>\n<tr>\n<td><b>Dimensions cravate<\/b><\/td>\n<td><span style=\"font-weight: 400;\">150 cm x 8 cm<\/span><\/td>\n<\/tr>\n<tr>\n<td><b>Entretien<\/b><\/td>\n<td><span style=\"font-weight: 400;\">Lavage \u00e0 la main recommand\u00e9<\/span><\/td>\n<\/tr>\n<\/tbody>\n<\/table>\n<p>&nbsp;<\/p>\n","protected":false},"excerpt":{"rendered":"<p>La cravate Paisley marron pour hommes est un ajout \u00e9l\u00e9gant \u00e0 la garde-robe de tout homme soucieux de la mode. Le motif cachemire classique dans des tons de marron offre un look subtil mais sophistiqu\u00e9 qui convient aussi bien aux occasions professionnelles que formelles.<\/p>\n<p>Cette cravate est fabriqu\u00e9e \u00e0 partir de mat\u00e9riaux de haute qualit\u00e9 qui offrent \u00e0 la fois style et confort. Son design intemporel en fait un accessoire polyvalent qui s&rsquo;adapte \u00e0 diff\u00e9rentes tenues.<\/p>\n<p>\u2702\ufe0f Ajustement parfait, fait sp\u00e9cialement pour vous.<\/p>\n<p>\ud83d\udc54 Des conseils personnalis\u00e9s pour votre look unique.<\/p>\n<p>\ud83e\uddf5 Des mat\u00e9riaux de haute qualit\u00e9 pour un confort ultime.<\/p>\n<p>\ud83c\udfa8 \u00c9l\u00e9gant pour chaque occasion.<\/p>\n<p>\ud83c\udf81 Profitez d&rsquo;un cadeau gratuit \u00e0 chaque visite en magasin !<\/p>\n","protected":false},"featured_media":3087,"template":"","meta":{"_acf_changed":false},"product_brand":[],"product_cat":[151],"product_tag":[],"class_list":{"0":"post-4300","1":"product","2":"type-product","3":"status-publish","4":"has-post-thumbnail","6":"product_cat-stropdas","8":"first","9":"instock","10":"sale","11":"shipping-taxable","12":"purchasable","13":"product-type-simple"},"acf":[],"_links":{"self":[{"href":"https:\/\/www.lomoro.nl\/fr\/wp-json\/wp\/v2\/product\/4300","targetHints":{"allow":["GET"]}}],"collection":[{"href":"https:\/\/www.lomoro.nl\/fr\/wp-json\/wp\/v2\/product"}],"about":[{"href":"https:\/\/www.lomoro.nl\/fr\/wp-json\/wp\/v2\/types\/product"}],"wp:featuredmedia":[{"embeddable":true,"href":"https:\/\/www.lomoro.nl\/fr\/wp-json\/wp\/v2\/media\/3087"}],"wp:attachment":[{"href":"https:\/\/www.lomoro.nl\/fr\/wp-json\/wp\/v2\/media?parent=4300"}],"wp:term":[{"taxonomy":"product_brand","embeddable":true,"href":"https:\/\/www.lomoro.nl\/fr\/wp-json\/wp\/v2\/product_brand?post=4300"},{"taxonomy":"product_cat","embeddable":true,"href":"https:\/\/www.lomoro.nl\/fr\/wp-json\/wp\/v2\/product_cat?post=4300"},{"taxonomy":"product_tag","embeddable":true,"href":"https:\/\/www.lomoro.nl\/fr\/wp-json\/wp\/v2\/product_tag?post=4300"}],"curies":[{"name":"wp","href":"https:\/\/api.w.org\/{rel}","templated":true}]}}