{"id":4306,"date":"2024-12-07T09:08:45","date_gmt":"2024-12-07T09:08:45","guid":{"rendered":"https:\/\/lomoro.nl\/?post_type=product&#038;p=4306"},"modified":"2025-01-04T15:40:14","modified_gmt":"2025-01-04T15:40:14","slug":"trouwpak-8","status":"publish","type":"product","link":"https:\/\/www.lomoro.nl\/fr\/products\/trouwpak-8\/","title":{"rendered":"Costume de mariage vert"},"content":{"rendered":"<section id=\"shopify-section-template--23762923880771__rich_text_kx9yLB\" class=\"shopify-section section\">\n<div class=\"isolate\">\n<div class=\"rich-text content-container color-scheme-1 gradient rich-text--full-width content-container--full-width section-template--23762923880771__rich_text_kx9yLB-padding\">\n<div class=\"rich-text__wrapper rich-text__wrapper--left page-width\">\n<div class=\"rich-text__blocks left\">\n<div class=\"rich-text__text rte scroll-trigger animate--slide-in\" data-cascade=\"\">Le costume de mariage vert offre un style distinctif au mari\u00e9 d&rsquo;aujourd&rsquo;hui. Cette couleur unique rayonne d\u2019\u00e9l\u00e9gance et de confiance, parfaite pour les couples mari\u00e9s qui veulent faire une d\u00e9claration. Avec un design intemporel et une touche moderne, ce costume s&rsquo;adapte parfaitement aux styles de mariage classiques et contemporains. Le costume a \u00e9t\u00e9 con\u00e7u avec une attention aux d\u00e9tails et \u00e0 l&rsquo;artisanat, ce qui lui conf\u00e8re une apparence raffin\u00e9e et un excellent ajustement. La couleur verte est polyvalente et facile \u00e0 combiner avec des accessoires tels qu&rsquo;une cravate beige, une chemise blanche ou une pochette de costume \u00e0 motifs. Avec son aspect luxueux et ses mat\u00e9riaux durables, le costume de mariage vert offre non seulement du style, mais aussi du confort pour toute la journ\u00e9e. Faites une d\u00e9claration avec notre costume de mariage vert, le choix parfait pour l&rsquo;homme moderne. Ce costume de mariage vert a \u00e9t\u00e9 soigneusement con\u00e7u et offre un excellent ajustement, vous donnant un look fantastique lors de votre grand jour. Nos\u00a0costumes de mariage verts pour hommes sont non seulement \u00e9l\u00e9gants, mais aussi confortables, afin que vous puissiez bouger librement et profiter de chaque instant. Avec diff\u00e9rents mod\u00e8les parmi lesquels choisir, vous trouverez le costume de mariage homme vert id\u00e9al qui correspond \u00e0 votre personnalit\u00e9. Faites une impression inoubliable et d\u00e9couvrez le raffinement de notre collection. Visitez-nous aujourd&rsquo;hui et d\u00e9couvrez comment vous pouvez compl\u00e9ter votre look de mariage\u00a0!<\/p>\n<div><\/div>\n<div>\n<table>\n<thead>\n<tr>\n<th><strong>Caract\u00e9ristique<\/strong><\/th>\n<th><strong>D\u00e9tails<\/strong><\/th>\n<\/tr>\n<\/thead>\n<tbody>\n<tr>\n<td>Mat\u00e9riau<\/td>\n<td>M\u00e9lange de laine luxueux<\/td>\n<\/tr>\n<tr>\n<td>Couleur<\/td>\n<td>Vert<\/td>\n<\/tr>\n<tr>\n<td>Tailles Disponibles<\/td>\n<td>Jusqu&rsquo;\u00e0 la taille 72<\/td>\n<\/tr>\n<tr>\n<td>Coupe<\/td>\n<td>Ajust\u00e9e pour une tenue parfaite<\/td>\n<\/tr>\n<tr>\n<td>Style<\/td>\n<td>Classique avec une touche moderne<\/td>\n<\/tr>\n<tr>\n<td>Entretien<\/td>\n<td>Nettoyage professionnel recommand\u00e9<\/td>\n<\/tr>\n<\/tbody>\n<\/table>\n<\/div>\n<\/div>\n<\/div>\n<\/div>\n<\/div>\n<\/div>\n<\/section>\n","protected":false},"excerpt":{"rendered":"<div class=\"product__tax caption rte\">Le costume de mariage vert Lomoro est un choix moderne et \u00e9l\u00e9gant pour le mari\u00e9 d&rsquo;aujourd&rsquo;hui. Ce costume comprend une veste \u00e0 boutonnage simple avec une fermeture \u00e0 deux boutons, compl\u00e9t\u00e9e par un revers crant\u00e9 et des poches \u00e0 rabat, offrant un look \u00e9l\u00e9gant et sophistiqu\u00e9. Le pantalon est ajust\u00e9 selon une coupe ajust\u00e9e, avec des poches lat\u00e9rales inclin\u00e9es et une poche arri\u00e8re unique avec fermeture boutonn\u00e9e, offrant un look \u00e9l\u00e9gant et raffin\u00e9. Le costume est disponible dans une couleur verte vibrante, offrant une esth\u00e9tique audacieuse et distinctive adapt\u00e9e \u00e0 une vari\u00e9t\u00e9 de th\u00e8mes et de contextes de mariage.<\/div>\n<div>\n<p><span style=\"font-weight: 400;\">\u2702\ufe0f Ajustement parfait, fait sp\u00e9cialement pour vous.<\/span><\/p>\n<p><span style=\"font-weight: 400;\">\ud83d\udc54 Des conseils personnalis\u00e9s pour votre look unique.<\/span><\/p>\n<p><span style=\"font-weight: 400;\">\ud83e\uddf5 Des mat\u00e9riaux de haute qualit\u00e9 pour un confort ultime.<\/span><\/p>\n<p><span style=\"font-weight: 400;\">\ud83c\udfa8 \u00c9l\u00e9gant pour chaque occasion.<\/span><\/p>\n<p><span style=\"font-weight: 400;\">\ud83c\udf81 Profitez d&rsquo;un cadeau gratuit \u00e0 chaque visite en magasin !<\/span><\/p>\n<\/div>\n","protected":false},"featured_media":1668,"template":"","meta":{"_acf_changed":false},"product_brand":[],"product_cat":[153],"product_tag":[],"class_list":{"0":"post-4306","1":"product","2":"type-product","3":"status-publish","4":"has-post-thumbnail","6":"product_cat-trouwpak-voor-mannen","8":"first","9":"instock","10":"sale","11":"shipping-taxable","12":"purchasable","13":"product-type-simple"},"acf":[],"_links":{"self":[{"href":"https:\/\/www.lomoro.nl\/fr\/wp-json\/wp\/v2\/product\/4306","targetHints":{"allow":["GET"]}}],"collection":[{"href":"https:\/\/www.lomoro.nl\/fr\/wp-json\/wp\/v2\/product"}],"about":[{"href":"https:\/\/www.lomoro.nl\/fr\/wp-json\/wp\/v2\/types\/product"}],"wp:featuredmedia":[{"embeddable":true,"href":"https:\/\/www.lomoro.nl\/fr\/wp-json\/wp\/v2\/media\/1668"}],"wp:attachment":[{"href":"https:\/\/www.lomoro.nl\/fr\/wp-json\/wp\/v2\/media?parent=4306"}],"wp:term":[{"taxonomy":"product_brand","embeddable":true,"href":"https:\/\/www.lomoro.nl\/fr\/wp-json\/wp\/v2\/product_brand?post=4306"},{"taxonomy":"product_cat","embeddable":true,"href":"https:\/\/www.lomoro.nl\/fr\/wp-json\/wp\/v2\/product_cat?post=4306"},{"taxonomy":"product_tag","embeddable":true,"href":"https:\/\/www.lomoro.nl\/fr\/wp-json\/wp\/v2\/product_tag?post=4306"}],"curies":[{"name":"wp","href":"https:\/\/api.w.org\/{rel}","templated":true}]}}