{"id":4307,"date":"2024-12-20T11:33:54","date_gmt":"2024-12-20T11:33:54","guid":{"rendered":"https:\/\/lomoro.nl\/?post_type=product&#038;p=4307"},"modified":"2025-01-04T15:47:23","modified_gmt":"2025-01-04T15:47:23","slug":"stropdas-33","status":"publish","type":"product","link":"https:\/\/www.lomoro.nl\/fr\/products\/stropdas-33\/","title":{"rendered":"Cravate homme motif cachemire orange"},"content":{"rendered":"<p>La cravate orange \u00e0 motif cachemire pour hommes est le choix id\u00e9al pour l&rsquo;homme qui souhaite exprimer son style personnel. La palette de couleurs orange saisissante combin\u00e9e au motif cachemire embl\u00e9matique offre un look frais et moderne. Qu&rsquo;il s&rsquo;agisse d&rsquo;une r\u00e9union d&rsquo;affaires ou d&rsquo;une occasion festive, cette cravate ajoute une touche de caract\u00e8re \u00e0 n&rsquo;importe quelle tenue et attirera certainement l&rsquo;attention sans \u00eatre trop envahissante. Les couleurs riches et le motif raffin\u00e9 offrent un \u00e9quilibre parfait entre \u00e9l\u00e9gance et courage.<\/p>\n<p>Fabriqu\u00e9e \u00e0 partir de tissus de haute qualit\u00e9, la cravate orange Paisley pour hommes offre \u00e0 la fois confort et durabilit\u00e9. La cravate est id\u00e9ale pour une utilisation \u00e0 long terme, avec un n\u0153ud qui reste en place sans effort. Que vous assistiez \u00e0 un \u00e9v\u00e9nement formel ou souhaitiez cr\u00e9er un look d\u00e9contract\u00e9, cette cravate se marie parfaitement avec une large gamme de chemises et de costumes. La polyvalence du motif cachemire orange en fait un accessoire indispensable pour tout homme soucieux de la mode qui cherche \u00e0 rehausser son style.<\/p>\n<table>\n<tbody>\n<tr>\n<td><b>Caract\u00e9ristique<\/b><\/td>\n<td><b>D\u00e9tails<\/b><\/td>\n<\/tr>\n<tr>\n<td><b>Mat\u00e9riau<\/b><\/td>\n<td><span style=\"font-weight: 400;\">Polyester premium<\/span><\/td>\n<\/tr>\n<tr>\n<td><b>Couleur<\/b><\/td>\n<td><span style=\"font-weight: 400;\">Orange avec motif paisley<\/span><\/td>\n<\/tr>\n<tr>\n<td><b>Dimensions cravate<\/b><\/td>\n<td><span style=\"font-weight: 400;\">150 cm x 8 cm<\/span><\/td>\n<\/tr>\n<tr>\n<td><b>Entretien<\/b><\/td>\n<td><span style=\"font-weight: 400;\">Lavage \u00e0 la main recommand\u00e9<\/span><\/td>\n<\/tr>\n<\/tbody>\n<\/table>\n","protected":false},"excerpt":{"rendered":"<p>La cravate orange \u00e0 motif cachemire pour hommes est un choix audacieux et \u00e9l\u00e9gant pour toutes les occasions. La palette de couleurs orange vif combin\u00e9e au motif cachemire classique fait de cette cravate un moyen id\u00e9al pour ajouter une touche de style \u00e0 votre tenue. Cette cravate est un accessoire polyvalent qui peut \u00eatre port\u00e9 aussi bien dans des contextes formels qu&rsquo;informels. Le tissu de haute qualit\u00e9 assure un port confortable et une apparence raffin\u00e9e.<\/p>\n<p>\u2702\ufe0f Ajustement parfait, fait sp\u00e9cialement pour vous.<\/p>\n<p>\ud83d\udc54 Des conseils personnalis\u00e9s pour votre look unique.<\/p>\n<p>\ud83e\uddf5 Des mat\u00e9riaux de haute qualit\u00e9 pour un confort ultime.<\/p>\n<p>\ud83c\udfa8 \u00c9l\u00e9gant pour chaque occasion.<\/p>\n<p>\ud83c\udf81 Profitez d&rsquo;un cadeau gratuit \u00e0 chaque visite en magasin !<\/p>\n","protected":false},"featured_media":3090,"template":"","meta":{"_acf_changed":false},"product_brand":[],"product_cat":[151],"product_tag":[],"class_list":{"0":"post-4307","1":"product","2":"type-product","3":"status-publish","4":"has-post-thumbnail","6":"product_cat-stropdas","8":"first","9":"instock","10":"sale","11":"shipping-taxable","12":"purchasable","13":"product-type-simple"},"acf":[],"_links":{"self":[{"href":"https:\/\/www.lomoro.nl\/fr\/wp-json\/wp\/v2\/product\/4307","targetHints":{"allow":["GET"]}}],"collection":[{"href":"https:\/\/www.lomoro.nl\/fr\/wp-json\/wp\/v2\/product"}],"about":[{"href":"https:\/\/www.lomoro.nl\/fr\/wp-json\/wp\/v2\/types\/product"}],"wp:featuredmedia":[{"embeddable":true,"href":"https:\/\/www.lomoro.nl\/fr\/wp-json\/wp\/v2\/media\/3090"}],"wp:attachment":[{"href":"https:\/\/www.lomoro.nl\/fr\/wp-json\/wp\/v2\/media?parent=4307"}],"wp:term":[{"taxonomy":"product_brand","embeddable":true,"href":"https:\/\/www.lomoro.nl\/fr\/wp-json\/wp\/v2\/product_brand?post=4307"},{"taxonomy":"product_cat","embeddable":true,"href":"https:\/\/www.lomoro.nl\/fr\/wp-json\/wp\/v2\/product_cat?post=4307"},{"taxonomy":"product_tag","embeddable":true,"href":"https:\/\/www.lomoro.nl\/fr\/wp-json\/wp\/v2\/product_tag?post=4307"}],"curies":[{"name":"wp","href":"https:\/\/api.w.org\/{rel}","templated":true}]}}