{"id":4310,"date":"2024-12-20T11:37:45","date_gmt":"2024-12-20T11:37:45","guid":{"rendered":"https:\/\/lomoro.nl\/?post_type=product&#038;p=4310"},"modified":"2025-02-06T07:59:09","modified_gmt":"2025-02-06T07:59:09","slug":"stropdas-222","status":"publish","type":"product","link":"https:\/\/www.lomoro.nl\/fr\/products\/stropdas-222\/","title":{"rendered":"Cravate noire \u00e0 motif structur\u00e9 rouge"},"content":{"rendered":"<p>La cravate noire avec motif textur\u00e9 rouge est l&rsquo;accessoire parfait pour l&rsquo;homme qui souhaite am\u00e9liorer son style avec une touche subtile mais audacieuse. Le fin motif rouge a \u00e9t\u00e9 soigneusement tiss\u00e9 dans le tissu noir et ajoute de la texture et de la profondeur \u00e0 la cravate, cr\u00e9ant un look sophistiqu\u00e9 et d\u00e9taill\u00e9. Cette cravate est un excellent choix pour les occasions professionnelles, les mariages et autres \u00e9v\u00e9nements formels o\u00f9 vous souhaitez impressionner avec une touche moderne.<\/p>\n<p>Le tissu de haute qualit\u00e9 de cette cravate offre non seulement un look luxueux, mais \u00e9galement un ajustement confortable qui durera toute la journ\u00e9e. Le tissu durable garantit que la cravate conserve sa forme et s&rsquo;adapte parfaitement, tandis que le design offre un look \u00e9l\u00e9gant et styl\u00e9. Que vous souhaitiez cr\u00e9er un look classique ou \u00eatre un peu plus audacieux, cette cravate noire \u00e0 motif textur\u00e9 rouge est un accessoire polyvalent qui s&rsquo;adapte parfaitement \u00e0 diff\u00e9rents styles et tenues.<\/p>\n<table>\n<tbody>\n<tr>\n<td><b>Caract\u00e9ristique<\/b><\/td>\n<td><b>D\u00e9tails<\/b><\/td>\n<\/tr>\n<tr>\n<td><b>Mat\u00e9riau<\/b><\/td>\n<td><span style=\"font-weight: 400;\">Polyester premium<\/span><\/td>\n<\/tr>\n<tr>\n<td><b>Couleur<\/b><\/td>\n<td><span style=\"font-weight: 400;\">Noir avec motif structur\u00e9 rouge<\/span><\/td>\n<\/tr>\n<tr>\n<td><b>Dimensions cravate<\/b><\/td>\n<td><span style=\"font-weight: 400;\">150 cm x 8 cm<\/span><\/td>\n<\/tr>\n<tr>\n<td><b>Entretien<\/b><\/td>\n<td><span style=\"font-weight: 400;\">Lavage \u00e0 la main recommand\u00e9<\/span><\/td>\n<\/tr>\n<\/tbody>\n<\/table>\n","protected":false},"excerpt":{"rendered":"<p>Faites passer votre style formel au niveau sup\u00e9rieur avec la cravate Paisley bleu marine et or, une combinaison sophistiqu\u00e9e de couleurs classiques et un \u00e9l\u00e9gant motif cachemire. Parfaite pour les mariages, les galas et les \u00e9v\u00e9nements d&rsquo;entreprise, cette cravate respire le luxe et la sophistication. L&rsquo;imprim\u00e9 cachemire d\u00e9taill\u00e9 avec des accents dor\u00e9s sur un fond bleu marine donne un look intemporel qui compl\u00e8te n&rsquo;importe quelle tenue. Cette cravate est un incontournable pour les hommes qui veulent rayonner de style et de classe.<\/p>\n<p>\u2702\ufe0f Ajustement parfait, fait sp\u00e9cialement pour vous.<\/p>\n<p>\ud83d\udc54 Des conseils personnalis\u00e9s pour votre look unique.<\/p>\n<p>\ud83e\uddf5 Des mat\u00e9riaux de haute qualit\u00e9 pour un confort ultime.<\/p>\n<p>\ud83c\udfa8 \u00c9l\u00e9gant pour chaque occasion.<\/p>\n<p>\ud83c\udf81 Profitez d&rsquo;un cadeau gratuit \u00e0 chaque visite en magasin !<\/p>\n","protected":false},"featured_media":3093,"template":"","meta":{"_acf_changed":false},"product_brand":[],"product_cat":[151],"product_tag":[],"class_list":{"0":"post-4310","1":"product","2":"type-product","3":"status-publish","4":"has-post-thumbnail","6":"product_cat-stropdas","8":"first","9":"instock","10":"sale","11":"shipping-taxable","12":"purchasable","13":"product-type-simple"},"acf":[],"_links":{"self":[{"href":"https:\/\/www.lomoro.nl\/fr\/wp-json\/wp\/v2\/product\/4310","targetHints":{"allow":["GET"]}}],"collection":[{"href":"https:\/\/www.lomoro.nl\/fr\/wp-json\/wp\/v2\/product"}],"about":[{"href":"https:\/\/www.lomoro.nl\/fr\/wp-json\/wp\/v2\/types\/product"}],"wp:featuredmedia":[{"embeddable":true,"href":"https:\/\/www.lomoro.nl\/fr\/wp-json\/wp\/v2\/media\/3093"}],"wp:attachment":[{"href":"https:\/\/www.lomoro.nl\/fr\/wp-json\/wp\/v2\/media?parent=4310"}],"wp:term":[{"taxonomy":"product_brand","embeddable":true,"href":"https:\/\/www.lomoro.nl\/fr\/wp-json\/wp\/v2\/product_brand?post=4310"},{"taxonomy":"product_cat","embeddable":true,"href":"https:\/\/www.lomoro.nl\/fr\/wp-json\/wp\/v2\/product_cat?post=4310"},{"taxonomy":"product_tag","embeddable":true,"href":"https:\/\/www.lomoro.nl\/fr\/wp-json\/wp\/v2\/product_tag?post=4310"}],"curies":[{"name":"wp","href":"https:\/\/api.w.org\/{rel}","templated":true}]}}