{"id":4324,"date":"2024-12-07T09:40:51","date_gmt":"2024-12-07T09:40:51","guid":{"rendered":"https:\/\/lomoro.nl\/?post_type=product&#038;p=4324"},"modified":"2025-01-04T20:28:33","modified_gmt":"2025-01-04T20:28:33","slug":"3-delig-pak-9","status":"publish","type":"product","link":"https:\/\/www.lomoro.nl\/fr\/products\/3-delig-pak-9\/","title":{"rendered":"Costume 3 pi\u00e8ces vert"},"content":{"rendered":"<section id=\"shopify-section-template--23762923880771__rich_text_kx9yLB\" class=\"shopify-section section\">\n<div class=\"isolate\">\n<div class=\"rich-text content-container color-scheme-1 gradient rich-text--full-width content-container--full-width section-template--23762923880771__rich_text_kx9yLB-padding\">\n<div class=\"rich-text__wrapper rich-text__wrapper--left page-width\">\n<div class=\"rich-text__blocks left\">\n<div class=\"rich-text__text rte scroll-trigger animate--slide-in\" data-cascade=\"\">\n<p>Le costume vert 3 pi\u00e8ces a une couleur verte raffin\u00e9e qui donne une touche fra\u00eeche et moderne aux v\u00eatements formels traditionnels. Ce costume trois pi\u00e8ces se compose d&rsquo;une veste droite, d&rsquo;un gilet ajust\u00e9 et d&rsquo;un pantalon ajust\u00e9, offrant un look coh\u00e9rent et sophistiqu\u00e9 pour toute occasion formelle.<\/p>\n<p>Que vous pr\u00e9pariez un mariage ou assistiez \u00e0 un \u00e9v\u00e9nement chic, ce costume vert est un choix parfait qui ajoute un \u00e9l\u00e9ment de style et de confiance. Associez-le \u00e0 une chemise blanche impeccable ou \u00e0 une cravate assortie pour un look sophistiqu\u00e9 qui convient \u00e0 toutes les occasions.<\/p>\n<table style=\"height: 398px;\" width=\"725\">\n<tbody>\n<tr>\n<td><b>Caract\u00e9ristique<\/b><\/td>\n<td><b>D\u00e9tails<\/b><\/td>\n<\/tr>\n<tr>\n<td><b>Mat\u00e9riau<\/b><\/td>\n<td><span style=\"font-weight: 400;\">Tissus premium et respirants<\/span><\/td>\n<\/tr>\n<tr>\n<td><b>Couleur<\/b><\/td>\n<td><span style=\"font-weight: 400;\">Vert \u00e9l\u00e9gant<\/span><\/td>\n<\/tr>\n<tr>\n<td><b>Tailles disponibles<\/b><\/td>\n<td><span style=\"font-weight: 400;\">Petites tailles 46-62 \/ Grandes tailles 58-72<\/span><\/td>\n<\/tr>\n<tr>\n<td><b>Coupe<\/b><\/td>\n<td><span style=\"font-weight: 400;\">Slim-fit, conception sur mesure<\/span><\/td>\n<\/tr>\n<tr>\n<td><b>Style<\/b><\/td>\n<td><span style=\"font-weight: 400;\">Contemporain avec une \u00e9l\u00e9gance classique<\/span><\/td>\n<\/tr>\n<tr>\n<td><b>Instructions d\u2019entretien<\/b><\/td>\n<td><span style=\"font-weight: 400;\">Nettoyage \u00e0 sec recommand\u00e9<\/span><\/td>\n<\/tr>\n<\/tbody>\n<\/table>\n<\/div>\n<\/div>\n<\/div>\n<\/div>\n<\/div>\n<\/section>\n","protected":false},"excerpt":{"rendered":"<p>Le costume 3 pi\u00e8ces vert est l&rsquo;incarnation parfaite de la sophistication et de l&rsquo;\u00e9l\u00e9gance pour l&rsquo;homme moderne. Con\u00e7u avec un savoir-faire impeccable et des mat\u00e9riaux de haute qualit\u00e9, ce costume trois pi\u00e8ces vert assure une coupe \u00e9l\u00e9gante et confortable pour une vari\u00e9t\u00e9 d&rsquo;occasions. Des mariages aux \u00e9v\u00e9nements d&rsquo;entreprise, ce costume polyvalent vous aidera \u00e0 vous d\u00e9marquer gr\u00e2ce \u00e0 sa couleur rafra\u00eechissante et son design classique.<\/p>\n<p>Ce costume trois pi\u00e8ces vert sign\u00e9 Lomoro est un ensemble soigneusement confectionn\u00e9 con\u00e7u pour offrir \u00e0 la fois style et confort. Ce costume se compose d&rsquo;une veste ajust\u00e9e, d&rsquo;un gilet assorti et d&rsquo;un pantalon classique, tous fabriqu\u00e9s \u00e0 partir de mat\u00e9riaux respirants de haute qualit\u00e9 pour garantir durabilit\u00e9 et look sophistiqu\u00e9. Le design slim met en valeur la silhouette de celui qui le porte, ce qui le rend adapt\u00e9 \u00e0 une vari\u00e9t\u00e9 d&rsquo;occasions formelles telles que les mariages, les r\u00e9unions d&rsquo;affaires et les \u00e9v\u00e9nements sp\u00e9ciaux.<\/p>\n<p>\u2702\ufe0f Ajustement parfait, fait sp\u00e9cialement pour vous.<\/p>\n<p>\ud83d\udc54 Des conseils personnalis\u00e9s pour votre look unique.<\/p>\n<p>\ud83e\uddf5 Des mat\u00e9riaux de haute qualit\u00e9 pour un confort ultime.<\/p>\n<p>\ud83c\udfa8 \u00c9l\u00e9gant pour chaque occasion.<\/p>\n<p>\ud83c\udf81 Profitez d&rsquo;un cadeau gratuit \u00e0 chaque visite en magasin !<\/p>\n","protected":false},"featured_media":1698,"template":"","meta":{"_acf_changed":false},"product_brand":[],"product_cat":[113],"product_tag":[],"class_list":{"0":"post-4324","1":"product","2":"type-product","3":"status-publish","4":"has-post-thumbnail","6":"product_cat-3-delig-kostuums","8":"first","9":"instock","10":"sale","11":"shipping-taxable","12":"purchasable","13":"product-type-simple"},"acf":[],"_links":{"self":[{"href":"https:\/\/www.lomoro.nl\/fr\/wp-json\/wp\/v2\/product\/4324","targetHints":{"allow":["GET"]}}],"collection":[{"href":"https:\/\/www.lomoro.nl\/fr\/wp-json\/wp\/v2\/product"}],"about":[{"href":"https:\/\/www.lomoro.nl\/fr\/wp-json\/wp\/v2\/types\/product"}],"wp:featuredmedia":[{"embeddable":true,"href":"https:\/\/www.lomoro.nl\/fr\/wp-json\/wp\/v2\/media\/1698"}],"wp:attachment":[{"href":"https:\/\/www.lomoro.nl\/fr\/wp-json\/wp\/v2\/media?parent=4324"}],"wp:term":[{"taxonomy":"product_brand","embeddable":true,"href":"https:\/\/www.lomoro.nl\/fr\/wp-json\/wp\/v2\/product_brand?post=4324"},{"taxonomy":"product_cat","embeddable":true,"href":"https:\/\/www.lomoro.nl\/fr\/wp-json\/wp\/v2\/product_cat?post=4324"},{"taxonomy":"product_tag","embeddable":true,"href":"https:\/\/www.lomoro.nl\/fr\/wp-json\/wp\/v2\/product_tag?post=4324"}],"curies":[{"name":"wp","href":"https:\/\/api.w.org\/{rel}","templated":true}]}}