{"id":4369,"date":"2024-12-07T10:29:15","date_gmt":"2024-12-07T10:29:15","guid":{"rendered":"https:\/\/lomoro.nl\/?post_type=product&#038;p=4369"},"modified":"2025-01-05T13:36:53","modified_gmt":"2025-01-05T13:36:53","slug":"trouwpak-26","status":"publish","type":"product","link":"https:\/\/www.lomoro.nl\/fr\/products\/trouwpak-26\/","title":{"rendered":"Costume de mariage classique"},"content":{"rendered":"<p>Vous recherchez le costume de mariage classique parfait ? Vous trouverez ici une vaste collection de costumes de mariage classiques pour hommes, sp\u00e9cialement con\u00e7us pour le mari\u00e9 moderne. Que vous choisissiez un costume noir classique, bleu \u00e9l\u00e9gant ou ivoire, nos costumes sont disponibles dans diff\u00e9rentes couleurs et mati\u00e8res. Chaque costume de mariage classique pour hommes est sp\u00e9cialement con\u00e7u pour un ajustement et un style parfaits. Les experts exp\u00e9riment\u00e9s de Lomoro sont pr\u00eats \u00e0 vous aider \u00e0 faire le bon choix afin que vous puissiez faire une d\u00e9claration lors de votre grand jour. D\u00e9couvrez notre collection et impressionnez avec un costume de mariage classique qui correspond \u00e0 votre personnalit\u00e9.<\/p>\n<p>Le costume de mariage classique bleu est le choix id\u00e9al pour le mari\u00e9 qui recherche une combinaison d&rsquo;\u00e9l\u00e9gance traditionnelle et de confort contemporain. Avec une coupe sur mesure et compos\u00e9 de tissus de haute qualit\u00e9, ce costume offre un look raffin\u00e9 qui \u00e9pouse parfaitement votre corps. Notre collection comprend diff\u00e9rents styles et nuances de bleu, vous trouverez donc toujours un costume qui correspond \u00e0 vos go\u00fbts personnels. Faites une impression inoubliable avec cet \u00e9l\u00e9gant costume de mariage et d\u00e9couvrez le luxe et le savoir-faire que Lomoro a \u00e0 offrir.<\/p>\n<table>\n<thead>\n<tr>\n<th>Caract\u00e9ristique<\/th>\n<th>D\u00e9tails<\/th>\n<\/tr>\n<\/thead>\n<tbody>\n<tr>\n<td>Mat\u00e9riau<\/td>\n<td>Tissus de haute qualit\u00e9<\/td>\n<\/tr>\n<tr>\n<td>Couleur<\/td>\n<td>Bleu<\/td>\n<\/tr>\n<tr>\n<td>Tailles<\/td>\n<td>Jusqu&rsquo;\u00e0 la taille 72<\/td>\n<\/tr>\n<tr>\n<td>Coupe<\/td>\n<td>Sur mesure pour un ajustement parfait<\/td>\n<\/tr>\n<tr>\n<td>Style<\/td>\n<td>Classique avec des accents modernes<\/td>\n<\/tr>\n<tr>\n<td>Entretien<\/td>\n<td>Nettoyage professionnel recommand\u00e9<\/td>\n<\/tr>\n<\/tbody>\n<\/table>\n<p>&nbsp;<\/p>\n","protected":false},"excerpt":{"rendered":"<div class=\"product__tax caption rte\">Faites l\u2019exp\u00e9rience d\u2019une \u00e9l\u00e9gance intemporelle avec notre costume de mariage classique dans une nuance raffin\u00e9e de bleu. Ce costume sur mesure allie style traditionnel et confort moderne, parfait pour le mari\u00e9 qui souhaite un look classique lors de sa journ\u00e9e sp\u00e9ciale. Le costume de mariage classique de Lomoro est un costume de mariage classique pour hommes, con\u00e7u pour le mari\u00e9 moderne. Disponible dans une gamme de couleurs et de mat\u00e9riaux, dont le noir traditionnel, le bleu \u00e9l\u00e9gant et l&rsquo;ivoire, chaque costume est con\u00e7u pour un ajustement et un style parfaits. Les experts exp\u00e9riment\u00e9s de Lomoro sont pr\u00eats \u00e0 vous aider \u00e0 faire le bon choix afin que vous puissiez faire une d\u00e9claration lors de votre journ\u00e9e sp\u00e9ciale.<\/div>\n<div>\n<p><span style=\"font-weight: 400;\">\u2702\ufe0f Ajustement parfait, fait sp\u00e9cialement pour vous.<\/span><\/p>\n<p><span style=\"font-weight: 400;\">\ud83d\udc54 Des conseils personnalis\u00e9s pour votre look unique.<\/span><\/p>\n<p><span style=\"font-weight: 400;\">\ud83e\uddf5 Des mat\u00e9riaux de haute qualit\u00e9 pour un confort ultime.<\/span><\/p>\n<p><span style=\"font-weight: 400;\">\ud83c\udfa8 \u00c9l\u00e9gant pour chaque occasion.<\/span><\/p>\n<p><span style=\"font-weight: 400;\">\ud83c\udf81 Profitez d&rsquo;un cadeau gratuit \u00e0 chaque visite en magasin !<\/span><\/p>\n<\/div>\n","protected":false},"featured_media":1761,"template":"","meta":{"_acf_changed":false},"product_brand":[],"product_cat":[153],"product_tag":[],"class_list":{"0":"post-4369","1":"product","2":"type-product","3":"status-publish","4":"has-post-thumbnail","6":"product_cat-trouwpak-voor-mannen","8":"first","9":"instock","10":"sale","11":"shipping-taxable","12":"purchasable","13":"product-type-simple"},"acf":[],"_links":{"self":[{"href":"https:\/\/www.lomoro.nl\/fr\/wp-json\/wp\/v2\/product\/4369","targetHints":{"allow":["GET"]}}],"collection":[{"href":"https:\/\/www.lomoro.nl\/fr\/wp-json\/wp\/v2\/product"}],"about":[{"href":"https:\/\/www.lomoro.nl\/fr\/wp-json\/wp\/v2\/types\/product"}],"wp:featuredmedia":[{"embeddable":true,"href":"https:\/\/www.lomoro.nl\/fr\/wp-json\/wp\/v2\/media\/1761"}],"wp:attachment":[{"href":"https:\/\/www.lomoro.nl\/fr\/wp-json\/wp\/v2\/media?parent=4369"}],"wp:term":[{"taxonomy":"product_brand","embeddable":true,"href":"https:\/\/www.lomoro.nl\/fr\/wp-json\/wp\/v2\/product_brand?post=4369"},{"taxonomy":"product_cat","embeddable":true,"href":"https:\/\/www.lomoro.nl\/fr\/wp-json\/wp\/v2\/product_cat?post=4369"},{"taxonomy":"product_tag","embeddable":true,"href":"https:\/\/www.lomoro.nl\/fr\/wp-json\/wp\/v2\/product_tag?post=4369"}],"curies":[{"name":"wp","href":"https:\/\/api.w.org\/{rel}","templated":true}]}}