{"id":4372,"date":"2024-12-07T10:07:55","date_gmt":"2024-12-07T10:07:55","guid":{"rendered":"https:\/\/lomoro.nl\/?post_type=product&#038;p=4372"},"modified":"2025-01-05T14:11:09","modified_gmt":"2025-01-05T14:11:09","slug":"trouwpak-21","status":"publish","type":"product","link":"https:\/\/www.lomoro.nl\/fr\/products\/trouwpak-21\/","title":{"rendered":"Costume de mariage gris classique"},"content":{"rendered":"<p>Le costume de mariage gris classique est le choix id\u00e9al pour le mari\u00e9 qui recherche une combinaison d&rsquo;\u00e9l\u00e9gance traditionnelle et de confort contemporain. Avec une coupe sur mesure et compos\u00e9 de tissus de haute qualit\u00e9, ce costume offre un look raffin\u00e9 qui \u00e9pouse parfaitement votre corps. Notre collection comprend diff\u00e9rents styles et nuances de gris, vous trouverez donc toujours un costume qui correspond \u00e0 vos go\u00fbts personnels. Faites une impression inoubliable avec cet \u00e9l\u00e9gant costume de mariage et d\u00e9couvrez le luxe et le savoir-faire que Lomoro a \u00e0 Le costume de mariage gris classique est le choix id\u00e9al pour le mari\u00e9 qui recherche une combinaison d&rsquo;\u00e9l\u00e9gance traditionnelle et de confort contemporain. Avec une coupe sur mesure et compos\u00e9 de tissus de haute qualit\u00e9, ce costume offre un look raffin\u00e9 qui \u00e9pouse parfaitement votre corps. Notre collection comprend diff\u00e9rents styles et nuances de gris, vous trouverez donc toujours un costume qui correspond \u00e0 vos go\u00fbts personnels. Faites une impression inoubliable avec cet \u00e9l\u00e9gant costume de mariage et d\u00e9couvrez le luxe et le savoir-faire que Lomoro a \u00e0 offrir.<\/p>\n<table>\n<thead>\n<tr>\n<th>Caract\u00e9ristique<\/th>\n<th>D\u00e9tails<\/th>\n<\/tr>\n<\/thead>\n<tbody>\n<tr>\n<td>Mat\u00e9riau<\/td>\n<td>Tissus de haute qualit\u00e9<\/td>\n<\/tr>\n<tr>\n<td>Couleur<\/td>\n<td>Gris<\/td>\n<\/tr>\n<tr>\n<td>Tailles Disponibles<\/td>\n<td>Jusqu&rsquo;\u00e0 la taille 72<\/td>\n<\/tr>\n<tr>\n<td>Coupe<\/td>\n<td>Sur mesure pour un ajustement parfait<\/td>\n<\/tr>\n<tr>\n<td>Style<\/td>\n<td>Classique avec des touches modernes<\/td>\n<\/tr>\n<tr>\n<td>Entretien<\/td>\n<td>Nettoyage professionnel recommand\u00e9<\/td>\n<\/tr>\n<\/tbody>\n<\/table>\n<p>&nbsp;<\/p>\n","protected":false},"excerpt":{"rendered":"<p>D\u00e9couvrez l&rsquo;\u00e9l\u00e9gance intemporelle avec notre costume de mariage gris classique. Ce costume sur mesure allie style traditionnel et confort moderne, parfait pour le mari\u00e9 qui souhaite un look classique lors de sa journ\u00e9e sp\u00e9ciale. La veste \u00e0 boutonnage simple est dot\u00e9e d&rsquo;une fermeture \u00e0 deux boutons, de revers dentel\u00e9s et d&rsquo;une fente centrale. Le cardigan assorti ajoute une touche de formalit\u00e9 avec son style \u00e0 six boutons et son bas droit. Le pantalon sans pinces, \u00e9galement dans le m\u00eame tissu gris, compl\u00e8te l&rsquo;ensemble. Ce costume polyvalent convient \u00e0 une vari\u00e9t\u00e9 d\u2019occasions formelles et de contextes professionnels, offrant un look sophistiqu\u00e9 et intemporel.<\/p>\n<p><span style=\"font-weight: 400;\">\u2702\ufe0f Ajustement parfait, fait sp\u00e9cialement pour vous.<\/span><\/p>\n<p><span style=\"font-weight: 400;\">\ud83d\udc54 Des conseils personnalis\u00e9s pour votre look unique.<\/span><\/p>\n<p><span style=\"font-weight: 400;\">\ud83e\uddf5 Des mat\u00e9riaux de haute qualit\u00e9 pour un confort ultime.<\/span><\/p>\n<p><span style=\"font-weight: 400;\">\ud83c\udfa8 \u00c9l\u00e9gant pour chaque occasion.<\/span><\/p>\n<p><span style=\"font-weight: 400;\">\ud83c\udf81 Profitez d&rsquo;un cadeau gratuit \u00e0 chaque visite en magasin !<\/span><\/p>\n","protected":false},"featured_media":1737,"template":"","meta":{"_acf_changed":false},"product_brand":[],"product_cat":[153],"product_tag":[],"class_list":{"0":"post-4372","1":"product","2":"type-product","3":"status-publish","4":"has-post-thumbnail","6":"product_cat-trouwpak-voor-mannen","8":"first","9":"instock","10":"sale","11":"shipping-taxable","12":"purchasable","13":"product-type-simple"},"acf":[],"_links":{"self":[{"href":"https:\/\/www.lomoro.nl\/fr\/wp-json\/wp\/v2\/product\/4372","targetHints":{"allow":["GET"]}}],"collection":[{"href":"https:\/\/www.lomoro.nl\/fr\/wp-json\/wp\/v2\/product"}],"about":[{"href":"https:\/\/www.lomoro.nl\/fr\/wp-json\/wp\/v2\/types\/product"}],"wp:featuredmedia":[{"embeddable":true,"href":"https:\/\/www.lomoro.nl\/fr\/wp-json\/wp\/v2\/media\/1737"}],"wp:attachment":[{"href":"https:\/\/www.lomoro.nl\/fr\/wp-json\/wp\/v2\/media?parent=4372"}],"wp:term":[{"taxonomy":"product_brand","embeddable":true,"href":"https:\/\/www.lomoro.nl\/fr\/wp-json\/wp\/v2\/product_brand?post=4372"},{"taxonomy":"product_cat","embeddable":true,"href":"https:\/\/www.lomoro.nl\/fr\/wp-json\/wp\/v2\/product_cat?post=4372"},{"taxonomy":"product_tag","embeddable":true,"href":"https:\/\/www.lomoro.nl\/fr\/wp-json\/wp\/v2\/product_tag?post=4372"}],"curies":[{"name":"wp","href":"https:\/\/api.w.org\/{rel}","templated":true}]}}