{"id":4382,"date":"2024-12-07T08:58:29","date_gmt":"2024-12-07T08:58:29","guid":{"rendered":"https:\/\/lomoro.nl\/?post_type=product&#038;p=4382"},"modified":"2025-01-05T15:33:10","modified_gmt":"2025-01-05T15:33:10","slug":"trouwpak-5","status":"publish","type":"product","link":"https:\/\/www.lomoro.nl\/fr\/products\/trouwpak-5\/","title":{"rendered":"Costume De Mariage Beige Clair"},"content":{"rendered":"<section id=\"shopify-section-template--23762923880771__rich_text_kx9yLB\" class=\"shopify-section section\">\n<div class=\"isolate\">\n<div class=\"rich-text content-container color-scheme-1 gradient rich-text--full-width content-container--full-width section-template--23762923880771__rich_text_kx9yLB-padding\">\n<div class=\"rich-text__wrapper rich-text__wrapper--left page-width\">\n<div class=\"rich-text__blocks left\">\n<div class=\"rich-text__text rte scroll-trigger animate--slide-in\" data-cascade=\"\">\n<p>Le costume de mariage beige clair est le choix id\u00e9al pour le mari\u00e9 qui recherche une combinaison d&rsquo;\u00e9l\u00e9gance classique et de confort contemporain. Avec une coupe sur mesure et compos\u00e9 de tissus de haute qualit\u00e9, ce costume offre un look raffin\u00e9 qui \u00e9pouse parfaitement votre corps. Notre collection comprend diff\u00e9rents styles et nuances de beige, vous trouverez donc toujours un costume qui correspond \u00e0 vos go\u00fbts personnels. Faites une impression inoubliable avec cet \u00e9l\u00e9gant costume de mariage et d\u00e9couvrez le luxe et le savoir-faire que Lomoro a \u00e0 offrir.<\/p>\n<p>Rendez votre grand jour inoubliable avec notre costume de mariage beige clair. Ce costume sur mesure offre une coupe parfaite et d\u00e9gage une \u00e9l\u00e9gance intemporelle. Id\u00e9al pour les mari\u00e9s modernes qui souhaitent allier confort et style. Notre costume de mariage beige clair pour homme a \u00e9t\u00e9 soigneusement con\u00e7u pour donner un look \u00e9l\u00e9gant, avec une attention aux d\u00e9tails et des mat\u00e9riaux de haute qualit\u00e9. Que vous optiez pour un look classique ou tendance, ce costume de mariage beige vous mettra en valeur. D\u00e9couvrez la sophistication des costumes de mariage pour hommes et brillez lors de votre journ\u00e9e sp\u00e9ciale.<\/p>\n<table>\n<thead>\n<tr>\n<th>Caract\u00e9ristique<\/th>\n<th>D\u00e9tails<\/th>\n<\/tr>\n<\/thead>\n<tbody>\n<tr>\n<td>Mat\u00e9riau<\/td>\n<td>Tissus de haute qualit\u00e9<\/td>\n<\/tr>\n<tr>\n<td>Couleur<\/td>\n<td>Beige clair<\/td>\n<\/tr>\n<tr>\n<td>Tailles Disponibles<\/td>\n<td>Jusqu&rsquo;\u00e0 la taille 72<\/td>\n<\/tr>\n<tr>\n<td>Coupe<\/td>\n<td>Ajust\u00e9e pour un ajustement parfait<\/td>\n<\/tr>\n<tr>\n<td>Style<\/td>\n<td>Classique avec des accents modernes<\/td>\n<\/tr>\n<tr>\n<td>Entretien<\/td>\n<td>Nettoyage professionnel recommand\u00e9<\/td>\n<\/tr>\n<\/tbody>\n<\/table>\n<\/div>\n<\/div>\n<\/div>\n<\/div>\n<\/div>\n<\/section>\n","protected":false},"excerpt":{"rendered":"<div class=\"product__tax caption rte\">D\u00e9couvrez l&rsquo;\u00e9l\u00e9gance intemporelle avec notre costume de mariage beige clair. Ce costume sur mesure allie style classique et confort moderne, parfait pour le mari\u00e9 qui souhaite un look sophistiqu\u00e9 lors de sa journ\u00e9e sp\u00e9ciale. Le \u00ab\u00a0Light Beige Wedding Suit\u00a0\u00bb est un \u00e9l\u00e9gant costume trois pi\u00e8ces beige clair, avec une veste \u00e0 boutonnage simple avec une fermeture \u00e0 deux boutons, des revers crant\u00e9s et une fente centrale. Le gilet \u00e0 six boutons ajoute de la formalit\u00e9, tandis que le pantalon \u00e0 devant plat offre une coupe ajust\u00e9e et ajust\u00e9e. Parfait pour les mariages et les \u00e9v\u00e9nements formels, ce costume offre un look intemporel et sophistiqu\u00e9.<\/div>\n<div>\n<p><span style=\"font-weight: 400;\">\u2702\ufe0f Ajustement parfait, fait sp\u00e9cialement pour vous.<\/span><\/p>\n<p><span style=\"font-weight: 400;\">\ud83d\udc54 Des conseils personnalis\u00e9s pour votre look unique.<\/span><\/p>\n<p><span style=\"font-weight: 400;\">\ud83e\uddf5 Des mat\u00e9riaux de haute qualit\u00e9 pour un confort ultime.<\/span><\/p>\n<p><span style=\"font-weight: 400;\">\ud83c\udfa8 \u00c9l\u00e9gant pour chaque occasion.<\/span><\/p>\n<p><span style=\"font-weight: 400;\">\ud83c\udf81 Profitez d&rsquo;un cadeau gratuit \u00e0 chaque visite en magasin !<\/span><\/p>\n<\/div>\n","protected":false},"featured_media":1659,"template":"","meta":{"_acf_changed":false},"product_brand":[],"product_cat":[153],"product_tag":[],"class_list":{"0":"post-4382","1":"product","2":"type-product","3":"status-publish","4":"has-post-thumbnail","6":"product_cat-trouwpak-voor-mannen","8":"first","9":"instock","10":"sale","11":"shipping-taxable","12":"purchasable","13":"product-type-simple"},"acf":[],"_links":{"self":[{"href":"https:\/\/www.lomoro.nl\/fr\/wp-json\/wp\/v2\/product\/4382","targetHints":{"allow":["GET"]}}],"collection":[{"href":"https:\/\/www.lomoro.nl\/fr\/wp-json\/wp\/v2\/product"}],"about":[{"href":"https:\/\/www.lomoro.nl\/fr\/wp-json\/wp\/v2\/types\/product"}],"wp:featuredmedia":[{"embeddable":true,"href":"https:\/\/www.lomoro.nl\/fr\/wp-json\/wp\/v2\/media\/1659"}],"wp:attachment":[{"href":"https:\/\/www.lomoro.nl\/fr\/wp-json\/wp\/v2\/media?parent=4382"}],"wp:term":[{"taxonomy":"product_brand","embeddable":true,"href":"https:\/\/www.lomoro.nl\/fr\/wp-json\/wp\/v2\/product_brand?post=4382"},{"taxonomy":"product_cat","embeddable":true,"href":"https:\/\/www.lomoro.nl\/fr\/wp-json\/wp\/v2\/product_cat?post=4382"},{"taxonomy":"product_tag","embeddable":true,"href":"https:\/\/www.lomoro.nl\/fr\/wp-json\/wp\/v2\/product_tag?post=4382"}],"curies":[{"name":"wp","href":"https:\/\/api.w.org\/{rel}","templated":true}]}}